{"id":48577,"date":"2023-05-24T17:56:43","date_gmt":"2023-05-24T17:56:43","guid":{"rendered":"https:\/\/skinstudio.ee\/?post_type=product&#038;p=48577"},"modified":"2026-02-26T14:34:14","modified_gmt":"2026-02-26T14:34:14","slug":"pre-treatment-toner","status":"publish","type":"product","link":"https:\/\/skinstudio.ee\/lv\/catalog\/hydropeptide-lv\/pre-treatment-toner\/","title":{"rendered":"Pre-Treatment Toner"},"content":{"rendered":"<p data-start=\"3308\" data-end=\"3626\"><strong data-start=\"3308\" data-end=\"3347\">Pre-Treatment Toner no HydroPeptide<\/strong> &#8211; aktiviz\u0113jo\u0161s toniks ar piensk\u0101bi, hialuronsk\u0101bi, pept\u012bdiem un augu kompleksiem, kas paredz\u0113ts t\u016bl\u012bt\u0113jai \u0101das atsvaidzin\u0101\u0161anai, mitrin\u0101\u0161anai un sagatavo\u0161anai turpm\u0101kai kop\u0161anai. Formula pal\u012bdz uzlabot \u0101das tekst\u016bru, atbalsta \u0101das toni un palielina n\u0101kamo produktu efektivit\u0101ti.<\/p>\n<p data-start=\"3628\" data-end=\"3887\">Toniks nodro\u0161ina maigu atjaunojo\u0161u iedarb\u012bbu, pal\u012bdz izl\u012bdzin\u0101t \u0101das toni un samazin\u0101t poru un s\u012bko grumbi\u0146u redzam\u012bbu. Antioksidantu un nomierino\u0161u ekstraktu komplekss pal\u012bdz mazin\u0101t kairin\u0101jumu, uztur \u0101das l\u012bdzsvaru un pie\u0161\u0137ir svaig\u0101ku, starojo\u0161\u0101ku izskatu.<\/p>\n<p data-start=\"3889\" data-end=\"3913\"><strong data-start=\"3889\" data-end=\"3913\">Akt\u012bv\u0101s sast\u0101vda\u013cas:<\/strong><\/p>\n<ul data-start=\"3915\" data-end=\"4212\">\n<li data-start=\"3915\" data-end=\"4023\">\n<p data-start=\"3917\" data-end=\"4023\"><strong data-start=\"3917\" data-end=\"3938\">Citrustem Complex<\/strong> &#8211; antioksidantu komplekss, kas uzlabo \u0101das toni un aizsarg\u0101 pret oksidat\u012bvo stresu<\/p>\n<\/li>\n<li data-start=\"4024\" data-end=\"4125\">\n<p data-start=\"4026\" data-end=\"4125\"><strong data-start=\"4026\" data-end=\"4080\">Melfade (Bearberry Extract + Stabilized Vitamin C)<\/strong> &#8211; veicina izgaismo\u0161anu un kolag\u0113na sint\u0113zi<\/p>\n<\/li>\n<li data-start=\"4126\" data-end=\"4212\">\n<p data-start=\"4128\" data-end=\"4212\"><strong data-start=\"4128\" data-end=\"4156\">Hyadisine Marine Complex<\/strong> &#8211; intens\u012bva mitrin\u0101\u0161ana un ilgsto\u0161a mitruma saglab\u0101\u0161ana<\/p>\n<\/li>\n<\/ul>\n<p data-start=\"4214\" data-end=\"4310\"><strong data-start=\"4214\" data-end=\"4232\">Kam piem\u0113rots:<\/strong> visiem \u0101das tipiem; \u012bpa\u0161i bl\u0101vai, dehidr\u0113tai un nevienm\u0113r\u012bgas tekst\u016bras \u0101dai.<\/p>\n<p data-start=\"4312\" data-end=\"4339\"><strong data-start=\"4312\" data-end=\"4324\">Tilpums:<\/strong> 200 ml<\/p>\n","protected":false},"excerpt":{"rendered":"<p data-start=\"4597\" data-end=\"4644\">Aktiviz\u0113jo\u0161s toniks ar sp\u0113c\u012bgu mitrino\u0161u efektu<\/p>\n<h2 data-start=\"4646\" data-end=\"4693\"><strong data-start=\"4646\" data-end=\"4693\">\u012apa\u0161\u012bbas HydroPeptide &#8211; Pre-Treatment Toner<\/strong><\/h2>\n<p data-start=\"4695\" data-end=\"4870\">\u2714\ufe0f Sagatavo \u0101du akt\u012bvai kop\u0161anai<br data-start=\"4727\" data-end=\"4730\" \/>\u2714\ufe0f Maigi atjauno un izl\u012bdzina toni<br data-start=\"4764\" data-end=\"4767\" \/>\u2714\ufe0f Mitrina un uztur \u0101das l\u012bdzsvaru<br data-start=\"4801\" data-end=\"4804\" \/>\u2714\ufe0f Uzlabo tekst\u016bru un svaigumu<br data-start=\"4834\" data-end=\"4837\" \/>\u2714\ufe0f Piem\u0113rots ikdienas toniz\u0113\u0161anai<\/p>\n","protected":false},"featured_media":61913,"template":"","meta":[],"pwb-brand":[1211],"product_brand":[],"product_cat":[745,749,751,739,721,753],"product_tag":[],"giftcard-category":[],"class_list":{"0":"post-48577","1":"product","2":"type-product","3":"status-publish","4":"has-post-thumbnail","6":"pwb-brand-hydropeptide-lv","7":"product_cat-jutigai-adai","8":"product_cat-novecojosa-ada","9":"product_cat-pigmentacija-lv","10":"product_cat-sausai-adai","11":"product_cat-toniki-lv","12":"product_cat-travel-size-lv","14":"first","15":"instock","16":"taxable","17":"shipping-taxable","18":"purchasable","19":"product-type-simple"},"acf":[],"brands":[{"id":1211,"name":"HydroPeptide","slug":"hydropeptide-lv"}],"_links":{"self":[{"href":"https:\/\/skinstudio.ee\/lv\/wp-json\/wp\/v2\/product\/48577","targetHints":{"allow":["GET"]}}],"collection":[{"href":"https:\/\/skinstudio.ee\/lv\/wp-json\/wp\/v2\/product"}],"about":[{"href":"https:\/\/skinstudio.ee\/lv\/wp-json\/wp\/v2\/types\/product"}],"version-history":[{"count":3,"href":"https:\/\/skinstudio.ee\/lv\/wp-json\/wp\/v2\/product\/48577\/revisions"}],"predecessor-version":[{"id":83747,"href":"https:\/\/skinstudio.ee\/lv\/wp-json\/wp\/v2\/product\/48577\/revisions\/83747"}],"wp:featuredmedia":[{"embeddable":true,"href":"https:\/\/skinstudio.ee\/lv\/wp-json\/wp\/v2\/media\/61913"}],"wp:attachment":[{"href":"https:\/\/skinstudio.ee\/lv\/wp-json\/wp\/v2\/media?parent=48577"}],"wp:term":[{"taxonomy":"pwb-brand","embeddable":true,"href":"https:\/\/skinstudio.ee\/lv\/wp-json\/wp\/v2\/pwb-brand?post=48577"},{"taxonomy":"product_brand","embeddable":true,"href":"https:\/\/skinstudio.ee\/lv\/wp-json\/wp\/v2\/product_brand?post=48577"},{"taxonomy":"product_cat","embeddable":true,"href":"https:\/\/skinstudio.ee\/lv\/wp-json\/wp\/v2\/product_cat?post=48577"},{"taxonomy":"product_tag","embeddable":true,"href":"https:\/\/skinstudio.ee\/lv\/wp-json\/wp\/v2\/product_tag?post=48577"},{"taxonomy":"giftcard-category","embeddable":true,"href":"https:\/\/skinstudio.ee\/lv\/wp-json\/wp\/v2\/giftcard-category?post=48577"}],"curies":[{"name":"wp","href":"https:\/\/api.w.org\/{rel}","templated":true}]}}