{"id":48592,"date":"2025-03-26T12:45:58","date_gmt":"2025-03-26T12:45:58","guid":{"rendered":"https:\/\/skinstudio.ee\/?post_type=product&#038;p=48592"},"modified":"2026-03-13T13:29:41","modified_gmt":"2026-03-13T13:29:41","slug":"hydraflora","status":"publish","type":"product","link":"https:\/\/skinstudio.ee\/lv\/catalog\/hydropeptide\/hydraflora\/","title":{"rendered":"HydraFlora"},"content":{"rendered":"<p data-start=\"6\" data-end=\"292\"><strong data-start=\"6\" data-end=\"36\">HydraFlora no HydroPeptide<\/strong> &#8211; probiotiska esence-toniks, kas paredz\u0113ts intens\u012bvai \u0101das mitrin\u0101\u0161anai, l\u012bdzsvara atjauno\u0161anai un \u0101das kop\u0113j\u0101s kvalit\u0101tes uzlabo\u0161anai. Formula ar pre- un probiotiskiem komponentiem pal\u012bdz uztur\u0113t vesel\u012bgu \u0101das mikrofloru un stiprin\u0101t \u0101das aizsargbarjeru.<\/p>\n<p data-start=\"294\" data-end=\"621\">Esence apvieno mitrino\u0161as sast\u0101vda\u013cas, augu antioksidantus un maigus poras sa\u0161aurino\u0161us komponentus, kas pal\u012bdz uzlabot \u0101das tekst\u016bru un pie\u0161\u0137irt tai svaig\u0101ku un starojo\u0161\u0101ku izskatu. L\u012bdzekli var lietot k\u0101 patst\u0101v\u012bgu toniku vai uzkl\u0101t p\u0113c tonika k\u0101 papildu mitrino\u0161u soli, lai pastiprin\u0101tu turpm\u0101ko kop\u0161anas l\u012bdzek\u013cu iedarb\u012bbu.<\/p>\n<p data-start=\"623\" data-end=\"727\">Augu ekstraktu komplekss pal\u012bdz uztur\u0113t \u0101das l\u012bdzsvaru, samazin\u0101t noguruma paz\u012bmes un uzlabot \u0101das toni.<\/p>\n<p data-start=\"729\" data-end=\"759\"><strong data-start=\"729\" data-end=\"759\">Akt\u012bvo komponentu darb\u012bba:<\/strong><\/p>\n<p data-start=\"761\" data-end=\"908\">\u2022 <strong data-start=\"763\" data-end=\"804\">ProRenew Complex CLR\u2122 + Lactobacillus<\/strong>: probiotiskais komplekss, kas pal\u012bdz uztur\u0113t vesel\u012bgu \u0101das mikrofloru un stiprina \u0101das aizsargbarjeru<\/p>\n<p data-start=\"910\" data-end=\"1054\">\u2022 <strong data-start=\"912\" data-end=\"958\">Coconut Water + Blue Agave + Cactus Flower<\/strong>: dab\u012bgi savelko\u0161i komponenti, kas pal\u012bdz samazin\u0101t poru redzam\u012bbu un izl\u012bdzin\u0101t \u0101das tekst\u016bru<\/p>\n<p data-start=\"1056\" data-end=\"1161\">\u2022 <strong data-start=\"1058\" data-end=\"1080\">Actiphyte\u00ae Complex<\/strong>: augu antioksidantu komplekss, kas pal\u012bdz aizsarg\u0101t \u0101du un uzlabot t\u0101s izskatu<\/p>\n<p data-start=\"1163\" data-end=\"1301\"><strong data-start=\"1163\" data-end=\"1191\">Kam piem\u0113rota HydraFlora<\/strong>: visiem \u0101das tipiem, \u012bpa\u0161i bl\u0101vai, noguru\u0161ai \u0101dai, k\u0101 ar\u012b pie tonusa zuduma, pigment\u0101cijas un dehidrat\u0101cijas.<\/p>\n<p data-start=\"1303\" data-end=\"1322\"><strong data-start=\"1303\" data-end=\"1315\">Tilpums:<\/strong> 118 ml<\/p>\n","protected":false},"excerpt":{"rendered":"<p data-start=\"1586\" data-end=\"1614\">Probiotiska mitrino\u0161a esence<\/p>\n<h2 data-start=\"1616\" data-end=\"1654\"><strong data-start=\"1616\" data-end=\"1654\">\u012apa\u0161\u012bbas HydroPeptide &#8211; HydraFlora<\/strong><\/h2>\n<p data-start=\"1656\" data-end=\"1899\">\u2714\ufe0f Intens\u012bvi mitrina un pal\u012bdz uztur\u0113t \u0101das l\u012bdzsvaru<br data-start=\"1709\" data-end=\"1712\" \/>\u2714\ufe0f Pie\u0161\u0137ir \u0101dai svaigumu un dabisku mirdzumu<br data-start=\"1756\" data-end=\"1759\" \/>\u2714\ufe0f Pal\u012bdz samazin\u0101t poru redzam\u012bbu un izl\u012bdzin\u0101t tekst\u016bru<br data-start=\"1816\" data-end=\"1819\" \/>\u2714\ufe0f Atbalsta vesel\u012bgu \u0101das mikrofloru<br data-start=\"1855\" data-end=\"1858\" \/>\u2714\ufe0f Uzlabo \u0101das kop\u0113jo toni un kvalit\u0101ti<\/p>\n","protected":false},"featured_media":61663,"template":"","meta":[],"pwb-brand":[1211],"product_brand":[],"product_cat":[745,721],"product_tag":[],"giftcard-category":[],"class_list":{"0":"post-48592","1":"product","2":"type-product","3":"status-publish","4":"has-post-thumbnail","6":"pwb-brand-hydropeptide","7":"product_cat-jutigai-adai","8":"product_cat-toniki-lv","10":"first","11":"instock","12":"taxable","13":"shipping-taxable","14":"purchasable","15":"product-type-simple"},"acf":[],"brands":[{"id":1211,"name":"HydroPeptide","slug":"hydropeptide"}],"_links":{"self":[{"href":"https:\/\/skinstudio.ee\/lv\/wp-json\/wp\/v2\/product\/48592","targetHints":{"allow":["GET"]}}],"collection":[{"href":"https:\/\/skinstudio.ee\/lv\/wp-json\/wp\/v2\/product"}],"about":[{"href":"https:\/\/skinstudio.ee\/lv\/wp-json\/wp\/v2\/types\/product"}],"version-history":[{"count":1,"href":"https:\/\/skinstudio.ee\/lv\/wp-json\/wp\/v2\/product\/48592\/revisions"}],"predecessor-version":[{"id":85714,"href":"https:\/\/skinstudio.ee\/lv\/wp-json\/wp\/v2\/product\/48592\/revisions\/85714"}],"wp:featuredmedia":[{"embeddable":true,"href":"https:\/\/skinstudio.ee\/lv\/wp-json\/wp\/v2\/media\/61663"}],"wp:attachment":[{"href":"https:\/\/skinstudio.ee\/lv\/wp-json\/wp\/v2\/media?parent=48592"}],"wp:term":[{"taxonomy":"pwb-brand","embeddable":true,"href":"https:\/\/skinstudio.ee\/lv\/wp-json\/wp\/v2\/pwb-brand?post=48592"},{"taxonomy":"product_brand","embeddable":true,"href":"https:\/\/skinstudio.ee\/lv\/wp-json\/wp\/v2\/product_brand?post=48592"},{"taxonomy":"product_cat","embeddable":true,"href":"https:\/\/skinstudio.ee\/lv\/wp-json\/wp\/v2\/product_cat?post=48592"},{"taxonomy":"product_tag","embeddable":true,"href":"https:\/\/skinstudio.ee\/lv\/wp-json\/wp\/v2\/product_tag?post=48592"},{"taxonomy":"giftcard-category","embeddable":true,"href":"https:\/\/skinstudio.ee\/lv\/wp-json\/wp\/v2\/giftcard-category?post=48592"}],"curies":[{"name":"wp","href":"https:\/\/api.w.org\/{rel}","templated":true}]}}