{"id":48597,"date":"2023-05-24T17:56:48","date_gmt":"2023-05-24T17:56:48","guid":{"rendered":"https:\/\/skinstudio.ee\/?post_type=product&#038;p=48597"},"modified":"2026-03-16T13:23:39","modified_gmt":"2026-03-16T13:23:39","slug":"hydroactive-cleanse","status":"publish","type":"product","link":"https:\/\/skinstudio.ee\/lv\/catalog\/hydropeptide-lv\/hydroactive-cleanse\/","title":{"rendered":"HydroActive Cleanse"},"content":{"rendered":"<p data-start=\"48\" data-end=\"353\"><strong data-start=\"48\" data-end=\"87\">HydroActive Cleanse no HydroPeptide<\/strong> &#8211; micel\u0101rie att\u012bro\u0161ie salvetes, kas maigi un efekt\u012bvi no\u0146em kosm\u0113tiku, lieko sebumu un ikdienas net\u012brumus, netrauc\u0113jot \u0101das dabisko aizsargbarjeru. Viegl\u0101 micel\u0101r\u0101 formula vien\u0101 sol\u012b no\u0146em kosm\u0113tiku un pies\u0101r\u0146ojuma da\u013ci\u0146as, atst\u0101jot \u0101du t\u012bru, svaigu un komfortablu.<\/p>\n<p data-start=\"355\" data-end=\"662\">Micel\u0101r\u0101s tehnolo\u0123ijas un patent\u0113t\u0101s HydrO18\u2122 Activated Water kombin\u0101cija ar mitrumu l\u012bdzsvarojo\u0161iem pept\u012bdiem pal\u012bdz uztur\u0113t optim\u0101lu \u0101das mitrin\u0101\u0161anas l\u012bmeni att\u012br\u012b\u0161anas laik\u0101. Antioksidanti un augu ekstrakti pal\u012bdz aizsarg\u0101t \u0101du no br\u012bvo radik\u0101\u013cu iedarb\u012bbas un veicina vienm\u0113r\u012bg\u0101ku, vesel\u012bg\u0101ku \u0101das toni.<\/p>\n<p data-start=\"664\" data-end=\"801\">Akt\u012bv\u0101s sast\u0101vda\u013cas nodro\u0161ina maigu att\u012br\u012b\u0161anu, vienlaikus atbalstot \u0101das aizsargbarjeru un pal\u012bdzot saglab\u0101t t\u0101s maigumu un mitrin\u0101\u0161anu.<\/p>\n<p data-start=\"803\" data-end=\"834\"><strong data-start=\"803\" data-end=\"834\">Akt\u012bvo komponentu iedarb\u012bba<\/strong><\/p>\n<p data-start=\"836\" data-end=\"1216\">\u2022 <strong data-start=\"838\" data-end=\"857\">Micellar Water:<\/strong> micellas satver kosm\u0113tiku, lieko sebumu un net\u012brumus, nodro\u0161inot efekt\u012bvu att\u012br\u012b\u0161anu bez \u0101das barjeras boj\u0101\u0161anas.<br data-start=\"971\" data-end=\"974\" \/>\u2022 <strong data-start=\"976\" data-end=\"1005\">HydrO18\u2122 Activated Water:<\/strong> patent\u0113ta tehnolo\u0123ija, kas pal\u012bdz uztur\u0113t optim\u0101lu \u0101das mitruma l\u012bmeni un stiprina \u0101das aizsargbarjeru.<br data-start=\"1109\" data-end=\"1112\" \/>\u2022 <strong data-start=\"1114\" data-end=\"1138\">Hydrolyzed Collagen:<\/strong> mitrumu piesaisto\u0161s komponents, kas pal\u012bdz saglab\u0101t \u0101das gludumu un komfortu.<\/p>\n<p data-start=\"1218\" data-end=\"1357\"><strong data-start=\"1218\" data-end=\"1256\">Kam piem\u0113rots HydroActive Cleanse:<\/strong> visiem \u0101das tipiem, tostarp jut\u012bgai \u0101dai, \u0101trai un maigai \u0101das att\u012br\u012b\u0161anai un kosm\u0113tikas no\u0146em\u0161anai.<\/p>\n<p data-start=\"1359\" data-end=\"1379\"><strong data-start=\"1359\" data-end=\"1379\">Tilpums: 30 gab.<\/strong><\/p>\n","protected":false},"excerpt":{"rendered":"<p data-start=\"1711\" data-end=\"1739\">Micel\u0101r\u0101s att\u012bro\u0161\u0101s salvetes<\/p>\n<h2 data-start=\"1741\" data-end=\"1788\"><strong data-start=\"1741\" data-end=\"1788\">\u012apa\u0161\u012bbas HydroPeptide &#8211; HydroActive Cleanse<\/strong><\/h2>\n<p data-start=\"1790\" data-end=\"2004\">\u2714\ufe0f \u0100tri no\u0146em kosm\u0113tiku un ikdienas net\u012brumus<br data-start=\"1835\" data-end=\"1838\" \/>\u2714\ufe0f Att\u012bra \u0101du bez sausuma saj\u016btas<br data-start=\"1871\" data-end=\"1874\" \/>\u2714\ufe0f Uztur optim\u0101lu \u0101das mitruma l\u012bdzsvaru<br data-start=\"1914\" data-end=\"1917\" \/>\u2714\ufe0f Padara \u0101du svaigu, maigu un komfortablu<br data-start=\"1959\" data-end=\"1962\" \/>\u2714\ufe0f \u0112rts form\u0101ts lieto\u0161anai m\u0101j\u0101s un ce\u013c\u0101<\/p>\n","protected":false},"featured_media":61873,"template":"","meta":[],"pwb-brand":[1211],"product_brand":[],"product_cat":[715,745,739,747],"product_tag":[],"giftcard-category":[],"class_list":{"0":"post-48597","1":"product","2":"type-product","3":"status-publish","4":"has-post-thumbnail","6":"pwb-brand-hydropeptide-lv","7":"product_cat-attirisana","8":"product_cat-jutigai-adai","9":"product_cat-sausai-adai","10":"product_cat-taukainai-adai","12":"first","13":"instock","14":"taxable","15":"shipping-taxable","16":"purchasable","17":"product-type-simple"},"acf":[],"brands":[{"id":1211,"name":"HydroPeptide","slug":"hydropeptide-lv"}],"_links":{"self":[{"href":"https:\/\/skinstudio.ee\/lv\/wp-json\/wp\/v2\/product\/48597","targetHints":{"allow":["GET"]}}],"collection":[{"href":"https:\/\/skinstudio.ee\/lv\/wp-json\/wp\/v2\/product"}],"about":[{"href":"https:\/\/skinstudio.ee\/lv\/wp-json\/wp\/v2\/types\/product"}],"version-history":[{"count":1,"href":"https:\/\/skinstudio.ee\/lv\/wp-json\/wp\/v2\/product\/48597\/revisions"}],"predecessor-version":[{"id":86121,"href":"https:\/\/skinstudio.ee\/lv\/wp-json\/wp\/v2\/product\/48597\/revisions\/86121"}],"wp:featuredmedia":[{"embeddable":true,"href":"https:\/\/skinstudio.ee\/lv\/wp-json\/wp\/v2\/media\/61873"}],"wp:attachment":[{"href":"https:\/\/skinstudio.ee\/lv\/wp-json\/wp\/v2\/media?parent=48597"}],"wp:term":[{"taxonomy":"pwb-brand","embeddable":true,"href":"https:\/\/skinstudio.ee\/lv\/wp-json\/wp\/v2\/pwb-brand?post=48597"},{"taxonomy":"product_brand","embeddable":true,"href":"https:\/\/skinstudio.ee\/lv\/wp-json\/wp\/v2\/product_brand?post=48597"},{"taxonomy":"product_cat","embeddable":true,"href":"https:\/\/skinstudio.ee\/lv\/wp-json\/wp\/v2\/product_cat?post=48597"},{"taxonomy":"product_tag","embeddable":true,"href":"https:\/\/skinstudio.ee\/lv\/wp-json\/wp\/v2\/product_tag?post=48597"},{"taxonomy":"giftcard-category","embeddable":true,"href":"https:\/\/skinstudio.ee\/lv\/wp-json\/wp\/v2\/giftcard-category?post=48597"}],"curies":[{"name":"wp","href":"https:\/\/api.w.org\/{rel}","templated":true}]}}