{"id":48604,"date":"2023-05-24T17:56:48","date_gmt":"2023-05-24T17:56:48","guid":{"rendered":"https:\/\/skinstudio.ee\/?post_type=product&#038;p=48604"},"modified":"2026-03-16T13:11:09","modified_gmt":"2026-03-16T13:11:09","slug":"makeup-melt","status":"publish","type":"product","link":"https:\/\/skinstudio.ee\/lv\/catalog\/hydropeptide-lv\/makeup-melt\/","title":{"rendered":"Makeup Melt"},"content":{"rendered":"<p data-start=\"40\" data-end=\"358\"><strong data-start=\"40\" data-end=\"71\">Makeup Melt no HydroPeptide<\/strong> ir k\u016bsto\u0161s att\u012bro\u0161s balzams, kas maigi iz\u0161\u0137\u012bdina pat notur\u012bgu dekorat\u012bvo kosm\u0113tiku, SPF un ikdienas net\u012brumus. Saskaroties ar \u0101du, t\u0101 bag\u0101t\u012bg\u0101 e\u013c\u013cain\u0101 tekst\u016bra p\u0101rv\u0113r\u0161as z\u012bdain\u0101 emulsij\u0101, kas efekt\u012bvi satver kosm\u0113tiku, lieko sebumu un net\u012brumus, neatst\u0101jot sausuma vai savilkuma saj\u016btu.<\/p>\n<p data-start=\"360\" data-end=\"672\">Formula satur patent\u0113to L22\u00ae Lipid Complex, kas pal\u012bdz saglab\u0101t \u0101das dabisko lip\u012bdu l\u012bdzsvaru att\u012br\u012b\u0161anas laik\u0101 un atbalsta \u0101das maigumu, elast\u012bbu un komfortu. Barojo\u0161\u0101s e\u013c\u013cas un mitrino\u0161ie komponenti r\u016bp\u0113jas par \u0101du jau att\u012br\u012b\u0161anas posm\u0101, padarot to gludu, svaigu un ide\u0101li sagatavotu turpm\u0101kajai \u0101das kop\u0161anai.<\/p>\n<p data-start=\"674\" data-end=\"813\">Akt\u012bv\u0101s sast\u0101vda\u013cas pal\u012bdz ne tikai efekt\u012bvi no\u0146emt kosm\u0113tiku, bet ar\u012b atbalsta \u0101das mitrin\u0101\u0161anu un aizsargfunkcijas jau att\u012br\u012b\u0161anas laik\u0101.<\/p>\n<p data-start=\"815\" data-end=\"846\"><strong data-start=\"815\" data-end=\"846\">Akt\u012bvo komponentu iedarb\u012bba<\/strong><\/p>\n<p data-start=\"848\" data-end=\"1170\">\u2022 <strong data-start=\"850\" data-end=\"873\">L22\u00ae Lipid Complex:<\/strong> patent\u0113ts lip\u012bdu komplekss, kas pal\u012bdz atjaunot un uztur\u0113t \u0101das dabisko lip\u012bdu profilu un stiprina \u0101das aizsargbarjeru.<br data-start=\"993\" data-end=\"996\" \/>\u2022 <strong data-start=\"998\" data-end=\"1012\">Vitamin E:<\/strong> antioksidants, kas m\u012bkstina \u0101du un pal\u012bdz aizsarg\u0101t to no oksidat\u012bv\u0101 stresa.<br data-start=\"1089\" data-end=\"1092\" \/>\u2022 <strong data-start=\"1094\" data-end=\"1114\">Hyaluronic Acid:<\/strong> pal\u012bdz mitrin\u0101t \u0101du un uztur\u0113t t\u0101s gludumu un elast\u012bbu.<\/p>\n<p data-start=\"1172\" data-end=\"1341\"><strong data-start=\"1172\" data-end=\"1202\">Kam piem\u0113rots Makeup Melt:<\/strong> visiem \u0101das tipiem, tostarp jut\u012bgai \u0101dai; ide\u0101li piem\u0113rots k\u0101 pirmais att\u012br\u012b\u0161anas solis, lai no\u0146emtu kosm\u0113tiku, SPF un ikdienas net\u012brumus.<\/p>\n<p data-start=\"1343\" data-end=\"1362\"><strong data-start=\"1343\" data-end=\"1362\">Tilpums: 100 ml<\/strong><\/p>\n","protected":false},"excerpt":{"rendered":"<div class=\"given_product_description_top\">\n<p data-start=\"1671\" data-end=\"1708\">K\u016bsto\u0161s balzams kosm\u0113tikas no\u0146em\u0161anai<\/p>\n<h2 data-start=\"1710\" data-end=\"1749\"><strong data-start=\"1710\" data-end=\"1749\">\u012apa\u0161\u012bbas HydroPeptide &#8211; Makeup Melt<\/strong><\/h2>\n<p data-start=\"1751\" data-end=\"1979\">\u2714\ufe0f \u0100tri iz\u0161\u0137\u012bdina notur\u012bgu kosm\u0113tiku un SPF<br data-start=\"1794\" data-end=\"1797\" \/>\u2714\ufe0f Maigi att\u012bra \u0101du bez sausuma saj\u016btas<br data-start=\"1836\" data-end=\"1839\" \/>\u2714\ufe0f Pal\u012bdz saglab\u0101t \u0101das dabisko lip\u012bdu l\u012bdzsvaru<br data-start=\"1887\" data-end=\"1890\" \/>\u2714\ufe0f Padara \u0101du maigu, gludu un svaigu<br data-start=\"1926\" data-end=\"1929\" \/>\u2714\ufe0f Ide\u0101li piem\u0113rots k\u0101 pirmais att\u012br\u012b\u0161anas solis<\/p>\n<\/div>\n","protected":false},"featured_media":61883,"template":"","meta":[],"pwb-brand":[1211],"product_brand":[],"product_cat":[715,745,739],"product_tag":[],"giftcard-category":[],"class_list":{"0":"post-48604","1":"product","2":"type-product","3":"status-publish","4":"has-post-thumbnail","6":"pwb-brand-hydropeptide-lv","7":"product_cat-attirisana","8":"product_cat-jutigai-adai","9":"product_cat-sausai-adai","11":"first","12":"instock","13":"taxable","14":"shipping-taxable","15":"purchasable","16":"product-type-simple"},"acf":[],"brands":[{"id":1211,"name":"HydroPeptide","slug":"hydropeptide-lv"}],"_links":{"self":[{"href":"https:\/\/skinstudio.ee\/lv\/wp-json\/wp\/v2\/product\/48604","targetHints":{"allow":["GET"]}}],"collection":[{"href":"https:\/\/skinstudio.ee\/lv\/wp-json\/wp\/v2\/product"}],"about":[{"href":"https:\/\/skinstudio.ee\/lv\/wp-json\/wp\/v2\/types\/product"}],"version-history":[{"count":1,"href":"https:\/\/skinstudio.ee\/lv\/wp-json\/wp\/v2\/product\/48604\/revisions"}],"predecessor-version":[{"id":86100,"href":"https:\/\/skinstudio.ee\/lv\/wp-json\/wp\/v2\/product\/48604\/revisions\/86100"}],"wp:featuredmedia":[{"embeddable":true,"href":"https:\/\/skinstudio.ee\/lv\/wp-json\/wp\/v2\/media\/61883"}],"wp:attachment":[{"href":"https:\/\/skinstudio.ee\/lv\/wp-json\/wp\/v2\/media?parent=48604"}],"wp:term":[{"taxonomy":"pwb-brand","embeddable":true,"href":"https:\/\/skinstudio.ee\/lv\/wp-json\/wp\/v2\/pwb-brand?post=48604"},{"taxonomy":"product_brand","embeddable":true,"href":"https:\/\/skinstudio.ee\/lv\/wp-json\/wp\/v2\/product_brand?post=48604"},{"taxonomy":"product_cat","embeddable":true,"href":"https:\/\/skinstudio.ee\/lv\/wp-json\/wp\/v2\/product_cat?post=48604"},{"taxonomy":"product_tag","embeddable":true,"href":"https:\/\/skinstudio.ee\/lv\/wp-json\/wp\/v2\/product_tag?post=48604"},{"taxonomy":"giftcard-category","embeddable":true,"href":"https:\/\/skinstudio.ee\/lv\/wp-json\/wp\/v2\/giftcard-category?post=48604"}],"curies":[{"name":"wp","href":"https:\/\/api.w.org\/{rel}","templated":true}]}}