{"id":48615,"date":"2023-05-24T17:56:48","date_gmt":"2023-05-24T17:56:48","guid":{"rendered":"https:\/\/skinstudio.ee\/?post_type=product&#038;p=48615"},"modified":"2026-03-16T13:27:09","modified_gmt":"2026-03-16T13:27:09","slug":"clarifying-toner","status":"publish","type":"product","link":"https:\/\/skinstudio.ee\/lv\/catalog\/hydropeptide-lv\/clarifying-toner\/","title":{"rendered":"Clarifying Toner"},"content":{"rendered":"<div class=\"given_product_description_long\">\n<p data-start=\"45\" data-end=\"335\"><strong data-start=\"45\" data-end=\"81\">Clarifying Toner no HydroPeptide<\/strong> &#8211; divpus\u0113ji tonerpadji, kas pies\u016bcin\u0101ti ar akt\u012bvu att\u012bro\u0161u losjonu, kas paredz\u0113ts \u0101dai ar noslieci uz izsitumiem un p\u0101rm\u0113r\u012bgu sebuma izdal\u012b\u0161anos. Formula pal\u012bdz dzi\u013ci att\u012br\u012bt poras, no\u0146emt atliku\u0161os net\u012brumus un saglab\u0101t \u0101du t\u012bru, svaigu un l\u012bdzsvarotu.<\/p>\n<p data-start=\"337\" data-end=\"614\">Eksfoli\u0113jo\u0161o sk\u0101bju, pept\u012bdu un augu ekstraktu kombin\u0101cija pal\u012bdz atjaunot \u0101du, izl\u012bdzin\u0101t t\u0101s tekst\u016bru un uzlabot toni. L\u012bdzeklis efekt\u012bvi regul\u0113 sebuma izdal\u012b\u0161anos, samazina redzamo poru izskatu un pal\u012bdz nov\u0113rst izsitumus un taukaino sp\u012bdumu, nep\u0101rsusinot un nekairinot \u0101du.<\/p>\n<p data-start=\"616\" data-end=\"712\">Akt\u012bv\u0101s sast\u0101vda\u013cas pal\u012bdz att\u012br\u012bt poras, mazin\u0101t iekaisumu un atjaunot vesel\u012bgu \u0101das l\u012bdzsvaru.<\/p>\n<p data-start=\"714\" data-end=\"745\"><strong data-start=\"714\" data-end=\"745\">Akt\u012bvo komponentu iedarb\u012bba<\/strong><\/p>\n<p data-start=\"747\" data-end=\"1116\">\u2022 <strong data-start=\"749\" data-end=\"773\">Canadian Willowherb:<\/strong> polifenoliem bag\u0101ts augu ekstrakts ar izteiktu pretmikrobu iedarb\u012bbu, kas pal\u012bdz samazin\u0101t C. acnes aktivit\u0101ti.<br data-start=\"885\" data-end=\"888\" \/>\u2022 <strong data-start=\"890\" data-end=\"921\">Azelaic Acid &amp; Lactic Acid:<\/strong> maigas eksfoli\u0113jo\u0161as sk\u0101bes, kas veicina \u0161\u016bnu atjauno\u0161anos, att\u012bra poras un izl\u012bdzina \u0101das toni.<br data-start=\"1018\" data-end=\"1021\" \/>\u2022 <strong data-start=\"1023\" data-end=\"1037\">Aloe Vera:<\/strong> nomierino\u0161s augu komponents, kas pal\u012bdz mazin\u0101t aps\u0101rtumu un \u0101das kairin\u0101jumu.<\/p>\n<p data-start=\"1118\" data-end=\"1265\"><strong data-start=\"1118\" data-end=\"1153\">Kam piem\u0113rots Clarifying Toner:<\/strong> kombin\u0113tai, taukainai un problem\u0101tiskai \u0101dai ar papla\u0161in\u0101t\u0101m por\u0101m, p\u0101rm\u0113r\u012bgu sebuma izdal\u012b\u0161anos un izsitumiem.<\/p>\n<p data-start=\"1267\" data-end=\"1287\"><strong data-start=\"1267\" data-end=\"1287\">Tilpums: 60 gab.<\/strong><\/p>\n<\/div>\n","protected":false},"excerpt":{"rendered":"<div class=\"given_product_description_top\">\n<p data-start=\"1497\" data-end=\"1541\">Att\u012bro\u0161s toniks ar azela\u012bnsk\u0101bi un piensk\u0101bi<\/p>\n<h2 data-start=\"1543\" data-end=\"1587\"><strong data-start=\"1543\" data-end=\"1587\">\u012apa\u0161\u012bbas HydroPeptide &#8211; Clarifying Toner<\/strong><\/h2>\n<p data-start=\"1589\" data-end=\"1825\">\u2714\ufe0f Dzi\u013ci att\u012bra poras un samazina to redzam\u012bbu<br data-start=\"1635\" data-end=\"1638\" \/>\u2714\ufe0f Regul\u0113 sebuma izdal\u012b\u0161anos un nov\u0113r\u0161 taukaino sp\u012bdumu<br data-start=\"1693\" data-end=\"1696\" \/>\u2714\ufe0f Samazina bakt\u0113rijas, kas izraisa izsitumus<br data-start=\"1741\" data-end=\"1744\" \/>\u2714\ufe0f Izl\u012bdzina \u0101das tekst\u016bru un uzlabo toni<br data-start=\"1785\" data-end=\"1788\" \/>\u2714\ufe0f Nomierina aps\u0101rtumu un iekaisumu<\/p>\n<\/div>\n","protected":false},"featured_media":61888,"template":"","meta":[],"pwb-brand":[1211],"product_brand":[],"product_cat":[741,743,747,721],"product_tag":[],"giftcard-category":[],"class_list":{"0":"post-48615","1":"product","2":"type-product","3":"status-publish","4":"has-post-thumbnail","6":"pwb-brand-hydropeptide-lv","7":"product_cat-izsitumi","8":"product_cat-paplasinatas-poras","9":"product_cat-taukainai-adai","10":"product_cat-toniki-lv","12":"first","13":"instock","14":"taxable","15":"shipping-taxable","16":"purchasable","17":"product-type-simple"},"acf":[],"brands":[{"id":1211,"name":"HydroPeptide","slug":"hydropeptide-lv"}],"_links":{"self":[{"href":"https:\/\/skinstudio.ee\/lv\/wp-json\/wp\/v2\/product\/48615","targetHints":{"allow":["GET"]}}],"collection":[{"href":"https:\/\/skinstudio.ee\/lv\/wp-json\/wp\/v2\/product"}],"about":[{"href":"https:\/\/skinstudio.ee\/lv\/wp-json\/wp\/v2\/types\/product"}],"version-history":[{"count":1,"href":"https:\/\/skinstudio.ee\/lv\/wp-json\/wp\/v2\/product\/48615\/revisions"}],"predecessor-version":[{"id":86126,"href":"https:\/\/skinstudio.ee\/lv\/wp-json\/wp\/v2\/product\/48615\/revisions\/86126"}],"wp:featuredmedia":[{"embeddable":true,"href":"https:\/\/skinstudio.ee\/lv\/wp-json\/wp\/v2\/media\/61888"}],"wp:attachment":[{"href":"https:\/\/skinstudio.ee\/lv\/wp-json\/wp\/v2\/media?parent=48615"}],"wp:term":[{"taxonomy":"pwb-brand","embeddable":true,"href":"https:\/\/skinstudio.ee\/lv\/wp-json\/wp\/v2\/pwb-brand?post=48615"},{"taxonomy":"product_brand","embeddable":true,"href":"https:\/\/skinstudio.ee\/lv\/wp-json\/wp\/v2\/product_brand?post=48615"},{"taxonomy":"product_cat","embeddable":true,"href":"https:\/\/skinstudio.ee\/lv\/wp-json\/wp\/v2\/product_cat?post=48615"},{"taxonomy":"product_tag","embeddable":true,"href":"https:\/\/skinstudio.ee\/lv\/wp-json\/wp\/v2\/product_tag?post=48615"},{"taxonomy":"giftcard-category","embeddable":true,"href":"https:\/\/skinstudio.ee\/lv\/wp-json\/wp\/v2\/giftcard-category?post=48615"}],"curies":[{"name":"wp","href":"https:\/\/api.w.org\/{rel}","templated":true}]}}