{"id":48628,"date":"2023-05-24T17:56:48","date_gmt":"2023-05-24T17:56:48","guid":{"rendered":"https:\/\/skinstudio.ee\/?post_type=product&#038;p=48628"},"modified":"2026-03-16T13:15:36","modified_gmt":"2026-03-16T13:15:36","slug":"purifying-cleanser","status":"publish","type":"product","link":"https:\/\/skinstudio.ee\/lv\/catalog\/hydropeptide-lv\/purifying-cleanser\/","title":{"rendered":"Purifying Cleanser"},"content":{"rendered":"<div class=\"given_product_description_long\">\n<p data-start=\"47\" data-end=\"375\"><strong data-start=\"47\" data-end=\"85\">Purifying Cleanser no HydroPeptide<\/strong> ir dzi\u013ci att\u012bro\u0161s l\u012bdzeklis, kas pal\u012bdz samazin\u0101t lieko sebumu, att\u012br\u012bt poras un nov\u0113rst iekaisuma elementu veido\u0161anos, vienlaikus saglab\u0101jot \u0101das l\u012bdzsvaru. Uz m\u0101lu b\u0101zes veidot\u0101 formula maigi no\u0146em net\u012brumus, lieko sebumu un ikdienas uzkr\u0101jumus, netrauc\u0113jot \u0101das dabisko mitruma barjeru.<\/p>\n<p data-start=\"377\" data-end=\"621\">Att\u012bro\u0161o m\u0101lu, eksfoli\u0113jo\u0161o sk\u0101bju un m\u0113r\u0137tiec\u012bgu pept\u012bdu kombin\u0101cija pal\u012bdz uztur\u0113t poras t\u012bras, atbalsta \u0101das atjauno\u0161anos un uzlabo t\u0101s tekst\u016bru un toni. Regul\u0101ri lietojot, l\u012bdzeklis pal\u012bdz saglab\u0101t \u0101du svaigu, l\u012bdzsvarotu un vizu\u0101li t\u012br\u0101ku.<\/p>\n<p data-start=\"623\" data-end=\"759\">Akt\u012bv\u0101s sast\u0101vda\u013cas darbojas kop\u0101, lai att\u012br\u012btu poras, atbalst\u012btu \u0101das atjauno\u0161anos un mazin\u0101tu iekaisuma paz\u012bmes jau att\u012br\u012b\u0161anas posm\u0101.<\/p>\n<p data-start=\"761\" data-end=\"792\"><strong data-start=\"761\" data-end=\"792\">Akt\u012bvo komponentu iedarb\u012bba<\/strong><\/p>\n<p data-start=\"794\" data-end=\"1150\">\u2022 <strong data-start=\"796\" data-end=\"824\">Kaolin &amp; Bentonite Clay:<\/strong> att\u012bro\u0161i miner\u0101lu m\u0101li, kas absorb\u0113 lieko sebumu un pal\u012bdz detoksic\u0113t poras.<br data-start=\"901\" data-end=\"904\" \/>\u2022 <strong data-start=\"906\" data-end=\"924\">Mandelic Acid:<\/strong> maiga eksfoli\u0113jo\u0161a sk\u0101be, kas veicina \u0101das atjauno\u0161anos un pal\u012bdz izl\u012bdzin\u0101t \u0101das tekst\u016bru.<br data-start=\"1016\" data-end=\"1019\" \/>\u2022 <strong data-start=\"1021\" data-end=\"1058\">Granactive\u2122 Acne Peptide Complex:<\/strong> antibakteri\u0101ls pept\u012bdu komplekss, kas pal\u012bdz samazin\u0101t akni izraiso\u0161o bakt\u0113riju aktivit\u0101ti.<\/p>\n<p data-start=\"1152\" data-end=\"1303\"><strong data-start=\"1152\" data-end=\"1189\">Kam piem\u0113rots Purifying Cleanser:<\/strong> kombin\u0113tai, taukainai un problem\u0101tiskai \u0101dai ar papla\u0161in\u0101t\u0101m por\u0101m, aizsprostojumiem un lieku sebuma izdal\u012b\u0161anos.<\/p>\n<p data-start=\"1305\" data-end=\"1324\"><strong data-start=\"1305\" data-end=\"1324\">Tilpums: 200 ml<\/strong><\/p>\n<\/div>\n","protected":false},"excerpt":{"rendered":"<div class=\"given_product_description_top\">\n<p data-start=\"1881\" data-end=\"1916\">Att\u012bro\u0161s l\u012bdzeklis ar detoks efektu<\/p>\n<h2 data-start=\"1918\" data-end=\"1964\"><strong data-start=\"1918\" data-end=\"1964\">\u012apa\u0161\u012bbas HydroPeptide &#8211; Purifying Cleanser<\/strong><\/h2>\n<p data-start=\"1966\" data-end=\"2180\">\u2714\ufe0f Dzi\u013ci att\u012bra poras un no\u0146em net\u012brumus<br data-start=\"2006\" data-end=\"2009\" \/>\u2714\ufe0f Pal\u012bdz kontrol\u0113t lieko sebuma izdal\u012b\u0161anos<br data-start=\"2053\" data-end=\"2056\" \/>\u2714\ufe0f Veicina t\u012br\u0101ku un l\u012bdzsvarot\u0101ku \u0101das izskatu<br data-start=\"2103\" data-end=\"2106\" \/>\u2714\ufe0f Pal\u012bdz samazin\u0101t redzamo poru izskatu<br data-start=\"2146\" data-end=\"2149\" \/>\u2714\ufe0f Att\u012bra \u0101du to nep\u0101rsusinot<\/p>\n<\/div>\n","protected":false},"featured_media":61908,"template":"","meta":[],"pwb-brand":[1211],"product_brand":[],"product_cat":[715,741,743,747],"product_tag":[],"giftcard-category":[],"class_list":{"0":"post-48628","1":"product","2":"type-product","3":"status-publish","4":"has-post-thumbnail","6":"pwb-brand-hydropeptide-lv","7":"product_cat-attirisana","8":"product_cat-izsitumi","9":"product_cat-paplasinatas-poras","10":"product_cat-taukainai-adai","12":"first","13":"instock","14":"taxable","15":"shipping-taxable","16":"purchasable","17":"product-type-simple"},"acf":[],"brands":[{"id":1211,"name":"HydroPeptide","slug":"hydropeptide-lv"}],"_links":{"self":[{"href":"https:\/\/skinstudio.ee\/lv\/wp-json\/wp\/v2\/product\/48628","targetHints":{"allow":["GET"]}}],"collection":[{"href":"https:\/\/skinstudio.ee\/lv\/wp-json\/wp\/v2\/product"}],"about":[{"href":"https:\/\/skinstudio.ee\/lv\/wp-json\/wp\/v2\/types\/product"}],"version-history":[{"count":1,"href":"https:\/\/skinstudio.ee\/lv\/wp-json\/wp\/v2\/product\/48628\/revisions"}],"predecessor-version":[{"id":86110,"href":"https:\/\/skinstudio.ee\/lv\/wp-json\/wp\/v2\/product\/48628\/revisions\/86110"}],"wp:featuredmedia":[{"embeddable":true,"href":"https:\/\/skinstudio.ee\/lv\/wp-json\/wp\/v2\/media\/61908"}],"wp:attachment":[{"href":"https:\/\/skinstudio.ee\/lv\/wp-json\/wp\/v2\/media?parent=48628"}],"wp:term":[{"taxonomy":"pwb-brand","embeddable":true,"href":"https:\/\/skinstudio.ee\/lv\/wp-json\/wp\/v2\/pwb-brand?post=48628"},{"taxonomy":"product_brand","embeddable":true,"href":"https:\/\/skinstudio.ee\/lv\/wp-json\/wp\/v2\/product_brand?post=48628"},{"taxonomy":"product_cat","embeddable":true,"href":"https:\/\/skinstudio.ee\/lv\/wp-json\/wp\/v2\/product_cat?post=48628"},{"taxonomy":"product_tag","embeddable":true,"href":"https:\/\/skinstudio.ee\/lv\/wp-json\/wp\/v2\/product_tag?post=48628"},{"taxonomy":"giftcard-category","embeddable":true,"href":"https:\/\/skinstudio.ee\/lv\/wp-json\/wp\/v2\/giftcard-category?post=48628"}],"curies":[{"name":"wp","href":"https:\/\/api.w.org\/{rel}","templated":true}]}}