{"id":48641,"date":"2023-05-24T17:56:48","date_gmt":"2023-05-24T17:56:48","guid":{"rendered":"https:\/\/skinstudio.ee\/?post_type=product&#038;p=48641"},"modified":"2026-03-16T13:19:42","modified_gmt":"2026-03-16T13:19:42","slug":"solar-defense-non-tinted-spf50","status":"publish","type":"product","link":"https:\/\/skinstudio.ee\/lv\/catalog\/hydropeptide-lv\/solar-defense-non-tinted-spf50\/","title":{"rendered":"Solar Defense Non-Tinted SPF50"},"content":{"rendered":"<p data-start=\"53\" data-end=\"364\"><strong data-start=\"53\" data-end=\"97\">Solar Defense Non-Tinted no HydroPeptide<\/strong> &#8211; miner\u0101ls pla\u0161a spektra saules aizsargkr\u0113ms, kas nodro\u0161ina sp\u0113c\u012bgu aizsardz\u012bbu pret UVA, UVB un infrasarkano starojumu. Viegl\u0101 formula ar fiziskajiem saules filtriem atstaro kait\u012bgo starojumu no \u0101das, pal\u012bdzot nov\u0113rst fotonoveco\u0161anos un saules izrais\u012btus boj\u0101jumus.<\/p>\n<p data-start=\"366\" data-end=\"654\">Formula ir bag\u0101tin\u0101ta ar antioksidantiem un \u0101das barjeru stiprino\u0161iem komponentiem, kas pal\u012bdz aizsarg\u0101t \u0101du no br\u012bvo radik\u0101\u013cu boj\u0101jumiem un uztur optim\u0101lu mitruma l\u012bmeni. Kr\u0113ms nomierina \u0101du, pal\u012bdz kontrol\u0113t lieko sebumu un atst\u0101j \u0101du gludu, svaigu un viegli mat\u0113tu bez smaguma saj\u016btas.<\/p>\n<p data-start=\"656\" data-end=\"794\">M\u0113r\u0137tiec\u012bgie akt\u012bvie komponenti pastiprina fotoprotekcijas efektu un pal\u012bdz saglab\u0101t \u0101das komfortu pat intens\u012bvas saules iedarb\u012bbas laik\u0101.<\/p>\n<p data-start=\"796\" data-end=\"827\"><strong data-start=\"796\" data-end=\"827\">Akt\u012bvo komponentu iedarb\u012bba<\/strong><\/p>\n<p data-start=\"829\" data-end=\"1156\">\u2022 <strong data-start=\"831\" data-end=\"846\">Venuceane\u2122:<\/strong> pal\u012bdz samazin\u0101t infrasarkan\u0101 starojuma rad\u012bto ietekmi, neitraliz\u0113 br\u012bvos radik\u0101\u013cus un atbalsta \u0161\u016bnu aizsargmeh\u0101nismus.<br data-start=\"966\" data-end=\"969\" \/>\u2022 <strong data-start=\"971\" data-end=\"983\">ASEBIOL:<\/strong> pretiekaisuma komplekss, kas regul\u0113 sebuma izdal\u012b\u0161anos un samazina taukaino sp\u012bdumu.<br data-start=\"1068\" data-end=\"1071\" \/>\u2022 <strong data-start=\"1073\" data-end=\"1093\">Hyaluronic Acid:<\/strong> intens\u012bvi mitrina \u0101du un pal\u012bdz stiprin\u0101t \u0101das aizsargbarjeru.<\/p>\n<p data-start=\"1158\" data-end=\"1309\"><strong data-start=\"1158\" data-end=\"1201\">Kam piem\u0113rots Solar Defense Non-Tinted:<\/strong> visiem \u0101das tipiem, tostarp jut\u012bgai \u0101dai, ikdienas augstas aizsardz\u012bbas nodro\u0161in\u0101\u0161anai bez ton\u0113jo\u0161a efekta.<\/p>\n<p data-start=\"1311\" data-end=\"1329\"><strong data-start=\"1311\" data-end=\"1329\">Tilpums: 50 ml<\/strong><\/p>\n","protected":false},"excerpt":{"rendered":"<p data-start=\"1614\" data-end=\"1663\">Mitrino\u0161s miner\u0101lais saules aizsargkr\u0113ms bez tona<\/p>\n<h2 data-start=\"1665\" data-end=\"1717\"><strong data-start=\"1665\" data-end=\"1717\">\u012apa\u0161\u012bbas HydroPeptide &#8211; Solar Defense Non-Tinted<\/strong><\/h2>\n<p data-start=\"1719\" data-end=\"1983\">\u2714\ufe0f Nodro\u0161ina sp\u0113c\u012bgu SPF 50 aizsardz\u012bbu pret UVA un UVB<br data-start=\"1774\" data-end=\"1777\" \/>\u2714\ufe0f Aizsarg\u0101 \u0101du no infrasarkan\u0101 starojuma rad\u012bt\u0101s noveco\u0161an\u0101s<br data-start=\"1838\" data-end=\"1841\" \/>\u2714\ufe0f Kontrol\u0113 taukaino sp\u012bdumu un mat\u0113 \u0101du<br data-start=\"1881\" data-end=\"1884\" \/>\u2714\ufe0f Mitrina un stiprina \u0101das aizsargbarjeru<br data-start=\"1926\" data-end=\"1929\" \/>\u2714\ufe0f Viegl\u0101 tekst\u016bra lieliski piem\u0113rota zem kosm\u0113tikas<\/p>\n","protected":false},"featured_media":61868,"template":"","meta":[],"pwb-brand":[1211],"product_brand":[],"product_cat":[731],"product_tag":[],"giftcard-category":[],"class_list":{"0":"post-48641","1":"product","2":"type-product","3":"status-publish","4":"has-post-thumbnail","6":"pwb-brand-hydropeptide-lv","7":"product_cat-spf-aizsardziba","9":"first","10":"instock","11":"taxable","12":"shipping-taxable","13":"purchasable","14":"product-type-simple"},"acf":[],"brands":[{"id":1211,"name":"HydroPeptide","slug":"hydropeptide-lv"}],"_links":{"self":[{"href":"https:\/\/skinstudio.ee\/lv\/wp-json\/wp\/v2\/product\/48641","targetHints":{"allow":["GET"]}}],"collection":[{"href":"https:\/\/skinstudio.ee\/lv\/wp-json\/wp\/v2\/product"}],"about":[{"href":"https:\/\/skinstudio.ee\/lv\/wp-json\/wp\/v2\/types\/product"}],"version-history":[{"count":1,"href":"https:\/\/skinstudio.ee\/lv\/wp-json\/wp\/v2\/product\/48641\/revisions"}],"predecessor-version":[{"id":86116,"href":"https:\/\/skinstudio.ee\/lv\/wp-json\/wp\/v2\/product\/48641\/revisions\/86116"}],"wp:featuredmedia":[{"embeddable":true,"href":"https:\/\/skinstudio.ee\/lv\/wp-json\/wp\/v2\/media\/61868"}],"wp:attachment":[{"href":"https:\/\/skinstudio.ee\/lv\/wp-json\/wp\/v2\/media?parent=48641"}],"wp:term":[{"taxonomy":"pwb-brand","embeddable":true,"href":"https:\/\/skinstudio.ee\/lv\/wp-json\/wp\/v2\/pwb-brand?post=48641"},{"taxonomy":"product_brand","embeddable":true,"href":"https:\/\/skinstudio.ee\/lv\/wp-json\/wp\/v2\/product_brand?post=48641"},{"taxonomy":"product_cat","embeddable":true,"href":"https:\/\/skinstudio.ee\/lv\/wp-json\/wp\/v2\/product_cat?post=48641"},{"taxonomy":"product_tag","embeddable":true,"href":"https:\/\/skinstudio.ee\/lv\/wp-json\/wp\/v2\/product_tag?post=48641"},{"taxonomy":"giftcard-category","embeddable":true,"href":"https:\/\/skinstudio.ee\/lv\/wp-json\/wp\/v2\/giftcard-category?post=48641"}],"curies":[{"name":"wp","href":"https:\/\/api.w.org\/{rel}","templated":true}]}}