{"id":48654,"date":"2023-05-24T17:56:42","date_gmt":"2023-05-24T17:56:42","guid":{"rendered":"https:\/\/skinstudio.ee\/?post_type=product&#038;p=48654"},"modified":"2026-03-16T13:33:17","modified_gmt":"2026-03-16T13:33:17","slug":"power-serum","status":"publish","type":"product","link":"https:\/\/skinstudio.ee\/lv\/catalog\/hydropeptide-lv\/power-serum\/","title":{"rendered":"Power Serum"},"content":{"rendered":"<p data-start=\"40\" data-end=\"366\"><strong data-start=\"40\" data-end=\"71\">Power Serum no HydroPeptide<\/strong> &#8211; augstas koncentr\u0101cijas liftinga serums, kas pal\u012bdz atjaunot \u0101das \u0161\u016bnu dz\u012bvotsp\u0113ju un redzami uzlabot t\u0101s tvirtumu un elast\u012bbu. Jaud\u012bg\u0101 formula ar pept\u012bdu kompleksiem stimul\u0113 kolag\u0113na, elast\u012bna un hialuronsk\u0101bes sint\u0113zi, pal\u012bdzot stiprin\u0101t \u0101das strukt\u016bru un padar\u012bt sejas kont\u016bras izteikt\u0101kas.<\/p>\n<p data-start=\"368\" data-end=\"613\">Serums intens\u012bvi samazina grumbu un smalko l\u012bniju redzam\u012bbu, palielina \u0101das bl\u012bvumu un pal\u012bdz uztur\u0113t optim\u0101lu mitruma l\u012bmeni. Botul\u012bnam l\u012bdz\u012bgie pept\u012bdi pal\u012bdz mazin\u0101t m\u012bmikas musku\u013cu kontrakcijas, padarot \u0101du glud\u0101ku, tvirt\u0101ku un jaunekl\u012bg\u0101ku.<\/p>\n<p data-start=\"615\" data-end=\"729\">M\u0113r\u0137tiec\u012bgie akt\u012bvie komponenti pal\u012bdz atjaunot \u0101du, uzlabot t\u0101s elast\u012bbu un saglab\u0101t nepiecie\u0161amo mitruma l\u012bmeni.<\/p>\n<p data-start=\"731\" data-end=\"762\"><strong data-start=\"731\" data-end=\"762\">Akt\u012bvo komponentu iedarb\u012bba<\/strong><\/p>\n<p data-start=\"764\" data-end=\"1106\">\u2022 <strong data-start=\"766\" data-end=\"796\">Wrinkle-Relaxing Peptides:<\/strong> tr\u012bs pept\u012bdu kompleksi, kas pal\u012bdz samazin\u0101t smalko l\u012bniju un grumbu redzam\u012bbu, mazinot m\u012bmikas musku\u013cu aktivit\u0101ti.<br data-start=\"912\" data-end=\"915\" \/>\u2022 <strong data-start=\"917\" data-end=\"931\">Ellagi-C\u2122:<\/strong> augu ekstrakts, kas stimul\u0113 kolag\u0113na sint\u0113zi un pal\u012bdz uzlabot \u0101das tvirtumu.<br data-start=\"1009\" data-end=\"1012\" \/>\u2022 <strong data-start=\"1014\" data-end=\"1034\">Hyaluronic Acid:<\/strong> piesaista mitrumu \u0101dai, uzlabojot t\u0101s mitrin\u0101\u0161anu, gludumu un elast\u012bbu.<\/p>\n<p data-start=\"1108\" data-end=\"1240\"><strong data-start=\"1108\" data-end=\"1138\">Kam piem\u0113rots Power Serum:<\/strong> visiem \u0101das tipiem, \u012bpa\u0161i \u0101dai ar samazin\u0101tu tvirtumu, redzam\u0101m grumb\u0101m un cit\u0101m noveco\u0161an\u0101s paz\u012bm\u0113m.<\/p>\n<p data-start=\"1242\" data-end=\"1260\"><strong data-start=\"1242\" data-end=\"1260\">Tilpums: 30 ml<\/strong><\/p>\n","protected":false},"excerpt":{"rendered":"<p data-start=\"1538\" data-end=\"1583\">Superkoncentr\u0113ts liftinga serums ar pept\u012bdiem<\/p>\n<h2 data-start=\"1585\" data-end=\"1624\"><strong data-start=\"1585\" data-end=\"1624\">\u012apa\u0161\u012bbas HydroPeptide &#8211; Power Serum<\/strong><\/h2>\n<p data-start=\"1626\" data-end=\"1854\">\u2714\ufe0f Augstas koncentr\u0101cijas pept\u012bdu komplekss liftinga efektam<br data-start=\"1686\" data-end=\"1689\" \/>\u2714\ufe0f Stimul\u0113 kolag\u0113na un elast\u012bna sint\u0113zi<br data-start=\"1728\" data-end=\"1731\" \/>\u2714\ufe0f Samazina grumbas un smalk\u0101s l\u012bnijas<br data-start=\"1769\" data-end=\"1772\" \/>\u2714\ufe0f Uzlabo \u0101das tvirtumu un bl\u012bvumu<br data-start=\"1806\" data-end=\"1809\" \/>\u2714\ufe0f Intens\u012bvi mitrina un pie\u0161\u0137ir \u0101dai apjomu<\/p>\n","protected":false},"featured_media":61923,"template":"","meta":[],"pwb-brand":[1211],"product_brand":[],"product_cat":[745,737,749,739,723],"product_tag":[],"giftcard-category":[],"class_list":{"0":"post-48654","1":"product","2":"type-product","3":"status-publish","4":"has-post-thumbnail","6":"pwb-brand-hydropeptide-lv","7":"product_cat-jutigai-adai","8":"product_cat-mitrinasana","9":"product_cat-novecojosa-ada","10":"product_cat-sausai-adai","11":"product_cat-serumi","13":"first","14":"instock","15":"taxable","16":"shipping-taxable","17":"purchasable","18":"product-type-simple"},"acf":[],"brands":[{"id":1211,"name":"HydroPeptide","slug":"hydropeptide-lv"}],"_links":{"self":[{"href":"https:\/\/skinstudio.ee\/lv\/wp-json\/wp\/v2\/product\/48654","targetHints":{"allow":["GET"]}}],"collection":[{"href":"https:\/\/skinstudio.ee\/lv\/wp-json\/wp\/v2\/product"}],"about":[{"href":"https:\/\/skinstudio.ee\/lv\/wp-json\/wp\/v2\/types\/product"}],"version-history":[{"count":1,"href":"https:\/\/skinstudio.ee\/lv\/wp-json\/wp\/v2\/product\/48654\/revisions"}],"predecessor-version":[{"id":86138,"href":"https:\/\/skinstudio.ee\/lv\/wp-json\/wp\/v2\/product\/48654\/revisions\/86138"}],"wp:featuredmedia":[{"embeddable":true,"href":"https:\/\/skinstudio.ee\/lv\/wp-json\/wp\/v2\/media\/61923"}],"wp:attachment":[{"href":"https:\/\/skinstudio.ee\/lv\/wp-json\/wp\/v2\/media?parent=48654"}],"wp:term":[{"taxonomy":"pwb-brand","embeddable":true,"href":"https:\/\/skinstudio.ee\/lv\/wp-json\/wp\/v2\/pwb-brand?post=48654"},{"taxonomy":"product_brand","embeddable":true,"href":"https:\/\/skinstudio.ee\/lv\/wp-json\/wp\/v2\/product_brand?post=48654"},{"taxonomy":"product_cat","embeddable":true,"href":"https:\/\/skinstudio.ee\/lv\/wp-json\/wp\/v2\/product_cat?post=48654"},{"taxonomy":"product_tag","embeddable":true,"href":"https:\/\/skinstudio.ee\/lv\/wp-json\/wp\/v2\/product_tag?post=48654"},{"taxonomy":"giftcard-category","embeddable":true,"href":"https:\/\/skinstudio.ee\/lv\/wp-json\/wp\/v2\/giftcard-category?post=48654"}],"curies":[{"name":"wp","href":"https:\/\/api.w.org\/{rel}","templated":true}]}}