{"id":48662,"date":"2023-05-24T17:56:42","date_gmt":"2023-05-24T17:56:42","guid":{"rendered":"https:\/\/skinstudio.ee\/?post_type=product&#038;p=48662"},"modified":"2026-03-16T13:37:56","modified_gmt":"2026-03-16T13:37:56","slug":"solar-defense-body","status":"publish","type":"product","link":"https:\/\/skinstudio.ee\/lv\/catalog\/hydropeptide-lv\/solar-defense-body\/","title":{"rendered":"Solar Defense Body"},"content":{"rendered":"<p data-start=\"47\" data-end=\"369\"><strong data-start=\"47\" data-end=\"85\">Solar Defense Body no HydroPeptide<\/strong> &#8211; atsvaidzino\u0161s saules aizsargsprejs \u0137ermenim ar organiskajiem saules filtriem, kas nodro\u0161ina uzticamu aizsardz\u012bbu pret UVA, UVB un infrasarkano starojumu. Viegl\u0101 \u016bdensiztur\u012bg\u0101 formula vienm\u0113r\u012bgi izklied\u0113jas pa \u0101du, veidojot komfortablu aizsargk\u0101rtu bez lip\u012bguma vai smaguma saj\u016btas.<\/p>\n<p data-start=\"371\" data-end=\"749\">Sprejs pal\u012bdz aizsarg\u0101t \u0101du no br\u012bvo radik\u0101\u013cu iedarb\u012bbas, kas izraisa fotonoveco\u0161anos, vienlaikus saglab\u0101jot vesel\u012bgu \u0101das izskatu saules iedarb\u012bbas laik\u0101. Mitrino\u0161ie un nomierino\u0161ie komponenti pal\u012bdz uztur\u0113t optim\u0101lu \u0101das mitruma l\u012bmeni, atst\u0101jot \u0101du maigu, svaigu un komfortablu. Viegl\u0101 tekst\u016bra un saldais marakujas arom\u0101ts padara l\u012bdzekli \u012bpa\u0161i pat\u012bkamu ikdienas lieto\u0161anai.<\/p>\n<p data-start=\"751\" data-end=\"846\">Akt\u012bv\u0101s sast\u0101vda\u013cas nodro\u0161ina efekt\u012bvu fotoprotekciju un pal\u012bdz uztur\u0113t \u0101das dabisko l\u012bdzsvaru.<\/p>\n<p data-start=\"848\" data-end=\"879\"><strong data-start=\"848\" data-end=\"879\">Akt\u012bvo komponentu iedarb\u012bba<\/strong><\/p>\n<p data-start=\"881\" data-end=\"1221\">\u2022 <strong data-start=\"883\" data-end=\"907\">Organic Sun Filters:<\/strong> nodro\u0161ina pla\u0161a spektra aizsardz\u012bbu pret UVA un UVB starojumu un pal\u012bdz nov\u0113rst saules izrais\u012btus \u0101das boj\u0101jumus.<br data-start=\"1021\" data-end=\"1024\" \/>\u2022 <strong data-start=\"1026\" data-end=\"1041\">Venuceane\u2122:<\/strong> pal\u012bdz aizsarg\u0101t \u0101du no infrasarkan\u0101 starojuma un neitraliz\u0113 br\u012bvos radik\u0101\u013cus.<br data-start=\"1120\" data-end=\"1123\" \/>\u2022 <strong data-start=\"1125\" data-end=\"1139\">Aloe Vera:<\/strong> nomierina \u0101du, mazina aps\u0101rtumu un pal\u012bdz uztur\u0113t komfortu p\u0113c saules iedarb\u012bbas.<\/p>\n<p data-start=\"1223\" data-end=\"1332\"><strong data-start=\"1223\" data-end=\"1260\">Kam piem\u0113rots Solar Defense Body:<\/strong> visiem \u0101das tipiem ikdienas \u0137erme\u0146a aizsardz\u012bbai pret saules starojumu.<\/p>\n<p data-start=\"1334\" data-end=\"1353\"><strong data-start=\"1334\" data-end=\"1353\">Tilpums: 177 ml<\/strong><\/p>\n","protected":false},"excerpt":{"rendered":"<p data-start=\"1600\" data-end=\"1653\">Mitrino\u0161s \u016bdensiztur\u012bgs saules aizsargsprejs \u0137ermenim<\/p>\n<h2 data-start=\"1655\" data-end=\"1701\"><strong data-start=\"1655\" data-end=\"1701\">\u012apa\u0161\u012bbas HydroPeptide &#8211; Solar Defense Body<\/strong><\/h2>\n<p data-start=\"1703\" data-end=\"1921\">\u2714\ufe0f Pla\u0161a spektra SPF 30 saules aizsardz\u012bba \u0137ermenim<br data-start=\"1754\" data-end=\"1757\" \/>\u2714\ufe0f Aizsarg\u0101 \u0101du no UVA un UVB starojuma<br data-start=\"1796\" data-end=\"1799\" \/>\u2714\ufe0f Pal\u012bdz nov\u0113rst fotonoveco\u0161an\u0101s paz\u012bmes<br data-start=\"1840\" data-end=\"1843\" \/>\u2714\ufe0f Mitrina un atsvaidzina \u0101du<br data-start=\"1872\" data-end=\"1875\" \/>\u2714\ufe0f Viegl\u0101 \u016bdensiztur\u012bg\u0101 formula \u0101tri ies\u016bcas<\/p>\n","protected":false},"featured_media":27035,"template":"","meta":[],"pwb-brand":[1211],"product_brand":[],"product_cat":[757,731],"product_tag":[],"giftcard-category":[],"class_list":{"0":"post-48662","1":"product","2":"type-product","3":"status-publish","4":"has-post-thumbnail","6":"pwb-brand-hydropeptide-lv","7":"product_cat-kermena-kopsana","8":"product_cat-spf-aizsardziba","10":"first","11":"instock","12":"taxable","13":"shipping-taxable","14":"purchasable","15":"product-type-simple"},"acf":[],"brands":[{"id":1211,"name":"HydroPeptide","slug":"hydropeptide-lv"}],"_links":{"self":[{"href":"https:\/\/skinstudio.ee\/lv\/wp-json\/wp\/v2\/product\/48662","targetHints":{"allow":["GET"]}}],"collection":[{"href":"https:\/\/skinstudio.ee\/lv\/wp-json\/wp\/v2\/product"}],"about":[{"href":"https:\/\/skinstudio.ee\/lv\/wp-json\/wp\/v2\/types\/product"}],"version-history":[{"count":1,"href":"https:\/\/skinstudio.ee\/lv\/wp-json\/wp\/v2\/product\/48662\/revisions"}],"predecessor-version":[{"id":86148,"href":"https:\/\/skinstudio.ee\/lv\/wp-json\/wp\/v2\/product\/48662\/revisions\/86148"}],"wp:featuredmedia":[{"embeddable":true,"href":"https:\/\/skinstudio.ee\/lv\/wp-json\/wp\/v2\/media\/27035"}],"wp:attachment":[{"href":"https:\/\/skinstudio.ee\/lv\/wp-json\/wp\/v2\/media?parent=48662"}],"wp:term":[{"taxonomy":"pwb-brand","embeddable":true,"href":"https:\/\/skinstudio.ee\/lv\/wp-json\/wp\/v2\/pwb-brand?post=48662"},{"taxonomy":"product_brand","embeddable":true,"href":"https:\/\/skinstudio.ee\/lv\/wp-json\/wp\/v2\/product_brand?post=48662"},{"taxonomy":"product_cat","embeddable":true,"href":"https:\/\/skinstudio.ee\/lv\/wp-json\/wp\/v2\/product_cat?post=48662"},{"taxonomy":"product_tag","embeddable":true,"href":"https:\/\/skinstudio.ee\/lv\/wp-json\/wp\/v2\/product_tag?post=48662"},{"taxonomy":"giftcard-category","embeddable":true,"href":"https:\/\/skinstudio.ee\/lv\/wp-json\/wp\/v2\/giftcard-category?post=48662"}],"curies":[{"name":"wp","href":"https:\/\/api.w.org\/{rel}","templated":true}]}}