{"id":48760,"date":"2024-12-04T12:37:25","date_gmt":"2024-12-04T12:37:25","guid":{"rendered":"https:\/\/skinstudio.ee\/?post_type=product&#038;p=48760"},"modified":"2026-03-13T13:43:51","modified_gmt":"2026-03-13T13:43:51","slug":"micro-dose-glow-booster","status":"publish","type":"product","link":"https:\/\/skinstudio.ee\/lv\/catalog\/hydropeptide-lv\/micro-dose-glow-booster\/","title":{"rendered":"Micro-Dose Glow Booster"},"content":{"rendered":"<p data-start=\"6\" data-end=\"354\"><strong data-start=\"6\" data-end=\"49\">Micro-Dose Glow Booster no HydroPeptide<\/strong> &#8211; maigs retinola serums uz e\u013c\u013cas b\u0101zes, kas paredz\u0113ts \u0101das atjauno\u0161an\u0101s procesu atbalstam un kop\u0113j\u0101 \u0101das izskata uzlabo\u0161anai. Formula apvieno patent\u0113to <strong data-start=\"202\" data-end=\"226\">CellRenew-16 pept\u012bdu<\/strong> un tr\u012bsk\u0101r\u0161u retino\u012bdu kompleksu mikrodos\u0101s, kas veicina \u0101das \u0161\u016bnu atjauno\u0161anos un pie\u0161\u0137ir \u0101dai glud\u0101ku un starojo\u0161\u0101ku izskatu.<\/p>\n<p data-start=\"356\" data-end=\"592\">Serums samazina poru redzam\u012bbu, izl\u012bdzina smalk\u0101s l\u012bnijas un uzlabo nevienm\u0113r\u012bgu \u0101das toni, vienlaikus pal\u012bdzot mazin\u0101t hiperpigment\u0101cijas paz\u012bmes. L\u012bdzsvarot\u0101 retino\u012bdu koncentr\u0101cija aktiviz\u0113 \u0101das atjauno\u0161anos bez izteikta kairin\u0101juma.<\/p>\n<p data-start=\"594\" data-end=\"734\">Bez\u016bdens e\u013c\u013cas formula uzlabo retinola stabilit\u0101ti un veicina t\u0101 efekt\u012bv\u0101ku uzs\u016bk\u0161anos \u0101d\u0101, padarot \u0101du glud\u0101ku, mirdzo\u0161\u0101ku un vienm\u0113r\u012bg\u0101ku.<\/p>\n<p data-start=\"736\" data-end=\"766\"><strong data-start=\"736\" data-end=\"766\">Akt\u012bvo komponentu darb\u012bba:<\/strong><\/p>\n<p data-start=\"768\" data-end=\"922\">\u2022 <strong data-start=\"770\" data-end=\"850\">Triple Retinoid Complex (Retinol + Retinyl Linoleate + Glyceryl Diretinoate)<\/strong>: veicina \u0161\u016bnu atjauno\u0161anos, izl\u012bdzina grumbas un uzlabo \u0101das tekst\u016bru<\/p>\n<p data-start=\"924\" data-end=\"1039\">\u2022 <strong data-start=\"926\" data-end=\"950\">CellRenew-16 Peptide<\/strong>: HydroPeptide patent\u0113ts pept\u012bds, kas atbalsta \u0101das atjauno\u0161anos un uzlabo t\u0101s elast\u012bbu<\/p>\n<p data-start=\"1041\" data-end=\"1144\">\u2022 <strong data-start=\"1043\" data-end=\"1080\">Squalane + Botanical Oils Complex<\/strong>: baro \u0101du, stiprina aizsargbarjeru un samazina sausuma saj\u016btu<\/p>\n<p data-start=\"1146\" data-end=\"1273\"><strong data-start=\"1146\" data-end=\"1187\">Kam piem\u0113rots Micro-Dose Glow Booster<\/strong>: \u0101dai ar noveco\u0161an\u0101s paz\u012bm\u0113m, nevienm\u0113r\u012bgu toni, papla\u0161in\u0101t\u0101m por\u0101m un bl\u0101vu izskatu.<\/p>\n<p data-start=\"1275\" data-end=\"1293\"><strong data-start=\"1275\" data-end=\"1287\">Tilpums:<\/strong> 30 ml<\/p>\n","protected":false},"excerpt":{"rendered":"<p data-start=\"1836\" data-end=\"1857\">Maigs retinola serums<\/p>\n<h2 data-start=\"1859\" data-end=\"1910\"><strong data-start=\"1859\" data-end=\"1910\">\u012apa\u0161\u012bbas HydroPeptide &#8211; Micro-Dose Glow Booster<\/strong><\/h2>\n<p data-start=\"1912\" data-end=\"2084\">\u2714\ufe0f Pie\u0161\u0137ir \u0101dai vesel\u012bgu mirdzumu<br data-start=\"1945\" data-end=\"1948\" \/>\u2714\ufe0f Izl\u012bdzina \u0101das toni un tekst\u016bru<br data-start=\"1982\" data-end=\"1985\" \/>\u2714\ufe0f Aktiviz\u0113 \u0101das atjauno\u0161an\u0101s procesus<br data-start=\"2023\" data-end=\"2026\" \/>\u2714\ufe0f Samazina poru redzam\u012bbu<br data-start=\"2052\" data-end=\"2055\" \/>\u2714\ufe0f M\u012bkstina smalk\u0101s l\u012bnijas<\/p>\n","protected":false},"featured_media":61693,"template":"","meta":[],"pwb-brand":[1211],"product_brand":[],"product_cat":[727,723],"product_tag":[],"giftcard-category":[],"class_list":{"0":"post-48760","1":"product","2":"type-product","3":"status-publish","4":"has-post-thumbnail","6":"pwb-brand-hydropeptide-lv","7":"product_cat-a-vitamins-retinols","8":"product_cat-serumi","10":"first","11":"instock","12":"taxable","13":"shipping-taxable","14":"purchasable","15":"product-type-simple"},"acf":[],"brands":[{"id":1211,"name":"HydroPeptide","slug":"hydropeptide-lv"}],"_links":{"self":[{"href":"https:\/\/skinstudio.ee\/lv\/wp-json\/wp\/v2\/product\/48760","targetHints":{"allow":["GET"]}}],"collection":[{"href":"https:\/\/skinstudio.ee\/lv\/wp-json\/wp\/v2\/product"}],"about":[{"href":"https:\/\/skinstudio.ee\/lv\/wp-json\/wp\/v2\/types\/product"}],"version-history":[{"count":1,"href":"https:\/\/skinstudio.ee\/lv\/wp-json\/wp\/v2\/product\/48760\/revisions"}],"predecessor-version":[{"id":85736,"href":"https:\/\/skinstudio.ee\/lv\/wp-json\/wp\/v2\/product\/48760\/revisions\/85736"}],"wp:featuredmedia":[{"embeddable":true,"href":"https:\/\/skinstudio.ee\/lv\/wp-json\/wp\/v2\/media\/61693"}],"wp:attachment":[{"href":"https:\/\/skinstudio.ee\/lv\/wp-json\/wp\/v2\/media?parent=48760"}],"wp:term":[{"taxonomy":"pwb-brand","embeddable":true,"href":"https:\/\/skinstudio.ee\/lv\/wp-json\/wp\/v2\/pwb-brand?post=48760"},{"taxonomy":"product_brand","embeddable":true,"href":"https:\/\/skinstudio.ee\/lv\/wp-json\/wp\/v2\/product_brand?post=48760"},{"taxonomy":"product_cat","embeddable":true,"href":"https:\/\/skinstudio.ee\/lv\/wp-json\/wp\/v2\/product_cat?post=48760"},{"taxonomy":"product_tag","embeddable":true,"href":"https:\/\/skinstudio.ee\/lv\/wp-json\/wp\/v2\/product_tag?post=48760"},{"taxonomy":"giftcard-category","embeddable":true,"href":"https:\/\/skinstudio.ee\/lv\/wp-json\/wp\/v2\/giftcard-category?post=48760"}],"curies":[{"name":"wp","href":"https:\/\/api.w.org\/{rel}","templated":true}]}}