{"id":48768,"date":"2024-10-23T11:13:16","date_gmt":"2024-10-23T11:13:16","guid":{"rendered":"https:\/\/skinstudio.ee\/?post_type=product&#038;p=48768"},"modified":"2026-03-13T13:46:07","modified_gmt":"2026-03-13T13:46:07","slug":"glow-like-a-pro-kit","status":"publish","type":"product","link":"https:\/\/skinstudio.ee\/lv\/catalog\/hydropeptide\/glow-like-a-pro-kit\/","title":{"rendered":"Glow Like A Pro Kit"},"content":{"rendered":"<p data-start=\"127\" data-end=\"341\">Lai \u0101tri un radik\u0101li izgaismotu \u0101du un ieg\u016btu atjaunotu mirdzumu da\u017eu min\u016b\u0161u laik\u0101, \u0161is \u0113rtas izm\u0113ra ce\u013cojuma komplekts satur visu nepiecie\u0161amo, lai ieg\u016btu spo\u017eu, profesion\u0101lu \u0101das mirdzumu m\u0101j\u0101s vai ce\u013c\u0101.<\/p>\n<p data-start=\"343\" data-end=\"525\"><strong>Komplekt\u0101 ietilpst<\/strong>:<\/p>\n<ul>\n<li data-start=\"343\" data-end=\"525\">Radiance Mask (Full-Size 30 ml)<\/li>\n<li data-start=\"343\" data-end=\"525\">Foaming Cream Cleanser (Travel-Size 30 ml)<\/li>\n<li data-start=\"343\" data-end=\"525\">Polish and Plump Peel (Travel-Size 15+10 ml)<\/li>\n<li data-start=\"343\" data-end=\"525\">Firma-Bright \u2013 4 parauga paci\u0146as<\/li>\n<\/ul>\n","protected":false},"excerpt":{"rendered":"<p data-start=\"1416\" data-end=\"1440\">M\u0101jas mirdzuma ritu\u0101ls<\/p>\n<h2 data-start=\"1442\" data-end=\"1697\"><strong data-start=\"1442\" data-end=\"1489\">\u012bpa\u0161\u012bbas <\/strong><strong data-start=\"1442\" data-end=\"1489\">HydroPeptide &#8211; Glow Like A Pro Kit<\/strong><\/h2>\n<p data-start=\"1442\" data-end=\"1697\">\u2714\ufe0f Pal\u012bdz mazin\u0101t hiperpigment\u0101ciju<br data-start=\"1527\" data-end=\"1530\" \/>\u2714\ufe0f Nodro\u0161ina antioksidantu aizsardz\u012bbu<br data-start=\"1568\" data-end=\"1571\" \/>\u2714\ufe0f Redzami izgaismo un uzlabo \u0101das tekst\u016bru<br data-start=\"1614\" data-end=\"1617\" \/>\u2714\ufe0f Rada stingr\u0101kas \u0101das efektu<br data-start=\"1647\" data-end=\"1650\" \/>\u2714\ufe0f Profesion\u0101ls \u0101das mirdzums m\u0101jas apst\u0101k\u013cos<\/p>\n","protected":false},"featured_media":61698,"template":"","meta":[],"pwb-brand":[1211],"product_brand":[],"product_cat":[764,755,753],"product_tag":[],"giftcard-category":[],"class_list":{"0":"post-48768","1":"product","2":"type-product","3":"status-publish","4":"has-post-thumbnail","6":"pwb-brand-hydropeptide","7":"product_cat-davanu-ideja","8":"product_cat-komplekts","9":"product_cat-travel-size-lv","11":"first","12":"instock","13":"taxable","14":"shipping-taxable","15":"purchasable","16":"product-type-simple"},"acf":[],"brands":[{"id":1211,"name":"HydroPeptide","slug":"hydropeptide"}],"_links":{"self":[{"href":"https:\/\/skinstudio.ee\/lv\/wp-json\/wp\/v2\/product\/48768","targetHints":{"allow":["GET"]}}],"collection":[{"href":"https:\/\/skinstudio.ee\/lv\/wp-json\/wp\/v2\/product"}],"about":[{"href":"https:\/\/skinstudio.ee\/lv\/wp-json\/wp\/v2\/types\/product"}],"version-history":[{"count":1,"href":"https:\/\/skinstudio.ee\/lv\/wp-json\/wp\/v2\/product\/48768\/revisions"}],"predecessor-version":[{"id":85741,"href":"https:\/\/skinstudio.ee\/lv\/wp-json\/wp\/v2\/product\/48768\/revisions\/85741"}],"wp:featuredmedia":[{"embeddable":true,"href":"https:\/\/skinstudio.ee\/lv\/wp-json\/wp\/v2\/media\/61698"}],"wp:attachment":[{"href":"https:\/\/skinstudio.ee\/lv\/wp-json\/wp\/v2\/media?parent=48768"}],"wp:term":[{"taxonomy":"pwb-brand","embeddable":true,"href":"https:\/\/skinstudio.ee\/lv\/wp-json\/wp\/v2\/pwb-brand?post=48768"},{"taxonomy":"product_brand","embeddable":true,"href":"https:\/\/skinstudio.ee\/lv\/wp-json\/wp\/v2\/product_brand?post=48768"},{"taxonomy":"product_cat","embeddable":true,"href":"https:\/\/skinstudio.ee\/lv\/wp-json\/wp\/v2\/product_cat?post=48768"},{"taxonomy":"product_tag","embeddable":true,"href":"https:\/\/skinstudio.ee\/lv\/wp-json\/wp\/v2\/product_tag?post=48768"},{"taxonomy":"giftcard-category","embeddable":true,"href":"https:\/\/skinstudio.ee\/lv\/wp-json\/wp\/v2\/giftcard-category?post=48768"}],"curies":[{"name":"wp","href":"https:\/\/api.w.org\/{rel}","templated":true}]}}