{"id":48812,"date":"2024-10-04T07:43:26","date_gmt":"2024-10-04T07:43:26","guid":{"rendered":"https:\/\/skinstudio.ee\/?post_type=product&#038;p=48812"},"modified":"2026-03-13T13:49:33","modified_gmt":"2026-03-13T13:49:33","slug":"barrier-builder","status":"publish","type":"product","link":"https:\/\/skinstudio.ee\/lv\/catalog\/hydropeptide-lv\/barrier-builder\/","title":{"rendered":"Barrier Builder"},"content":{"rendered":"<p data-start=\"6\" data-end=\"301\"><strong data-start=\"6\" data-end=\"41\">Barrier Builder no HydroPeptide<\/strong> &#8211; terapeitisks kr\u0113ms, kas paredz\u0113ts \u0101das aizsargbarjeras atjauno\u0161anai un kairin\u0101tas vai nov\u0101jin\u0101tas \u0101das nomierin\u0101\u0161anai. Bag\u0101t\u012bg\u0101 un barojo\u0161\u0101 tekst\u016bra nodro\u0161ina dzi\u013cu mitrin\u0101\u0161anu un pal\u012bdz \u0101dai atjaunoties sausuma, jut\u012bguma un apk\u0101rt\u0113j\u0101s vides stresa ietekm\u0113.<\/p>\n<p data-start=\"303\" data-end=\"529\">Formula apvieno pept\u012bdus, lip\u012bdus un barjeru stiprino\u0161us komponentus, kas pal\u012bdz nostiprin\u0101t \u0101das dabisko aizsargsl\u0101ni un uztur\u0113t optim\u0101lu mitruma l\u012bmeni. \u0160is komplekss uzlabo \u0101das tekst\u016bru un padara to m\u012bkst\u0101ku un elast\u012bg\u0101ku.<\/p>\n<p data-start=\"531\" data-end=\"692\">Formulas centr\u0101 ir patent\u0113tais <strong data-start=\"562\" data-end=\"586\">CellRenew-16 pept\u012bds<\/strong>, kas pal\u012bdz veicin\u0101t \u0101das struktur\u0101lo prote\u012bnu sint\u0113zi un uztur\u0113t vesel\u012bg\u0101ku, l\u012bdzsvarot\u0101ku \u0101das izskatu.<\/p>\n<p data-start=\"694\" data-end=\"724\"><strong data-start=\"694\" data-end=\"724\">Akt\u012bvo komponentu darb\u012bba:<\/strong><\/p>\n<p data-start=\"726\" data-end=\"853\">\u2022 <strong data-start=\"728\" data-end=\"752\">CellRenew-16 Peptide<\/strong>: HydroPeptide patent\u0113ts pept\u012bds, kas atbalsta \u0101das atjauno\u0161anos un struktur\u0101lo prote\u012bnu veido\u0161anos<\/p>\n<p data-start=\"855\" data-end=\"979\">\u2022 <strong data-start=\"857\" data-end=\"920\">Ceramide Complex (Ceramide NP + Ceramide AP + Ceramide EOP)<\/strong>: stiprina \u0101das aizsargbarjeru un pal\u012bdz saglab\u0101t mitrumu<\/p>\n<p data-start=\"981\" data-end=\"1071\">\u2022 <strong data-start=\"983\" data-end=\"998\">Niacinamide<\/strong>: mazina aps\u0101rtumu, atbalsta \u0101das barjeras funkciju un uzlabo \u0101das toni<\/p>\n<p data-start=\"1073\" data-end=\"1207\"><strong data-start=\"1073\" data-end=\"1106\">Kam piem\u0113rots Barrier Builder<\/strong>: sausai, jut\u012bgai un nov\u0101jin\u0101tai \u0101dai, kurai nepiecie\u0161ama intens\u012bva barjeras atjauno\u0161ana un baro\u0161ana.<\/p>\n<p data-start=\"1209\" data-end=\"1227\"><strong data-start=\"1209\" data-end=\"1221\">Tilpums:<\/strong> 50 ml<\/p>\n","protected":false},"excerpt":{"rendered":"<p data-start=\"1411\" data-end=\"1437\">Atjaunojo\u0161s barojo\u0161s kr\u0113ms<\/p>\n<h2 data-start=\"1439\" data-end=\"1482\"><strong data-start=\"1439\" data-end=\"1482\">\u012apa\u0161\u012bbas HydroPeptide &#8211; Barrier Builder<\/strong><\/h2>\n<p data-start=\"1484\" data-end=\"1689\">\u2714\ufe0f Nostiprina \u0101das dabisko aizsargbarjeru<br data-start=\"1525\" data-end=\"1528\" \/>\u2714\ufe0f Nodro\u0161ina intens\u012bvu un ilgsto\u0161u mitrin\u0101\u0161anu<br data-start=\"1574\" data-end=\"1577\" \/>\u2714\ufe0f Nomierina aps\u0101rtumu un diskomfortu<br data-start=\"1614\" data-end=\"1617\" \/>\u2714\ufe0f Atjauno jut\u012bgas \u0101das komfortu<br data-start=\"1649\" data-end=\"1652\" \/>\u2714\ufe0f Padara \u0101du glud\u0101ku un elast\u012bg\u0101ku<\/p>\n","protected":false},"featured_media":61708,"template":"","meta":[],"pwb-brand":[1211],"product_brand":[],"product_cat":[745,737],"product_tag":[],"giftcard-category":[],"class_list":{"0":"post-48812","1":"product","2":"type-product","3":"status-publish","4":"has-post-thumbnail","6":"pwb-brand-hydropeptide-lv","7":"product_cat-jutigai-adai","8":"product_cat-mitrinasana","10":"first","11":"instock","12":"taxable","13":"shipping-taxable","14":"purchasable","15":"product-type-simple"},"acf":[],"brands":[{"id":1211,"name":"HydroPeptide","slug":"hydropeptide-lv"}],"_links":{"self":[{"href":"https:\/\/skinstudio.ee\/lv\/wp-json\/wp\/v2\/product\/48812","targetHints":{"allow":["GET"]}}],"collection":[{"href":"https:\/\/skinstudio.ee\/lv\/wp-json\/wp\/v2\/product"}],"about":[{"href":"https:\/\/skinstudio.ee\/lv\/wp-json\/wp\/v2\/types\/product"}],"version-history":[{"count":1,"href":"https:\/\/skinstudio.ee\/lv\/wp-json\/wp\/v2\/product\/48812\/revisions"}],"predecessor-version":[{"id":85750,"href":"https:\/\/skinstudio.ee\/lv\/wp-json\/wp\/v2\/product\/48812\/revisions\/85750"}],"wp:featuredmedia":[{"embeddable":true,"href":"https:\/\/skinstudio.ee\/lv\/wp-json\/wp\/v2\/media\/61708"}],"wp:attachment":[{"href":"https:\/\/skinstudio.ee\/lv\/wp-json\/wp\/v2\/media?parent=48812"}],"wp:term":[{"taxonomy":"pwb-brand","embeddable":true,"href":"https:\/\/skinstudio.ee\/lv\/wp-json\/wp\/v2\/pwb-brand?post=48812"},{"taxonomy":"product_brand","embeddable":true,"href":"https:\/\/skinstudio.ee\/lv\/wp-json\/wp\/v2\/product_brand?post=48812"},{"taxonomy":"product_cat","embeddable":true,"href":"https:\/\/skinstudio.ee\/lv\/wp-json\/wp\/v2\/product_cat?post=48812"},{"taxonomy":"product_tag","embeddable":true,"href":"https:\/\/skinstudio.ee\/lv\/wp-json\/wp\/v2\/product_tag?post=48812"},{"taxonomy":"giftcard-category","embeddable":true,"href":"https:\/\/skinstudio.ee\/lv\/wp-json\/wp\/v2\/giftcard-category?post=48812"}],"curies":[{"name":"wp","href":"https:\/\/api.w.org\/{rel}","templated":true}]}}