{"id":48824,"date":"2024-05-12T12:27:29","date_gmt":"2024-05-12T12:27:29","guid":{"rendered":"https:\/\/skinstudio.ee\/?post_type=product&#038;p=48824"},"modified":"2026-03-13T13:53:32","modified_gmt":"2026-03-13T13:53:32","slug":"foaming-cream-cleanser","status":"publish","type":"product","link":"https:\/\/skinstudio.ee\/lv\/catalog\/hydropeptide-lv\/foaming-cream-cleanser\/","title":{"rendered":"Foaming Cream Cleanser"},"content":{"rendered":"<p data-start=\"6\" data-end=\"316\"><strong data-start=\"6\" data-end=\"48\">Foaming Cream Cleanser no HydroPeptide<\/strong> &#8211; izgaismojo\u0161s kr\u0113mveida att\u012bro\u0161s l\u012bdzeklis ar greznu tekst\u016bru, kas maigi att\u012bra \u0101du, vienlaikus nodro\u0161inot vieglu eksfoli\u0101ciju un dzi\u013cu mitrin\u0101\u0161anu. Formula pal\u012bdz no\u0146emt net\u012brumus, lieko sebumu un virspus\u0113jos nogulsn\u0113jumus, padarot \u0101du svaigu, gludu un komfortablu.<\/p>\n<p data-start=\"318\" data-end=\"564\">Izgaismojo\u0161o akt\u012bvo vielu un maigo att\u012bro\u0161o komponentu kombin\u0101cija pal\u012bdz uzlabot \u0101das toni un atjaunot dabisko mirdzumu. Taj\u0101 pa\u0161\u0101 laik\u0101 formula pal\u012bdz uztur\u0113t optim\u0101lu mitruma l\u012bmeni un uzlabot \u0101das tekst\u016bru, netrauc\u0113jot dabisko aizsargbarjeru.<\/p>\n<p data-start=\"566\" data-end=\"724\">Aminosk\u0101bes un augu izcelsmes pept\u012bdi pal\u012bdz stiprin\u0101t \u0101du un uzlabot t\u0101s elast\u012bbu, atst\u0101jot \u0101du m\u012bkstu, t\u012bru un redzami atsvaidzin\u0101tu p\u0113c katras att\u012br\u012b\u0161anas.<\/p>\n<p data-start=\"726\" data-end=\"756\"><strong data-start=\"726\" data-end=\"756\">Akt\u012bvo komponentu darb\u012bba:<\/strong><\/p>\n<p data-start=\"758\" data-end=\"853\">\u2022 <strong data-start=\"760\" data-end=\"790\">Oryza Sativa (Rice) Powder<\/strong>: maigi eksfoli\u0113 atmiru\u0161\u0101s \u0101das \u0161\u016bnas un uzlabo \u0101das tekst\u016bru<\/p>\n<p data-start=\"855\" data-end=\"964\">\u2022 <strong data-start=\"857\" data-end=\"872\">Niacinamide<\/strong>: pal\u012bdz izl\u012bdzin\u0101t \u0101das toni, uzlabo \u0101das dzidr\u012bbu un samazina papla\u0161in\u0101to poru redzam\u012bbu<\/p>\n<p data-start=\"966\" data-end=\"1070\">\u2022 <strong data-start=\"968\" data-end=\"987\">Tranexamic Acid<\/strong>: pal\u012bdz samazin\u0101t hiperpigment\u0101cijas redzam\u012bbu un veicina vienm\u0113r\u012bg\u0101ku \u0101das toni<\/p>\n<p data-start=\"1072\" data-end=\"1215\"><strong data-start=\"1072\" data-end=\"1112\">Kam piem\u0113rots Foaming Cream Cleanser<\/strong>: visiem \u0101das tipiem; \u012bpa\u0161i bl\u0101vai, dehidr\u0113tai \u0101dai ar nevienm\u0113r\u012bgu tekst\u016bru vai pigment\u0101cijas paz\u012bm\u0113m.<\/p>\n<p data-start=\"1217\" data-end=\"1236\"><strong data-start=\"1217\" data-end=\"1229\">Tilpums:<\/strong> 118 ml<\/p>\n","protected":false},"excerpt":{"rendered":"<p data-start=\"1459\" data-end=\"1498\">Izgaismojo\u0161s sejas att\u012bro\u0161ais l\u012bdzeklis<\/p>\n<h2 data-start=\"1500\" data-end=\"1550\"><strong data-start=\"1500\" data-end=\"1550\">\u012apa\u0161\u012bbas HydroPeptide &#8211; Foaming Cream Cleanser<\/strong><\/h2>\n<p data-start=\"1552\" data-end=\"1752\">\u2714\ufe0f Maigi att\u012bra \u0101du bez sausuma saj\u016btas<br data-start=\"1591\" data-end=\"1594\" \/>\u2714\ufe0f Nodro\u0161ina vieglu eksfoli\u0101ciju glud\u0101kai \u0101dai<br data-start=\"1640\" data-end=\"1643\" \/>\u2714\ufe0f Uzlabo \u0101das mirdzumu un dzidr\u012bbu<br data-start=\"1678\" data-end=\"1681\" \/>\u2714\ufe0f Pal\u012bdz saglab\u0101t mitruma l\u012bdzsvaru<br data-start=\"1717\" data-end=\"1720\" \/>\u2714\ufe0f Atst\u0101j \u0101du m\u012bkstu un svaigu<\/p>\n","protected":false},"featured_media":61713,"template":"","meta":[],"pwb-brand":[1211],"product_brand":[],"product_cat":[715,749,751,739,747],"product_tag":[],"giftcard-category":[],"class_list":{"0":"post-48824","1":"product","2":"type-product","3":"status-publish","4":"has-post-thumbnail","6":"pwb-brand-hydropeptide-lv","7":"product_cat-attirisana","8":"product_cat-novecojosa-ada","9":"product_cat-pigmentacija-lv","10":"product_cat-sausai-adai","11":"product_cat-taukainai-adai","13":"first","14":"instock","15":"taxable","16":"shipping-taxable","17":"purchasable","18":"product-type-simple"},"acf":[],"brands":[{"id":1211,"name":"HydroPeptide","slug":"hydropeptide-lv"}],"_links":{"self":[{"href":"https:\/\/skinstudio.ee\/lv\/wp-json\/wp\/v2\/product\/48824","targetHints":{"allow":["GET"]}}],"collection":[{"href":"https:\/\/skinstudio.ee\/lv\/wp-json\/wp\/v2\/product"}],"about":[{"href":"https:\/\/skinstudio.ee\/lv\/wp-json\/wp\/v2\/types\/product"}],"version-history":[{"count":1,"href":"https:\/\/skinstudio.ee\/lv\/wp-json\/wp\/v2\/product\/48824\/revisions"}],"predecessor-version":[{"id":85761,"href":"https:\/\/skinstudio.ee\/lv\/wp-json\/wp\/v2\/product\/48824\/revisions\/85761"}],"wp:featuredmedia":[{"embeddable":true,"href":"https:\/\/skinstudio.ee\/lv\/wp-json\/wp\/v2\/media\/61713"}],"wp:attachment":[{"href":"https:\/\/skinstudio.ee\/lv\/wp-json\/wp\/v2\/media?parent=48824"}],"wp:term":[{"taxonomy":"pwb-brand","embeddable":true,"href":"https:\/\/skinstudio.ee\/lv\/wp-json\/wp\/v2\/pwb-brand?post=48824"},{"taxonomy":"product_brand","embeddable":true,"href":"https:\/\/skinstudio.ee\/lv\/wp-json\/wp\/v2\/product_brand?post=48824"},{"taxonomy":"product_cat","embeddable":true,"href":"https:\/\/skinstudio.ee\/lv\/wp-json\/wp\/v2\/product_cat?post=48824"},{"taxonomy":"product_tag","embeddable":true,"href":"https:\/\/skinstudio.ee\/lv\/wp-json\/wp\/v2\/product_tag?post=48824"},{"taxonomy":"giftcard-category","embeddable":true,"href":"https:\/\/skinstudio.ee\/lv\/wp-json\/wp\/v2\/giftcard-category?post=48824"}],"curies":[{"name":"wp","href":"https:\/\/api.w.org\/{rel}","templated":true}]}}