{"id":48841,"date":"2024-02-02T10:38:33","date_gmt":"2024-02-02T10:38:33","guid":{"rendered":"https:\/\/skinstudio.ee\/?post_type=product&#038;p=48841"},"modified":"2026-03-13T14:03:51","modified_gmt":"2026-03-13T14:03:51","slug":"retinol-eye-renewal","status":"publish","type":"product","link":"https:\/\/skinstudio.ee\/lv\/catalog\/hydropeptide-lv\/retinol-eye-renewal\/","title":{"rendered":"Retinol Eye Renewal"},"content":{"rendered":"<p data-start=\"6\" data-end=\"345\"><strong data-start=\"6\" data-end=\"45\">Retinol Eye Renewal no HydroPeptide<\/strong> &#8211; intens\u012bvs retinola acu kr\u0113ms, kas paredz\u0113ts redzamai acu zonas atjauno\u0161anai un galveno noveco\u0161an\u0101s paz\u012bmju korekcijai. Formula apvieno kontrol\u0113tu retino\u012bdu koncentr\u0101ciju ar z\u012bmola patent\u0113to pept\u012bdu kompleksu, pal\u012bdzot uzlabot \u0101das bl\u012bvumu, izl\u012bdzin\u0101t grumbas un padar\u012bt acu zonas \u0101du vienm\u0113r\u012bg\u0101ku.<\/p>\n<p data-start=\"347\" data-end=\"517\"><strong data-start=\"347\" data-end=\"384\">Universal Tri-Retinol tehnolo\u0123ija<\/strong> apvieno tr\u012bs progres\u012bvas retino\u012bdu formas, kas pak\u0101peniski izdal\u0101s \u0101d\u0101, stimul\u0113jot \u0101das atjauno\u0161anos un samazinot kairin\u0101juma risku.<\/p>\n<p data-start=\"519\" data-end=\"688\">Papildu pept\u012bdu komplekss pal\u012bdz samazin\u0101t tum\u0161os lokus un t\u016bsku zem ac\u012bm, vienlaikus veicinot kolag\u0113na sint\u0113zi, padarot acu zonu glud\u0101ku, stingr\u0101ku un redzami svaig\u0101ku.<\/p>\n<p data-start=\"690\" data-end=\"720\"><strong data-start=\"690\" data-end=\"720\">Akt\u012bvo komponentu darb\u012bba:<\/strong><\/p>\n<p data-start=\"722\" data-end=\"895\">\u2022 <strong data-start=\"724\" data-end=\"809\">0.65% Triple Retinol Complex (Retinol + Glyceryl Diretinoate + Retinyl Linoleate)<\/strong>: pa\u0101trina \u0101das atjauno\u0161anos, izl\u012bdzina \u201ev\u0101rnu k\u0101ji\u0146as\u201d un uzlabo acu zonas tekst\u016bru<\/p>\n<p data-start=\"897\" data-end=\"1036\">\u2022 <strong data-start=\"899\" data-end=\"928\">CellRenew-16 Peptide (5%)<\/strong>: HydroPeptide patent\u0113ts pept\u012bds, kas stimul\u0113 struktur\u0101lo prote\u012bnu sint\u0113zi un stiprina \u0101das aizsargbarjeru<\/p>\n<p data-start=\"1038\" data-end=\"1145\">\u2022 <strong data-start=\"1040\" data-end=\"1062\">Nonapeptide-3 (5%)<\/strong>: retinolam l\u012bdz\u012bgs pept\u012bds, kas veicina kolag\u0113na sint\u0113zi un uzlabo \u0101das elast\u012bbu<\/p>\n<p data-start=\"1147\" data-end=\"1264\"><strong data-start=\"1147\" data-end=\"1184\">Kam piem\u0113rots Retinol Eye Renewal<\/strong>: acu zonas \u0101dai ar grumb\u0101m, tum\u0161iem lokiem, t\u016bsku un cit\u0101m noveco\u0161an\u0101s paz\u012bm\u0113m.<\/p>\n<p data-start=\"1266\" data-end=\"1284\"><strong data-start=\"1266\" data-end=\"1278\">Tilpums:<\/strong> 15 ml<\/p>\n","protected":false},"excerpt":{"rendered":"<p data-start=\"1619\" data-end=\"1656\">Intens\u012bvs retinola acu liftinga kr\u0113ms<\/p>\n<h2 data-start=\"1658\" data-end=\"1705\"><strong data-start=\"1658\" data-end=\"1705\">\u012apa\u0161\u012bbas HydroPeptide &#8211; Retinol Eye Renewal<\/strong><\/h2>\n<p data-start=\"1707\" data-end=\"1916\">\u2714\ufe0f Redzami samazina \u201ev\u0101rnu k\u0101ji\u0146as\u201d un grumbas<br data-start=\"1753\" data-end=\"1756\" \/>\u2714\ufe0f Izgaismo tum\u0161os lokus zem ac\u012bm<br data-start=\"1789\" data-end=\"1792\" \/>\u2714\ufe0f Nostiprina un sabiezina acu zonas \u0101du<br data-start=\"1832\" data-end=\"1835\" \/>\u2714\ufe0f Uzlabo \u0101das tekst\u016bru un vienm\u0113r\u012bgumu<br data-start=\"1874\" data-end=\"1877\" \/>\u2714\ufe0f Nodro\u0161ina izteiktu anti-age efektu<\/p>\n","protected":false},"featured_media":61733,"template":"","meta":[],"pwb-brand":[1211],"product_brand":[],"product_cat":[727,733],"product_tag":[],"giftcard-category":[],"class_list":{"0":"post-48841","1":"product","2":"type-product","3":"status-publish","4":"has-post-thumbnail","6":"pwb-brand-hydropeptide-lv","7":"product_cat-a-vitamins-retinols","8":"product_cat-ada-ap-acim","10":"first","11":"instock","12":"taxable","13":"shipping-taxable","14":"purchasable","15":"product-type-simple"},"acf":[],"brands":[{"id":1211,"name":"HydroPeptide","slug":"hydropeptide-lv"}],"_links":{"self":[{"href":"https:\/\/skinstudio.ee\/lv\/wp-json\/wp\/v2\/product\/48841","targetHints":{"allow":["GET"]}}],"collection":[{"href":"https:\/\/skinstudio.ee\/lv\/wp-json\/wp\/v2\/product"}],"about":[{"href":"https:\/\/skinstudio.ee\/lv\/wp-json\/wp\/v2\/types\/product"}],"version-history":[{"count":1,"href":"https:\/\/skinstudio.ee\/lv\/wp-json\/wp\/v2\/product\/48841\/revisions"}],"predecessor-version":[{"id":85789,"href":"https:\/\/skinstudio.ee\/lv\/wp-json\/wp\/v2\/product\/48841\/revisions\/85789"}],"wp:featuredmedia":[{"embeddable":true,"href":"https:\/\/skinstudio.ee\/lv\/wp-json\/wp\/v2\/media\/61733"}],"wp:attachment":[{"href":"https:\/\/skinstudio.ee\/lv\/wp-json\/wp\/v2\/media?parent=48841"}],"wp:term":[{"taxonomy":"pwb-brand","embeddable":true,"href":"https:\/\/skinstudio.ee\/lv\/wp-json\/wp\/v2\/pwb-brand?post=48841"},{"taxonomy":"product_brand","embeddable":true,"href":"https:\/\/skinstudio.ee\/lv\/wp-json\/wp\/v2\/product_brand?post=48841"},{"taxonomy":"product_cat","embeddable":true,"href":"https:\/\/skinstudio.ee\/lv\/wp-json\/wp\/v2\/product_cat?post=48841"},{"taxonomy":"product_tag","embeddable":true,"href":"https:\/\/skinstudio.ee\/lv\/wp-json\/wp\/v2\/product_tag?post=48841"},{"taxonomy":"giftcard-category","embeddable":true,"href":"https:\/\/skinstudio.ee\/lv\/wp-json\/wp\/v2\/giftcard-category?post=48841"}],"curies":[{"name":"wp","href":"https:\/\/api.w.org\/{rel}","templated":true}]}}