{"id":48862,"date":"2024-01-13T09:54:17","date_gmt":"2024-01-13T09:54:17","guid":{"rendered":"https:\/\/skinstudio.ee\/?post_type=product&#038;p=48862"},"modified":"2026-03-13T14:12:00","modified_gmt":"2026-03-13T14:12:00","slug":"age-reversal-regimen","status":"publish","type":"product","link":"https:\/\/skinstudio.ee\/lv\/catalog\/hydropeptide-lv\/age-reversal-regimen\/","title":{"rendered":"Age Reversal Regimen"},"content":{"rendered":"<p data-start=\"135\" data-end=\"678\">Se\u0161i visvair\u0101k p\u0101rdotie produkti, viena visaptvero\u0161a proced\u016bra redzamai \u0101das atjauno\u0161anai.<br data-start=\"232\" data-end=\"235\" \/>Nemain\u012bgi jauna \u0101da s\u0101kas ar pept\u012bdu sp\u0113ku.<br data-start=\"278\" data-end=\"281\" \/>Iev\u0113rojami p\u0101rveidojiet un aizsarg\u0101jiet \u0101du ar \u0161o augsti efekt\u012bvo nepiecie\u0161amo l\u012bdzek\u013cu komplektu, kas kl\u012bniski izstr\u0101d\u0101ts, lai nov\u0113rstu redzam\u0101s \u0101das boj\u0101jumu un foto noveco\u0161an\u0101s paz\u012bmes.<br data-start=\"469\" data-end=\"472\" \/>Patent\u0113t\u0101 pept\u012bdu tehnolo\u0123ija un progres\u012bv\u0101s formulas darbojas siner\u0123iski, nodro\u0161inot \u0101du ar visu nepiecie\u0161amo, lai sasniegtu un saglab\u0101tu vesel\u012bgu, jaunekl\u012bgu mirdzumu vien\u0101 visaptvero\u0161\u0101 ikdienas re\u017e\u012bm\u0101.<\/p>\n<p data-start=\"1263\" data-end=\"1489\"><strong>Komplekt\u0101 ietilpst<\/strong>:<\/p>\n<ul>\n<li data-start=\"1263\" data-end=\"1489\">Travel Power Serum 10 ml<\/li>\n<li data-start=\"1263\" data-end=\"1489\">Travel Power Lift 5 ml<\/li>\n<li data-start=\"1263\" data-end=\"1489\">Travel Eye Authority 5 ml<\/li>\n<li data-start=\"1263\" data-end=\"1489\">Travel Nimni Cream 5 ml<\/li>\n<li data-start=\"1263\" data-end=\"1489\">Travel Exfoliating Cleanser 50 ml<\/li>\n<li data-start=\"1263\" data-end=\"1489\">Travel Solar Defense Tinted SPF 30 15 ml<\/li>\n<li data-start=\"1263\" data-end=\"1489\">Kosm\u0113tikas somi\u0146a<\/li>\n<\/ul>\n","protected":false},"excerpt":{"rendered":"<p data-start=\"2153\" data-end=\"2208\">Sp\u0113c\u012bgi risin\u0101jumi no \u0101das noveco\u0161an\u0101s ekspertu puses<\/p>\n<h2 data-start=\"2210\" data-end=\"2448\"><strong data-start=\"2210\" data-end=\"2258\">\u012bpa\u0161\u012bbas <\/strong><strong data-start=\"2210\" data-end=\"2258\">HydroPeptide &#8211; Age Reversal Regimen<\/strong><\/h2>\n<p data-start=\"2210\" data-end=\"2448\">\u2714\ufe0f Visaptvero\u0161a pretnoveco\u0161an\u0101s programma<br data-start=\"2302\" data-end=\"2305\" \/>\u2714\ufe0f Samazina grumbu un l\u012bniju redzam\u012bbu<br data-start=\"2343\" data-end=\"2346\" \/>\u2714\ufe0f Uzlabo \u0101das bl\u012bvumu un elast\u012bbu<br data-start=\"2380\" data-end=\"2383\" \/>\u2714\ufe0f Stimul\u0113 \u0161\u016bnu atjauno\u0161anos<br data-start=\"2411\" data-end=\"2414\" \/>\u2714\ufe0f Padara \u0101du jaun\u0101ku un glud\u0101ku<\/p>\n","protected":false},"featured_media":61743,"template":"","meta":[],"pwb-brand":[1211],"product_brand":[],"product_cat":[764,755,753],"product_tag":[],"giftcard-category":[],"class_list":{"0":"post-48862","1":"product","2":"type-product","3":"status-publish","4":"has-post-thumbnail","6":"pwb-brand-hydropeptide-lv","7":"product_cat-davanu-ideja","8":"product_cat-komplekts","9":"product_cat-travel-size-lv","11":"first","12":"instock","13":"taxable","14":"shipping-taxable","15":"purchasable","16":"product-type-simple"},"acf":[],"brands":[{"id":1211,"name":"HydroPeptide","slug":"hydropeptide-lv"}],"_links":{"self":[{"href":"https:\/\/skinstudio.ee\/lv\/wp-json\/wp\/v2\/product\/48862","targetHints":{"allow":["GET"]}}],"collection":[{"href":"https:\/\/skinstudio.ee\/lv\/wp-json\/wp\/v2\/product"}],"about":[{"href":"https:\/\/skinstudio.ee\/lv\/wp-json\/wp\/v2\/types\/product"}],"version-history":[{"count":1,"href":"https:\/\/skinstudio.ee\/lv\/wp-json\/wp\/v2\/product\/48862\/revisions"}],"predecessor-version":[{"id":85805,"href":"https:\/\/skinstudio.ee\/lv\/wp-json\/wp\/v2\/product\/48862\/revisions\/85805"}],"wp:featuredmedia":[{"embeddable":true,"href":"https:\/\/skinstudio.ee\/lv\/wp-json\/wp\/v2\/media\/61743"}],"wp:attachment":[{"href":"https:\/\/skinstudio.ee\/lv\/wp-json\/wp\/v2\/media?parent=48862"}],"wp:term":[{"taxonomy":"pwb-brand","embeddable":true,"href":"https:\/\/skinstudio.ee\/lv\/wp-json\/wp\/v2\/pwb-brand?post=48862"},{"taxonomy":"product_brand","embeddable":true,"href":"https:\/\/skinstudio.ee\/lv\/wp-json\/wp\/v2\/product_brand?post=48862"},{"taxonomy":"product_cat","embeddable":true,"href":"https:\/\/skinstudio.ee\/lv\/wp-json\/wp\/v2\/product_cat?post=48862"},{"taxonomy":"product_tag","embeddable":true,"href":"https:\/\/skinstudio.ee\/lv\/wp-json\/wp\/v2\/product_tag?post=48862"},{"taxonomy":"giftcard-category","embeddable":true,"href":"https:\/\/skinstudio.ee\/lv\/wp-json\/wp\/v2\/giftcard-category?post=48862"}],"curies":[{"name":"wp","href":"https:\/\/api.w.org\/{rel}","templated":true}]}}