{"id":48947,"date":"2023-08-01T09:46:12","date_gmt":"2023-08-01T09:46:12","guid":{"rendered":"https:\/\/skinstudio.ee\/?post_type=product&#038;p=48947"},"modified":"2026-03-13T14:21:37","modified_gmt":"2026-03-13T14:21:37","slug":"liquid-resurfacing-solution","status":"publish","type":"product","link":"https:\/\/skinstudio.ee\/lv\/catalog\/hydropeptide-lv\/liquid-resurfacing-solution\/","title":{"rendered":"Liquid Resurfacing Solution"},"content":{"rendered":"<p data-start=\"57\" data-end=\"349\"><strong>Liquid Resurfacing Solution no HydroPeptide<\/strong> ir viegls, nenoskalojams eksfoliants ar <strong data-start=\"141\" data-end=\"160\">2% salicilsk\u0101bi<\/strong>, kas maigi atjauno \u0101du un uzlabo t\u0101s tekst\u016bru, neboj\u0101jot \u0101das aizsargbarjeru. Formula pal\u012bdz att\u012br\u012bt poras, regul\u0113t p\u0101rm\u0113r\u012bgu sebuma izdal\u012b\u0161anos un veicina vesel\u012bgu \u0101das \u0161\u016bnu atjauno\u0161anos.<\/p>\n<p data-start=\"351\" data-end=\"522\">BHA sk\u0101bes, antioksidantu un patent\u0113t\u0101 <strong data-start=\"390\" data-end=\"414\">CellRenew-16 pept\u012bda<\/strong> kombin\u0101cija pal\u012bdz izl\u012bdzin\u0101t \u0101das toni, uzlabot gludumu un pie\u0161\u0137irt sejai svaig\u0101ku un starojo\u0161\u0101ku izskatu.<\/p>\n<p data-start=\"524\" data-end=\"554\"><strong data-start=\"524\" data-end=\"554\">Akt\u012bvo komponentu darb\u012bba:<\/strong><\/p>\n<p data-start=\"556\" data-end=\"699\">\u2022 <strong data-start=\"558\" data-end=\"579\">2% Salicylic Acid<\/strong>: BHA sk\u0101be, kas pal\u012bdz \u0161\u0137\u012bdin\u0101t por\u0101s uzkr\u0101tos net\u012brumus, l\u012bdzsvarot sebuma izdal\u012b\u0161anos un veicina \u0101das atjauno\u0161anos.<\/p>\n<p data-start=\"701\" data-end=\"836\">\u2022 <strong data-start=\"703\" data-end=\"727\">CellRenew-16 Peptide<\/strong>: HydroPeptide patent\u0113ts pept\u012bds, kas stimul\u0113 \u0101das atjauno\u0161an\u0101s procesus un stiprina t\u0101s aizsargmeh\u0101nismus.<\/p>\n<p data-start=\"838\" data-end=\"981\">\u2022 <strong data-start=\"840\" data-end=\"867\">Antioxidant Tea Complex<\/strong>: augu antioksidantu komplekss, kas pal\u012bdz aizsarg\u0101t \u0101du pret oksidat\u012bvo stresu un veicina vienm\u0113r\u012bg\u0101ku \u0101das toni.<\/p>\n<p data-start=\"983\" data-end=\"1158\"><strong data-start=\"983\" data-end=\"1028\">Kam piem\u0113rots Liquid Resurfacing Solution<\/strong>: visiem \u0101das tipiem, iz\u0146emot \u013coti jut\u012bgu \u0101du, \u012bpa\u0161i taukainai, kombin\u0113tai, aknei pak\u013cautai \u0101dai un \u0101dai ar nevienm\u0113r\u012bgu tekst\u016bru.<\/p>\n<p data-start=\"1160\" data-end=\"1179\"><strong data-start=\"1160\" data-end=\"1172\">Tilpums:<\/strong> 120 ml<\/p>\n","protected":false},"excerpt":{"rendered":"<p data-start=\"1494\" data-end=\"1526\">Viegls nenoskalojams eksfoliants<\/p>\n<h2 data-start=\"1528\" data-end=\"1583\"><strong data-start=\"1528\" data-end=\"1583\">\u012apa\u0161\u012bbas HydroPeptide &#8211; Liquid Resurfacing Solution<\/strong><\/h2>\n<p data-start=\"1585\" data-end=\"1777\">\u2714\ufe0f Eksfoli\u0113 \u0101du un izl\u012bdzina t\u0101s tekst\u016bru<br data-start=\"1626\" data-end=\"1629\" \/>\u2714\ufe0f Uzlabo \u0101das toni un sejas kr\u0101su<br data-start=\"1663\" data-end=\"1666\" \/>\u2714\ufe0f Pal\u012bdz samazin\u0101t poru redzam\u012bbu<br data-start=\"1700\" data-end=\"1703\" \/>\u2714\ufe0f Veicina \u0101das \u0161\u016bnu atjauno\u0161anos<br data-start=\"1736\" data-end=\"1739\" \/>\u2714\ufe0f Padara \u0101du glud\u0101ku un starojo\u0161\u0101ku<\/p>\n","protected":false},"featured_media":61753,"template":"","meta":[],"pwb-brand":[1211],"product_brand":[],"product_cat":[741,743,751,719,747],"product_tag":[],"giftcard-category":[],"class_list":{"0":"post-48947","1":"product","2":"type-product","3":"status-publish","4":"has-post-thumbnail","6":"pwb-brand-hydropeptide-lv","7":"product_cat-izsitumi","8":"product_cat-paplasinatas-poras","9":"product_cat-pigmentacija-lv","10":"product_cat-skrubji-un-pilingi","11":"product_cat-taukainai-adai","13":"first","14":"instock","15":"taxable","16":"shipping-taxable","17":"purchasable","18":"product-type-simple"},"acf":[],"brands":[{"id":1211,"name":"HydroPeptide","slug":"hydropeptide-lv"}],"_links":{"self":[{"href":"https:\/\/skinstudio.ee\/lv\/wp-json\/wp\/v2\/product\/48947","targetHints":{"allow":["GET"]}}],"collection":[{"href":"https:\/\/skinstudio.ee\/lv\/wp-json\/wp\/v2\/product"}],"about":[{"href":"https:\/\/skinstudio.ee\/lv\/wp-json\/wp\/v2\/types\/product"}],"version-history":[{"count":1,"href":"https:\/\/skinstudio.ee\/lv\/wp-json\/wp\/v2\/product\/48947\/revisions"}],"predecessor-version":[{"id":85832,"href":"https:\/\/skinstudio.ee\/lv\/wp-json\/wp\/v2\/product\/48947\/revisions\/85832"}],"wp:featuredmedia":[{"embeddable":true,"href":"https:\/\/skinstudio.ee\/lv\/wp-json\/wp\/v2\/media\/61753"}],"wp:attachment":[{"href":"https:\/\/skinstudio.ee\/lv\/wp-json\/wp\/v2\/media?parent=48947"}],"wp:term":[{"taxonomy":"pwb-brand","embeddable":true,"href":"https:\/\/skinstudio.ee\/lv\/wp-json\/wp\/v2\/pwb-brand?post=48947"},{"taxonomy":"product_brand","embeddable":true,"href":"https:\/\/skinstudio.ee\/lv\/wp-json\/wp\/v2\/product_brand?post=48947"},{"taxonomy":"product_cat","embeddable":true,"href":"https:\/\/skinstudio.ee\/lv\/wp-json\/wp\/v2\/product_cat?post=48947"},{"taxonomy":"product_tag","embeddable":true,"href":"https:\/\/skinstudio.ee\/lv\/wp-json\/wp\/v2\/product_tag?post=48947"},{"taxonomy":"giftcard-category","embeddable":true,"href":"https:\/\/skinstudio.ee\/lv\/wp-json\/wp\/v2\/giftcard-category?post=48947"}],"curies":[{"name":"wp","href":"https:\/\/api.w.org\/{rel}","templated":true}]}}