{"id":48966,"date":"2023-05-24T17:57:18","date_gmt":"2023-05-24T17:57:18","guid":{"rendered":"https:\/\/skinstudio.ee\/?post_type=product&#038;p=48966"},"modified":"2026-03-13T14:28:25","modified_gmt":"2026-03-13T14:28:25","slug":"polypeptide-collagel-face","status":"publish","type":"product","link":"https:\/\/skinstudio.ee\/lv\/catalog\/hydropeptide-lv\/polypeptide-collagel-face\/","title":{"rendered":"PolyPeptide Collagel+ Face"},"content":{"rendered":"<p data-start=\"53\" data-end=\"367\"><strong data-start=\"53\" data-end=\"98\">PolyPeptide Collagel+ Face no HydroPeptide<\/strong> ir hidrog\u0113la sejas maska, kas izstr\u0101d\u0101ta, lai veicin\u0101tu \u0101das atjauno\u0161anos un pagarin\u0101tu profesion\u0101lo kosm\u0113tisko proced\u016bru rezult\u0101tus. Atjaunojo\u0161s pept\u012bdu un antioksidantu komplekss pal\u012bdz stimul\u0113t \u0101das re\u0123ener\u0101ciju, uzlabojot t\u0101s gludumu, elast\u012bbu un dabisko mirdzumu.<\/p>\n<p data-start=\"369\" data-end=\"608\">Hidrog\u0113la tehnolo\u0123ija nodro\u0161ina intens\u012bvu mitrin\u0101\u0161anu un pal\u012bdz saglab\u0101t mitrumu \u0101d\u0101, vienlaikus radot pat\u012bkamu atv\u0113sino\u0161u un nomierino\u0161u efektu. Maska \u0101tri atsvaidzina noguru\u0161u \u0101du, padarot to vizu\u0101li glud\u0101ku, piepild\u012bt\u0101ku un starojo\u0161\u0101ku.<\/p>\n<p data-start=\"610\" data-end=\"640\"><strong data-start=\"610\" data-end=\"640\">Akt\u012bvo komponentu darb\u012bba:<\/strong><\/p>\n<p data-start=\"642\" data-end=\"795\">\u2022 <strong data-start=\"644\" data-end=\"667\">Hydrogel Technology<\/strong>: nodro\u0161ina dzi\u013cu mitrin\u0101\u0161anu un uzlabo akt\u012bvo sast\u0101vda\u013cu iek\u013c\u016b\u0161anu \u0101d\u0101, vienlaikus radot atsvaidzino\u0161u un nomierino\u0161u efektu.<\/p>\n<p data-start=\"797\" data-end=\"879\">\u2022 <strong data-start=\"799\" data-end=\"822\">Hydrolyzed Collagen<\/strong>: pal\u012bdz uzlabot \u0101das elast\u012bbu un veicina t\u0101s tvirtumu.<\/p>\n<p data-start=\"881\" data-end=\"999\">\u2022 <strong data-start=\"883\" data-end=\"913\">Caviar Extract + Vitamin E<\/strong>: antioksidantu un uzturvielu komplekss, kas pal\u012bdz barot \u0101du un uzlabot t\u0101s mirdzumu.<\/p>\n<p data-start=\"1001\" data-end=\"1147\"><strong data-start=\"1001\" data-end=\"1044\">Kam piem\u0113rots PolyPeptide Collagel Face<\/strong>: visiem \u0101das tipiem, \u012bpa\u0161i nobriedu\u0161ai, noguru\u0161ai, dehidr\u0113tai \u0101dai un \u0101dai p\u0113c kosm\u0113tisk\u0101m proced\u016br\u0101m.<\/p>\n<p data-start=\"1149\" data-end=\"1168\"><strong data-start=\"1149\" data-end=\"1161\">Tilpums:<\/strong> 1 gab.<\/p>\n","protected":false},"excerpt":{"rendered":"<p data-start=\"1397\" data-end=\"1418\">Hidrog\u0113la sejas maska<\/p>\n<h2 data-start=\"1420\" data-end=\"1473\"><strong data-start=\"1420\" data-end=\"1473\">\u012apa\u0161\u012bbas HydroPeptide &#8211; PolyPeptide Collagel+ Face<\/strong><\/h2>\n<p data-start=\"1475\" data-end=\"1717\">\u2714\ufe0f Samazina smalko l\u012bniju redzam\u012bbu un izl\u012bdzina tekst\u016bru<br data-start=\"1532\" data-end=\"1535\" \/>\u2714\ufe0f Uzlabo \u0101das elast\u012bbu un tvirtumu<br data-start=\"1570\" data-end=\"1573\" \/>\u2714\ufe0f Intens\u012bvi mitrina un pie\u0161\u0137ir piepild\u012btu izskatu<br data-start=\"1623\" data-end=\"1626\" \/>\u2714\ufe0f Veicina \u0101das atjauno\u0161anos p\u0113c proced\u016br\u0101m<br data-start=\"1669\" data-end=\"1672\" \/>\u2714\ufe0f Pie\u0161\u0137ir \u0101dai svaigu un starojo\u0161u izskatu<\/p>\n","protected":false},"featured_media":61758,"template":"","meta":[],"pwb-brand":[1211],"product_brand":[],"product_cat":[764,745,725,737,749,739,747],"product_tag":[],"giftcard-category":[],"class_list":{"0":"post-48966","1":"product","2":"type-product","3":"status-publish","4":"has-post-thumbnail","6":"pwb-brand-hydropeptide-lv","7":"product_cat-davanu-ideja","8":"product_cat-jutigai-adai","9":"product_cat-maskas","10":"product_cat-mitrinasana","11":"product_cat-novecojosa-ada","12":"product_cat-sausai-adai","13":"product_cat-taukainai-adai","15":"first","16":"instock","17":"taxable","18":"shipping-taxable","19":"purchasable","20":"product-type-simple"},"acf":[],"brands":[{"id":1211,"name":"HydroPeptide","slug":"hydropeptide-lv"}],"_links":{"self":[{"href":"https:\/\/skinstudio.ee\/lv\/wp-json\/wp\/v2\/product\/48966","targetHints":{"allow":["GET"]}}],"collection":[{"href":"https:\/\/skinstudio.ee\/lv\/wp-json\/wp\/v2\/product"}],"about":[{"href":"https:\/\/skinstudio.ee\/lv\/wp-json\/wp\/v2\/types\/product"}],"version-history":[{"count":1,"href":"https:\/\/skinstudio.ee\/lv\/wp-json\/wp\/v2\/product\/48966\/revisions"}],"predecessor-version":[{"id":85837,"href":"https:\/\/skinstudio.ee\/lv\/wp-json\/wp\/v2\/product\/48966\/revisions\/85837"}],"wp:featuredmedia":[{"embeddable":true,"href":"https:\/\/skinstudio.ee\/lv\/wp-json\/wp\/v2\/media\/61758"}],"wp:attachment":[{"href":"https:\/\/skinstudio.ee\/lv\/wp-json\/wp\/v2\/media?parent=48966"}],"wp:term":[{"taxonomy":"pwb-brand","embeddable":true,"href":"https:\/\/skinstudio.ee\/lv\/wp-json\/wp\/v2\/pwb-brand?post=48966"},{"taxonomy":"product_brand","embeddable":true,"href":"https:\/\/skinstudio.ee\/lv\/wp-json\/wp\/v2\/product_brand?post=48966"},{"taxonomy":"product_cat","embeddable":true,"href":"https:\/\/skinstudio.ee\/lv\/wp-json\/wp\/v2\/product_cat?post=48966"},{"taxonomy":"product_tag","embeddable":true,"href":"https:\/\/skinstudio.ee\/lv\/wp-json\/wp\/v2\/product_tag?post=48966"},{"taxonomy":"giftcard-category","embeddable":true,"href":"https:\/\/skinstudio.ee\/lv\/wp-json\/wp\/v2\/giftcard-category?post=48966"}],"curies":[{"name":"wp","href":"https:\/\/api.w.org\/{rel}","templated":true}]}}