{"id":48988,"date":"2023-05-24T17:57:00","date_gmt":"2023-05-24T17:57:00","guid":{"rendered":"https:\/\/skinstudio.ee\/?post_type=product&#038;p=48988"},"modified":"2026-03-13T14:34:14","modified_gmt":"2026-03-13T14:34:14","slug":"radiance-mask","status":"publish","type":"product","link":"https:\/\/skinstudio.ee\/lv\/catalog\/hydropeptide-lv\/radiance-mask\/","title":{"rendered":"Radiance Mask"},"content":{"rendered":"<div class=\"given_product_description_long\">\n<p data-start=\"43\" data-end=\"298\"><strong data-start=\"43\" data-end=\"76\">Radiance Mask no HydroPeptide<\/strong> ir atjaunojo\u0161a kopjo\u0161a maska, kas nodro\u0161ina intens\u012bvu mitrin\u0101\u0161anu, izl\u012bdzina \u0101das toni un pie\u0161\u0137ir sejai dabisku mirdzumu. Formula maigi eksfoli\u0113 \u0101du, pal\u012bdz samazin\u0101t hiperkeratozes paz\u012bmes un uzlabo kop\u0113jo \u0101das tekst\u016bru.<\/p>\n<p data-start=\"300\" data-end=\"543\">Akt\u012bvo sast\u0101vda\u013cu kombin\u0101cija veicina \u0101das \u0161\u016bnu atjauno\u0161anos, pal\u012bdz uzlabot \u0101das elast\u012bbu un tvirtumu. Maska nodro\u0161ina dzi\u013cu mitrin\u0101\u0161anu, palielina \u0101das bl\u012bvumu un pal\u012bdz samazin\u0101t smalko l\u012bniju redzam\u012bbu, padarot \u0101du gai\u0161\u0101ku un vienm\u0113r\u012bg\u0101ku.<\/p>\n<p data-start=\"545\" data-end=\"575\"><strong data-start=\"545\" data-end=\"575\">Akt\u012bvo komponentu darb\u012bba:<\/strong><\/p>\n<p data-start=\"577\" data-end=\"677\">\u2022 <strong data-start=\"579\" data-end=\"597\">5% Lactic Acid<\/strong>: maigi eksfoli\u0113 \u0101du, palielina mitruma l\u012bmeni un pal\u012bdz izl\u012bdzin\u0101t \u0101das toni.<\/p>\n<p data-start=\"679\" data-end=\"847\">\u2022 <strong data-start=\"681\" data-end=\"718\">Malus Domestica Stem Cell Extract<\/strong>: antioksidantu komplekss no \u0160veices \u0101bola cilmes \u0161\u016bn\u0101m, kas atbalsta \u0101das \u0161\u016bnu atjauno\u0161anos un pal\u012bdz uztur\u0113t \u0101das vitalit\u0101ti.<\/p>\n<p data-start=\"849\" data-end=\"953\">\u2022 <strong data-start=\"851\" data-end=\"873\">Remodeling Peptide<\/strong>: veicina \u0101das atjauno\u0161an\u0101s procesus un pal\u012bdz uzlabot t\u0101s elast\u012bbu un tvirtumu.<\/p>\n<p data-start=\"955\" data-end=\"1107\"><strong data-start=\"955\" data-end=\"986\">Kam piem\u0113rots Radiance Mask<\/strong>: visiem \u0101das tipiem, \u012bpa\u0161i bl\u0101vai, dehidr\u0113tai \u0101dai ar nevienm\u0113r\u012bgu toni, fotonoveco\u0161an\u0101s paz\u012bm\u0113m un samazin\u0101tu elast\u012bbu.<\/p>\n<p data-start=\"1109\" data-end=\"1127\"><strong data-start=\"1109\" data-end=\"1121\">Tilpums:<\/strong> 30 ml<\/p>\n<\/div>\n","protected":false},"excerpt":{"rendered":"<div class=\"given_product_description_top\">\n<p data-start=\"1280\" data-end=\"1322\">Atjaunojo\u0161a sejas maska ar mirdzuma efektu<\/p>\n<h2 data-start=\"1324\" data-end=\"1365\"><strong data-start=\"1324\" data-end=\"1365\">\u012apa\u0161\u012bbas HydroPeptide &#8211; Radiance Mask<\/strong><\/h2>\n<p data-start=\"1367\" data-end=\"1581\">\u2714\ufe0f Izl\u012bdzina \u0101das toni un pie\u0161\u0137ir mirdzumu<br data-start=\"1409\" data-end=\"1412\" \/>\u2714\ufe0f Uzlabo \u0101das elast\u012bbu un tvirtumu<br data-start=\"1447\" data-end=\"1450\" \/>\u2714\ufe0f Samazina smalko l\u012bniju redzam\u012bbu<br data-start=\"1485\" data-end=\"1488\" \/>\u2714\ufe0f Intens\u012bvi mitrina un pie\u0161\u0137ir \u0101dai apjomu<br data-start=\"1531\" data-end=\"1534\" \/>\u2714\ufe0f Atjauno vesel\u012bgu un starojo\u0161u \u0101das izskatu<\/p>\n<\/div>\n","protected":false},"featured_media":61763,"template":"","meta":[],"pwb-brand":[1211],"product_brand":[],"product_cat":[741,745,725,737,749,751,739],"product_tag":[],"giftcard-category":[],"class_list":{"0":"post-48988","1":"product","2":"type-product","3":"status-publish","4":"has-post-thumbnail","6":"pwb-brand-hydropeptide-lv","7":"product_cat-izsitumi","8":"product_cat-jutigai-adai","9":"product_cat-maskas","10":"product_cat-mitrinasana","11":"product_cat-novecojosa-ada","12":"product_cat-pigmentacija-lv","13":"product_cat-sausai-adai","15":"first","16":"instock","17":"taxable","18":"shipping-taxable","19":"purchasable","20":"product-type-simple"},"acf":[],"brands":[{"id":1211,"name":"HydroPeptide","slug":"hydropeptide-lv"}],"_links":{"self":[{"href":"https:\/\/skinstudio.ee\/lv\/wp-json\/wp\/v2\/product\/48988","targetHints":{"allow":["GET"]}}],"collection":[{"href":"https:\/\/skinstudio.ee\/lv\/wp-json\/wp\/v2\/product"}],"about":[{"href":"https:\/\/skinstudio.ee\/lv\/wp-json\/wp\/v2\/types\/product"}],"version-history":[{"count":1,"href":"https:\/\/skinstudio.ee\/lv\/wp-json\/wp\/v2\/product\/48988\/revisions"}],"predecessor-version":[{"id":85847,"href":"https:\/\/skinstudio.ee\/lv\/wp-json\/wp\/v2\/product\/48988\/revisions\/85847"}],"wp:featuredmedia":[{"embeddable":true,"href":"https:\/\/skinstudio.ee\/lv\/wp-json\/wp\/v2\/media\/61763"}],"wp:attachment":[{"href":"https:\/\/skinstudio.ee\/lv\/wp-json\/wp\/v2\/media?parent=48988"}],"wp:term":[{"taxonomy":"pwb-brand","embeddable":true,"href":"https:\/\/skinstudio.ee\/lv\/wp-json\/wp\/v2\/pwb-brand?post=48988"},{"taxonomy":"product_brand","embeddable":true,"href":"https:\/\/skinstudio.ee\/lv\/wp-json\/wp\/v2\/product_brand?post=48988"},{"taxonomy":"product_cat","embeddable":true,"href":"https:\/\/skinstudio.ee\/lv\/wp-json\/wp\/v2\/product_cat?post=48988"},{"taxonomy":"product_tag","embeddable":true,"href":"https:\/\/skinstudio.ee\/lv\/wp-json\/wp\/v2\/product_tag?post=48988"},{"taxonomy":"giftcard-category","embeddable":true,"href":"https:\/\/skinstudio.ee\/lv\/wp-json\/wp\/v2\/giftcard-category?post=48988"}],"curies":[{"name":"wp","href":"https:\/\/api.w.org\/{rel}","templated":true}]}}