{"id":49037,"date":"2023-05-24T17:56:59","date_gmt":"2023-05-24T17:56:59","guid":{"rendered":"https:\/\/skinstudio.ee\/?post_type=product&#038;p=49037"},"modified":"2026-03-13T14:38:14","modified_gmt":"2026-03-13T14:38:14","slug":"aquaboost","status":"publish","type":"product","link":"https:\/\/skinstudio.ee\/lv\/catalog\/hydropeptide-lv\/aquaboost\/","title":{"rendered":"Aquaboost"},"content":{"rendered":"<div class=\"given_product_description_long\">\n<p data-start=\"39\" data-end=\"325\"><strong data-start=\"39\" data-end=\"68\">Aquaboost no HydroPeptide<\/strong> ir viegla, e\u013c\u013cas nesaturo\u0161a emulsijas tipa kr\u0113ma formula, kas izstr\u0101d\u0101ta taukainai, kombin\u0113tai un aknei pak\u013cautai \u0101dai. L\u012bdzeklis pal\u012bdz regul\u0113t p\u0101rm\u0113r\u012bgu sebuma izdal\u012b\u0161anos, samazin\u0101t iekaisuma izpausmes un vienlaikus uztur\u0113t optim\u0101lu \u0101das mitruma l\u012bmeni.<\/p>\n<p data-start=\"327\" data-end=\"569\">Akt\u012bvo komponentu kombin\u0101cija nodro\u0161ina antibakteri\u0101lu un pretiekaisuma iedarb\u012bbu, pal\u012bdz uztur\u0113t poras t\u012bras un uzlabot \u0101das kop\u0113jo izskatu. Viegl\u0101 tekst\u016bra izl\u012bdzina \u0101du, padarot to svaig\u0101ku, t\u012br\u0101ku un l\u012bdzsvarot\u0101ku, neradot smaguma saj\u016btu.<\/p>\n<p data-start=\"571\" data-end=\"601\"><strong data-start=\"571\" data-end=\"601\">Akt\u012bvo komponentu darb\u012bba:<\/strong><\/p>\n<p data-start=\"603\" data-end=\"761\">\u2022 <strong data-start=\"605\" data-end=\"638\">Antimicrobial Peptide Complex<\/strong>: stimul\u0113 \u0101das dabisko aizsargprote\u012bnu (\u03b2-defens\u012bnu) veido\u0161anos, palielinot t\u0101s notur\u012bbu pret akni izraiso\u0161\u0101m bakt\u0113rij\u0101m.<\/p>\n<p data-start=\"763\" data-end=\"867\">\u2022 <strong data-start=\"765\" data-end=\"783\">Salicylic Acid<\/strong>: pal\u012bdz att\u012br\u012bt poras, regul\u0113t sebuma izdal\u012b\u0161anos un mazin\u0101t iekaisuma izpausmes.<\/p>\n<p data-start=\"869\" data-end=\"994\">\u2022 <strong data-start=\"871\" data-end=\"906\">Honey Extract + Hyaluronic Acid<\/strong>: nodro\u0161ina intens\u012bvu mitrin\u0101\u0161anu, pal\u012bdz stiprin\u0101t \u0101das barjeru un uzlabo \u0101das gludumu.<\/p>\n<p data-start=\"996\" data-end=\"1150\"><strong data-start=\"996\" data-end=\"1023\">Kam piem\u0113rots Aquaboost<\/strong>: taukainai, kombin\u0113tai un aknei pak\u013cautai \u0101dai ar pastiprin\u0101tu sebuma izdal\u012b\u0161anos, papla\u0161in\u0101t\u0101m por\u0101m un iekaisuma elementiem.<\/p>\n<p data-start=\"1152\" data-end=\"1170\"><strong data-start=\"1152\" data-end=\"1164\">Tilpums:<\/strong> 30 ml<\/p>\n<\/div>\n","protected":false},"excerpt":{"rendered":"<div class=\"given_product_description_top\">\n<p data-start=\"1437\" data-end=\"1470\">Sebumu regul\u0113jo\u0161s mitrino\u0161s kr\u0113ms<\/p>\n<h2 data-start=\"1472\" data-end=\"1509\"><strong data-start=\"1472\" data-end=\"1509\">\u012apa\u0161\u012bbas HydroPeptide &#8211; Aquaboost<\/strong><\/h2>\n<p data-start=\"1511\" data-end=\"1701\">\u2714\ufe0f Regul\u0113 sebuma izdal\u012b\u0161anos un samazina sp\u012bdumu<br data-start=\"1559\" data-end=\"1562\" \/>\u2714\ufe0f Mitrina \u0101du bez smaguma saj\u016btas<br data-start=\"1596\" data-end=\"1599\" \/>\u2714\ufe0f Pal\u012bdz uztur\u0113t poras t\u012bras<br data-start=\"1628\" data-end=\"1631\" \/>\u2714\ufe0f Uzlabo \u0101das tekst\u016bru un toni<br data-start=\"1662\" data-end=\"1665\" \/>\u2714\ufe0f \u0100tri ies\u016bcas ar vieglu tekst\u016bru<\/p>\n<\/div>\n","protected":false},"featured_media":61703,"template":"","meta":[],"pwb-brand":[1211],"product_brand":[],"product_cat":[741,745,737,743,747],"product_tag":[],"giftcard-category":[],"class_list":{"0":"post-49037","1":"product","2":"type-product","3":"status-publish","4":"has-post-thumbnail","6":"pwb-brand-hydropeptide-lv","7":"product_cat-izsitumi","8":"product_cat-jutigai-adai","9":"product_cat-mitrinasana","10":"product_cat-paplasinatas-poras","11":"product_cat-taukainai-adai","13":"first","14":"instock","15":"taxable","16":"shipping-taxable","17":"purchasable","18":"product-type-simple"},"acf":[],"brands":[{"id":1211,"name":"HydroPeptide","slug":"hydropeptide-lv"}],"_links":{"self":[{"href":"https:\/\/skinstudio.ee\/lv\/wp-json\/wp\/v2\/product\/49037","targetHints":{"allow":["GET"]}}],"collection":[{"href":"https:\/\/skinstudio.ee\/lv\/wp-json\/wp\/v2\/product"}],"about":[{"href":"https:\/\/skinstudio.ee\/lv\/wp-json\/wp\/v2\/types\/product"}],"version-history":[{"count":1,"href":"https:\/\/skinstudio.ee\/lv\/wp-json\/wp\/v2\/product\/49037\/revisions"}],"predecessor-version":[{"id":85853,"href":"https:\/\/skinstudio.ee\/lv\/wp-json\/wp\/v2\/product\/49037\/revisions\/85853"}],"wp:featuredmedia":[{"embeddable":true,"href":"https:\/\/skinstudio.ee\/lv\/wp-json\/wp\/v2\/media\/61703"}],"wp:attachment":[{"href":"https:\/\/skinstudio.ee\/lv\/wp-json\/wp\/v2\/media?parent=49037"}],"wp:term":[{"taxonomy":"pwb-brand","embeddable":true,"href":"https:\/\/skinstudio.ee\/lv\/wp-json\/wp\/v2\/pwb-brand?post=49037"},{"taxonomy":"product_brand","embeddable":true,"href":"https:\/\/skinstudio.ee\/lv\/wp-json\/wp\/v2\/product_brand?post=49037"},{"taxonomy":"product_cat","embeddable":true,"href":"https:\/\/skinstudio.ee\/lv\/wp-json\/wp\/v2\/product_cat?post=49037"},{"taxonomy":"product_tag","embeddable":true,"href":"https:\/\/skinstudio.ee\/lv\/wp-json\/wp\/v2\/product_tag?post=49037"},{"taxonomy":"giftcard-category","embeddable":true,"href":"https:\/\/skinstudio.ee\/lv\/wp-json\/wp\/v2\/giftcard-category?post=49037"}],"curies":[{"name":"wp","href":"https:\/\/api.w.org\/{rel}","templated":true}]}}