{"id":49050,"date":"2023-05-24T17:56:56","date_gmt":"2023-05-24T17:56:56","guid":{"rendered":"https:\/\/skinstudio.ee\/?post_type=product&#038;p=49050"},"modified":"2026-03-13T14:43:05","modified_gmt":"2026-03-13T14:43:05","slug":"power-luxe","status":"publish","type":"product","link":"https:\/\/skinstudio.ee\/lv\/catalog\/hydropeptide-lv\/power-luxe\/","title":{"rendered":"Power Luxe"},"content":{"rendered":"<div class=\"given_product_description_long\">\n<p data-start=\"40\" data-end=\"321\"><strong data-start=\"40\" data-end=\"70\">Power Luxe no HydroPeptide<\/strong> ir bag\u0101t\u012bgs pretnoveco\u0161an\u0101s kr\u0113ms, kas paredz\u0113ts intens\u012bvai \u0101das mitrin\u0101\u0161anai, atjauno\u0161anai un stiprin\u0101\u0161anai. Formula \u0101tri pies\u0101tina \u0101du ar mitrumu, pal\u012bdz mazin\u0101t dehidrat\u0101cijas un lob\u012b\u0161an\u0101s paz\u012bmes, k\u0101 ar\u012b uzlabo \u0101das elast\u012bbu, bl\u012bvumu un tvirtumu.<\/p>\n<p data-start=\"323\" data-end=\"616\">Inovat\u012bvo akt\u012bvo sast\u0101vda\u013cu kombin\u0101cija pal\u012bdz stiprin\u0101t \u0101das aizsargbarjeru un samazin\u0101t redzam\u0101s noveco\u0161an\u0101s paz\u012bmes. Kr\u0113ms nodro\u0161ina ilgsto\u0161u mitrin\u0101\u0161anu, pateicoties daudzdimension\u0101lam hialuronsk\u0101bes kompleksam un j\u016bras eksopolisahar\u012bdiem, padarot \u0101du glud\u0101ku, piepild\u012bt\u0101ku un starojo\u0161\u0101ku.<\/p>\n<p data-start=\"618\" data-end=\"854\">Formula satur ar\u012b augu izcelsmes retinola alternat\u012bvu un remodel\u0113jo\u0161us pept\u012bdus, kas stimul\u0113 \u0161\u016bnu aktivit\u0101ti un pal\u012bdz uzlabot \u0101das kvalit\u0101ti. Neskatoties uz bag\u0101t\u012bgo tekst\u016bru, kr\u0113ms \u0101tri ies\u016bcas un neatst\u0101j smaguma vai lip\u012bguma saj\u016btu.<\/p>\n<p data-start=\"856\" data-end=\"886\"><strong data-start=\"856\" data-end=\"886\">Akt\u012bvo komponentu darb\u012bba:<\/strong><\/p>\n<p data-start=\"888\" data-end=\"1028\">\u2022 <strong data-start=\"890\" data-end=\"903\">Bakuchiol<\/strong>: augu izcelsmes retinola alternat\u012bva, kas veicina \u0101das atjauno\u0161anos, uzlabo tekst\u016bru un pal\u012bdz samazin\u0101t grumbu redzam\u012bbu.<\/p>\n<p data-start=\"1030\" data-end=\"1172\">\u2022 <strong data-start=\"1032\" data-end=\"1062\">4D Hyaluronic Acid Complex<\/strong>: vair\u0101ku hialuronsk\u0101bes formu komplekss, kas pal\u012bdz saist\u012bt mitrumu un nodro\u0161ina ilgsto\u0161u \u0101das hidrat\u0101ciju.<\/p>\n<p data-start=\"1174\" data-end=\"1303\">\u2022 <strong data-start=\"1176\" data-end=\"1206\">Remodeling Peptide Complex<\/strong>: atbalsta \u0101das struktur\u0101lo prote\u012bnu sint\u0113zi, pal\u012bdzot uzlabot t\u0101s tvirtumu, bl\u012bvumu un elast\u012bbu.<\/p>\n<p data-start=\"1305\" data-end=\"1425\"><strong data-start=\"1305\" data-end=\"1333\">Kam piem\u0113rots Power Luxe<\/strong>: sausai, dehidr\u0113tai un nobriedu\u0161ai \u0101dai ar samazin\u0101tu elast\u012bbu, grumb\u0101m un bl\u0101vu \u0101das toni.<\/p>\n<p data-start=\"1427\" data-end=\"1445\"><strong data-start=\"1427\" data-end=\"1439\">Tilpums:<\/strong> 30 ml<\/p>\n<\/div>\n","protected":false},"excerpt":{"rendered":"<div class=\"given_product_description_top\">\n<p data-start=\"1710\" data-end=\"1740\">Bag\u0101t\u012bgs pretnoveco\u0161an\u0101s kr\u0113ms<\/p>\n<h2 data-start=\"1742\" data-end=\"1780\"><strong data-start=\"1742\" data-end=\"1780\">\u012apa\u0161\u012bbas HydroPeptide &#8211; Power Luxe<\/strong><\/h2>\n<p data-start=\"1782\" data-end=\"1979\">\u2714\ufe0f Intens\u012bvi mitrina un mazina sausumu<br data-start=\"1820\" data-end=\"1823\" \/>\u2714\ufe0f Uzlabo \u0101das elast\u012bbu un bl\u012bvumu<br data-start=\"1857\" data-end=\"1860\" \/>\u2714\ufe0f Samazina grumbu un smalko l\u012bniju redzam\u012bbu<br data-start=\"1905\" data-end=\"1908\" \/>\u2714\ufe0f Stiprina \u0101das aizsargbarjeru<br data-start=\"1939\" data-end=\"1942\" \/>\u2714\ufe0f Pie\u0161\u0137ir \u0101dai gludumu un mirdzumu<\/p>\n<\/div>\n","protected":false},"featured_media":61768,"template":"","meta":[],"pwb-brand":[1211],"product_brand":[],"product_cat":[737,739],"product_tag":[],"giftcard-category":[],"class_list":{"0":"post-49050","1":"product","2":"type-product","3":"status-publish","4":"has-post-thumbnail","6":"pwb-brand-hydropeptide-lv","7":"product_cat-mitrinasana","8":"product_cat-sausai-adai","10":"first","11":"instock","12":"taxable","13":"shipping-taxable","14":"purchasable","15":"product-type-simple"},"acf":[],"brands":[{"id":1211,"name":"HydroPeptide","slug":"hydropeptide-lv"}],"_links":{"self":[{"href":"https:\/\/skinstudio.ee\/lv\/wp-json\/wp\/v2\/product\/49050","targetHints":{"allow":["GET"]}}],"collection":[{"href":"https:\/\/skinstudio.ee\/lv\/wp-json\/wp\/v2\/product"}],"about":[{"href":"https:\/\/skinstudio.ee\/lv\/wp-json\/wp\/v2\/types\/product"}],"version-history":[{"count":1,"href":"https:\/\/skinstudio.ee\/lv\/wp-json\/wp\/v2\/product\/49050\/revisions"}],"predecessor-version":[{"id":85858,"href":"https:\/\/skinstudio.ee\/lv\/wp-json\/wp\/v2\/product\/49050\/revisions\/85858"}],"wp:featuredmedia":[{"embeddable":true,"href":"https:\/\/skinstudio.ee\/lv\/wp-json\/wp\/v2\/media\/61768"}],"wp:attachment":[{"href":"https:\/\/skinstudio.ee\/lv\/wp-json\/wp\/v2\/media?parent=49050"}],"wp:term":[{"taxonomy":"pwb-brand","embeddable":true,"href":"https:\/\/skinstudio.ee\/lv\/wp-json\/wp\/v2\/pwb-brand?post=49050"},{"taxonomy":"product_brand","embeddable":true,"href":"https:\/\/skinstudio.ee\/lv\/wp-json\/wp\/v2\/product_brand?post=49050"},{"taxonomy":"product_cat","embeddable":true,"href":"https:\/\/skinstudio.ee\/lv\/wp-json\/wp\/v2\/product_cat?post=49050"},{"taxonomy":"product_tag","embeddable":true,"href":"https:\/\/skinstudio.ee\/lv\/wp-json\/wp\/v2\/product_tag?post=49050"},{"taxonomy":"giftcard-category","embeddable":true,"href":"https:\/\/skinstudio.ee\/lv\/wp-json\/wp\/v2\/giftcard-category?post=49050"}],"curies":[{"name":"wp","href":"https:\/\/api.w.org\/{rel}","templated":true}]}}