{"id":49060,"date":"2023-05-24T17:56:56","date_gmt":"2023-05-24T17:56:56","guid":{"rendered":"https:\/\/skinstudio.ee\/?post_type=product&#038;p=49060"},"modified":"2026-03-13T14:48:35","modified_gmt":"2026-03-13T14:48:35","slug":"power-lift","status":"publish","type":"product","link":"https:\/\/skinstudio.ee\/lv\/catalog\/hydropeptide-lv\/power-lift\/","title":{"rendered":"Power Lift"},"content":{"rendered":"<p data-start=\"213\" data-end=\"462\"><strong data-start=\"213\" data-end=\"243\">Power Lift no HydroPeptide<\/strong> ir bag\u0101t\u012bgs liftinga kr\u0113ms ar augstu pept\u012bdu koncentr\u0101ciju, kas pal\u012bdz uzlabot \u0101das tvirtumu un bl\u012bvumu. Formula pal\u012bdz uzlabot dehidr\u0113tas un noguru\u0161as \u0101das izskatu, padarot to glud\u0101ku, mitrin\u0101t\u0101ku un vizu\u0101li tvirt\u0101ku.<\/p>\n<p data-start=\"464\" data-end=\"679\">Pept\u012bdu komplekss atbalsta \u0101das struktur\u0101lo olbaltumvielu sint\u0113zi, uzlabojot elast\u012bbu un \u0101das iztur\u012bbu pret ar vecumu saist\u012bt\u0101m izmai\u0146\u0101m. Kr\u0113ms pal\u012bdz samazin\u0101t m\u012bmikas l\u012bniju redzam\u012bbu un uzlabo kop\u0113jo \u0101das tonusu.<\/p>\n<p data-start=\"681\" data-end=\"835\">Intens\u012bvi mitrino\u0161ie komponenti stiprina \u0101das aizsargbarjeru un pal\u012bdz uztur\u0113t optim\u0101lu mitruma l\u012bdzsvaru. \u0100da k\u013c\u016bst bl\u012bv\u0101ka, glud\u0101ka un vizu\u0101li svaig\u0101ka.<\/p>\n<p data-start=\"837\" data-end=\"867\"><strong data-start=\"837\" data-end=\"867\">Akt\u012bvo komponentu darb\u012bba:<\/strong><\/p>\n<p data-start=\"869\" data-end=\"996\">\u2022 <strong data-start=\"871\" data-end=\"890\">Syn-Ake Peptide<\/strong>: pept\u012bds ar m\u012bmikas grumbu relaks\u0113jo\u0161u efektu, kas pal\u012bdz samazin\u0101t to redzam\u012bbu un padara \u0101du glud\u0101ku.<\/p>\n<p data-start=\"998\" data-end=\"1149\">\u2022 <strong data-start=\"1000\" data-end=\"1068\">Structural Peptide Complex (Dermapep A350, Serilesine, Idealift)<\/strong>: veicina \u0101das struktur\u0101lo prote\u012bnu sint\u0113zi, uzlabojot t\u0101s bl\u012bvumu un elast\u012bbu.<\/p>\n<p data-start=\"1151\" data-end=\"1244\">\u2022 <strong data-start=\"1153\" data-end=\"1189\">Pineapple Ceramide + Shea Butter<\/strong>: intens\u012bvi mitrina \u0101du un stiprina t\u0101s aizsargbarjeru.<\/p>\n<p data-start=\"1246\" data-end=\"1364\"><strong data-start=\"1246\" data-end=\"1275\">Kam piem\u0113rots Power Lift:<\/strong> sausai, dehidr\u0113tai un nobriedu\u0161ai \u0101dai ar samazin\u0101tu tvirtumu, grumb\u0101m un tonusa zudumu.<\/p>\n<p data-start=\"1366\" data-end=\"1384\"><strong data-start=\"1366\" data-end=\"1378\">Tilpums:<\/strong> 30 ml<\/p>\n<p data-start=\"1386\" data-end=\"1399\">\n","protected":false},"excerpt":{"rendered":"<div class=\"given_product_description_top\">\n<p data-start=\"1641\" data-end=\"1677\">Barojo\u0161s liftinga kr\u0113ms ar pept\u012bdiem<\/p>\n<h2 data-start=\"1679\" data-end=\"1717\"><strong data-start=\"1679\" data-end=\"1717\">\u012apa\u0161\u012bbas HydroPeptide &#8211; Power Lift<\/strong><\/h2>\n<p data-start=\"1719\" data-end=\"1901\">\u2714\ufe0f Uzlabo \u0101das tvirtumu un bl\u012bvumu<br data-start=\"1753\" data-end=\"1756\" \/>\u2714\ufe0f Samazina m\u012bmikas grumbu redzam\u012bbu<br data-start=\"1792\" data-end=\"1795\" \/>\u2714\ufe0f Nodro\u0161ina intens\u012bvu mitrin\u0101\u0161anu<br data-start=\"1829\" data-end=\"1832\" \/>\u2714\ufe0f Stiprina \u0101das aizsargbarjeru<br data-start=\"1863\" data-end=\"1866\" \/>\u2714\ufe0f Padara \u0101du glud\u0101ku un tvirt\u0101ku<\/p>\n<\/div>\n","protected":false},"featured_media":61773,"template":"","meta":[],"pwb-brand":[1211],"product_brand":[],"product_cat":[745,737,749,739],"product_tag":[],"giftcard-category":[],"class_list":{"0":"post-49060","1":"product","2":"type-product","3":"status-publish","4":"has-post-thumbnail","6":"pwb-brand-hydropeptide-lv","7":"product_cat-jutigai-adai","8":"product_cat-mitrinasana","9":"product_cat-novecojosa-ada","10":"product_cat-sausai-adai","12":"first","13":"instock","14":"taxable","15":"shipping-taxable","16":"purchasable","17":"product-type-simple"},"acf":[],"brands":[{"id":1211,"name":"HydroPeptide","slug":"hydropeptide-lv"}],"_links":{"self":[{"href":"https:\/\/skinstudio.ee\/lv\/wp-json\/wp\/v2\/product\/49060","targetHints":{"allow":["GET"]}}],"collection":[{"href":"https:\/\/skinstudio.ee\/lv\/wp-json\/wp\/v2\/product"}],"about":[{"href":"https:\/\/skinstudio.ee\/lv\/wp-json\/wp\/v2\/types\/product"}],"version-history":[{"count":1,"href":"https:\/\/skinstudio.ee\/lv\/wp-json\/wp\/v2\/product\/49060\/revisions"}],"predecessor-version":[{"id":85869,"href":"https:\/\/skinstudio.ee\/lv\/wp-json\/wp\/v2\/product\/49060\/revisions\/85869"}],"wp:featuredmedia":[{"embeddable":true,"href":"https:\/\/skinstudio.ee\/lv\/wp-json\/wp\/v2\/media\/61773"}],"wp:attachment":[{"href":"https:\/\/skinstudio.ee\/lv\/wp-json\/wp\/v2\/media?parent=49060"}],"wp:term":[{"taxonomy":"pwb-brand","embeddable":true,"href":"https:\/\/skinstudio.ee\/lv\/wp-json\/wp\/v2\/pwb-brand?post=49060"},{"taxonomy":"product_brand","embeddable":true,"href":"https:\/\/skinstudio.ee\/lv\/wp-json\/wp\/v2\/product_brand?post=49060"},{"taxonomy":"product_cat","embeddable":true,"href":"https:\/\/skinstudio.ee\/lv\/wp-json\/wp\/v2\/product_cat?post=49060"},{"taxonomy":"product_tag","embeddable":true,"href":"https:\/\/skinstudio.ee\/lv\/wp-json\/wp\/v2\/product_tag?post=49060"},{"taxonomy":"giftcard-category","embeddable":true,"href":"https:\/\/skinstudio.ee\/lv\/wp-json\/wp\/v2\/giftcard-category?post=49060"}],"curies":[{"name":"wp","href":"https:\/\/api.w.org\/{rel}","templated":true}]}}