{"id":49070,"date":"2023-05-24T17:56:56","date_gmt":"2023-05-24T17:56:56","guid":{"rendered":"https:\/\/skinstudio.ee\/?post_type=product&#038;p=49070"},"modified":"2026-03-13T14:52:43","modified_gmt":"2026-03-13T14:52:43","slug":"face-lift","status":"publish","type":"product","link":"https:\/\/skinstudio.ee\/lv\/catalog\/hydropeptide-lv\/face-lift\/","title":{"rendered":"Face Lift"},"content":{"rendered":"<div class=\"given_product_description_long\">\n<p data-start=\"48\" data-end=\"259\"><strong data-start=\"48\" data-end=\"77\">Face Lift no HydroPeptide<\/strong> ir viegls liftinga kr\u0113ms, kas pal\u012bdz uzlabot \u0101das \u0161\u016bnu vesel\u012bbu un atjaunot t\u0101s dabisko lip\u012bdu l\u012bdzsvaru. Formula atbalsta \u0101das atjauno\u0161an\u0101s procesus un stiprina t\u0101s aizsargbarjeru.<\/p>\n<p data-start=\"261\" data-end=\"534\">Kr\u0113ms intens\u012bvi mitrina \u0101du un pal\u012bdz uztur\u0113t optim\u0101lu mitruma l\u012bmeni, padarot to glud\u0101ku, tvirt\u0101ku un vizu\u0101li svaig\u0101ku. Regul\u0101ri lietojot, tas pal\u012bdz mazin\u0101t ar noveco\u0161anos saist\u012bt\u0101s paz\u012bmes, piem\u0113ram, s\u012bk\u0101s un dzi\u013c\u0101k\u0101s grumbas, k\u0101 ar\u012b uzlabo \u0101das kop\u0113jo toni un tekst\u016bru.<\/p>\n<p data-start=\"536\" data-end=\"633\">Viegl\u0101 tekst\u016bra \u0101tri ies\u016bcas un nep\u0101rslogo \u0101du, t\u0101p\u0113c kr\u0113ms lieliski piem\u0113rots ar\u012b k\u0101 grima b\u0101ze.<\/p>\n<p data-start=\"635\" data-end=\"665\"><strong data-start=\"635\" data-end=\"665\">Akt\u012bvo komponentu darb\u012bba:<\/strong><\/p>\n<p data-start=\"667\" data-end=\"787\">\u2022 <strong data-start=\"669\" data-end=\"691\">L22\u00ae Lipid Complex<\/strong>: patent\u0113ts lip\u012bdu komplekss, kas pal\u012bdz atjaunot \u0101das barjeru un papildin\u0101t b\u016btiskos lip\u012bdus.<\/p>\n<p data-start=\"789\" data-end=\"890\">\u2022 <strong data-start=\"791\" data-end=\"816\">Perfection Peptide P7<\/strong>: pept\u012bds, kas veicina kolag\u0113na sint\u0113zi un pal\u012bdz uzlabot \u0101das tvirtumu.<\/p>\n<p data-start=\"892\" data-end=\"1006\">\u2022 <strong data-start=\"894\" data-end=\"912\">Vitamins C &amp; E<\/strong>: antioksidanti, kas pal\u012bdz aizsarg\u0101t \u0101du no oksidat\u012bv\u0101 stresa un uztur vesel\u012bgu \u0101das izskatu.<\/p>\n<p data-start=\"1008\" data-end=\"1135\"><strong data-start=\"1008\" data-end=\"1036\">Kam piem\u0113rots Face Lift:<\/strong> norm\u0101lai, kombin\u0113tai un uz taukain\u012bbu tend\u0113tai \u0101dai ar noveco\u0161an\u0101s paz\u012bm\u0113m un samazin\u0101tu tvirtumu.<\/p>\n<p data-start=\"1137\" data-end=\"1155\"><strong data-start=\"1137\" data-end=\"1149\">Tilpums:<\/strong> 30 ml<\/p>\n<\/div>\n","protected":false},"excerpt":{"rendered":"<div class=\"given_product_description_top\">\n<p data-start=\"1412\" data-end=\"1455\">Viegls liftinga kr\u0113ms ikdienas mitrin\u0101\u0161anai<\/p>\n<h2 data-start=\"1457\" data-end=\"1494\"><strong data-start=\"1457\" data-end=\"1494\">\u012apa\u0161\u012bbas HydroPeptide &#8211; Face Lift<\/strong><\/h2>\n<p data-start=\"1496\" data-end=\"1678\">\u2714\ufe0f Uzlabo \u0101das tvirtumu un bl\u012bvumu<br data-start=\"1530\" data-end=\"1533\" \/>\u2714\ufe0f Padara sejas kont\u016bras izteikt\u0101kas<br data-start=\"1569\" data-end=\"1572\" \/>\u2714\ufe0f Samazina l\u012bniju un grumbu redzam\u012bbu<br data-start=\"1610\" data-end=\"1613\" \/>\u2714\ufe0f Veicina kolag\u0113na sint\u0113zi<br data-start=\"1640\" data-end=\"1643\" \/>\u2714\ufe0f Padara \u0101du glud\u0101ku un tvirt\u0101ku<\/p>\n<\/div>\n","protected":false},"featured_media":61808,"template":"","meta":[],"pwb-brand":[1211],"product_brand":[],"product_cat":[745,737,749,739],"product_tag":[],"giftcard-category":[],"class_list":{"0":"post-49070","1":"product","2":"type-product","3":"status-publish","4":"has-post-thumbnail","6":"pwb-brand-hydropeptide-lv","7":"product_cat-jutigai-adai","8":"product_cat-mitrinasana","9":"product_cat-novecojosa-ada","10":"product_cat-sausai-adai","12":"first","13":"instock","14":"taxable","15":"shipping-taxable","16":"purchasable","17":"product-type-simple"},"acf":[],"brands":[{"id":1211,"name":"HydroPeptide","slug":"hydropeptide-lv"}],"_links":{"self":[{"href":"https:\/\/skinstudio.ee\/lv\/wp-json\/wp\/v2\/product\/49070","targetHints":{"allow":["GET"]}}],"collection":[{"href":"https:\/\/skinstudio.ee\/lv\/wp-json\/wp\/v2\/product"}],"about":[{"href":"https:\/\/skinstudio.ee\/lv\/wp-json\/wp\/v2\/types\/product"}],"version-history":[{"count":1,"href":"https:\/\/skinstudio.ee\/lv\/wp-json\/wp\/v2\/product\/49070\/revisions"}],"predecessor-version":[{"id":85879,"href":"https:\/\/skinstudio.ee\/lv\/wp-json\/wp\/v2\/product\/49070\/revisions\/85879"}],"wp:featuredmedia":[{"embeddable":true,"href":"https:\/\/skinstudio.ee\/lv\/wp-json\/wp\/v2\/media\/61808"}],"wp:attachment":[{"href":"https:\/\/skinstudio.ee\/lv\/wp-json\/wp\/v2\/media?parent=49070"}],"wp:term":[{"taxonomy":"pwb-brand","embeddable":true,"href":"https:\/\/skinstudio.ee\/lv\/wp-json\/wp\/v2\/pwb-brand?post=49070"},{"taxonomy":"product_brand","embeddable":true,"href":"https:\/\/skinstudio.ee\/lv\/wp-json\/wp\/v2\/product_brand?post=49070"},{"taxonomy":"product_cat","embeddable":true,"href":"https:\/\/skinstudio.ee\/lv\/wp-json\/wp\/v2\/product_cat?post=49070"},{"taxonomy":"product_tag","embeddable":true,"href":"https:\/\/skinstudio.ee\/lv\/wp-json\/wp\/v2\/product_tag?post=49070"},{"taxonomy":"giftcard-category","embeddable":true,"href":"https:\/\/skinstudio.ee\/lv\/wp-json\/wp\/v2\/giftcard-category?post=49070"}],"curies":[{"name":"wp","href":"https:\/\/api.w.org\/{rel}","templated":true}]}}