{"id":49084,"date":"2023-05-24T17:56:56","date_gmt":"2023-05-24T17:56:56","guid":{"rendered":"https:\/\/skinstudio.ee\/?post_type=product&#038;p=49084"},"modified":"2026-03-13T16:03:28","modified_gmt":"2026-03-13T16:03:28","slug":"nimni-day-cream","status":"publish","type":"product","link":"https:\/\/skinstudio.ee\/lv\/catalog\/hydropeptide-lv\/nimni-day-cream\/","title":{"rendered":"Nimni Day Cream"},"content":{"rendered":"<p data-start=\"8\" data-end=\"287\"><strong data-start=\"8\" data-end=\"43\">Nimni Day Cream no HydroPeptide<\/strong> &#8211; kolag\u0113na sint\u0113zi stimul\u0113jo\u0161s dienas kr\u0113ms-boosters, kas pal\u012bdz stiprin\u0101t \u0101das strukt\u016bru un atbalsta dabiskos atjauno\u0161an\u0101s procesus. Formulas pamat\u0101 ir patent\u0113tais Nimni Complex, kas veicina kolag\u0113na veido\u0161anos un pal\u012bdz uztur\u0113t \u0101das bl\u012bvumu.<\/p>\n<p data-start=\"289\" data-end=\"610\">Sp\u0113c\u012bgs antioksidantu komplekss ar alfa-lipo\u012bnsk\u0101bi, tioktsk\u0101bi, naring\u012bnu un stabilu C vitam\u012bna formu pal\u012bdz aizsarg\u0101t \u0161\u016bnas no apk\u0101rt\u0113j\u0101s vides ietekmes un atbalsta dabiskos \u0101das re\u0123ener\u0101cijas procesus. \u0160\u0101da akt\u012bvo vielu kombin\u0101cija pastiprina aizsardz\u012bbu pret oksidat\u012bvo stresu un priek\u0161laic\u012bgas noveco\u0161an\u0101s faktoriem.<\/p>\n<p data-start=\"612\" data-end=\"788\">Formula pal\u012bdz uzlabot tvirtumu un elast\u012bbu, uztur optim\u0101lu mitruma l\u012bmeni un pal\u012bdz izl\u012bdzin\u0101t \u0101das tekst\u016bru. Regul\u0101ri lietojot, \u0101da izskat\u0101s glud\u0101ka, svaig\u0101ka un starojo\u0161\u0101ka.<\/p>\n<p data-start=\"790\" data-end=\"822\"><strong data-start=\"790\" data-end=\"822\">Akt\u012bvo sast\u0101vda\u013cu iedarb\u012bba:<\/strong><\/p>\n<p data-start=\"824\" data-end=\"1262\">\u2022 <strong data-start=\"826\" data-end=\"843\">Nimni Complex<\/strong>: patent\u0113ta aminosk\u0101bju un s\u0113ra kombin\u0101cija, kas veicina kolag\u0113na sint\u0113zi un pal\u012bdz uztur\u0113t \u0101das bl\u012bvumu<br data-start=\"947\" data-end=\"950\" \/>\u2022 <strong data-start=\"952\" data-end=\"1002\">Ellagi-C\u2122 (Anogeissus Leiocarpus Bark Extract)<\/strong>: sp\u0113c\u012bgs antioksidants, kas pastiprina C vitam\u012bna aktivit\u0101ti un atbalsta fibroblastu darb\u012bbu<br data-start=\"1095\" data-end=\"1098\" \/>\u2022 <strong data-start=\"1100\" data-end=\"1176\">Antioksidantu komplekss (Vitamin C, Tocopherol, Naringin, Thioctic Acid)<\/strong>: pal\u012bdz aizsarg\u0101t \u0161\u016bnas no oksidat\u012bv\u0101 stresa un atbalsta \u0101das atjauno\u0161an\u0101s procesus<\/p>\n<p data-start=\"1264\" data-end=\"1403\"><strong data-start=\"1264\" data-end=\"1297\">Kam piem\u0113rots Nimni Day Cream<\/strong>: \u0101dai ar samazin\u0101tu tvirtumu, grumb\u0101m, nevienm\u0113r\u012bgu tekst\u016bru, bl\u0101vu toni un redzam\u0101m noveco\u0161an\u0101s paz\u012bm\u0113m.<\/p>\n<p data-start=\"1405\" data-end=\"1423\"><strong data-start=\"1405\" data-end=\"1423\">Tilpums: 30 ml<\/strong><\/p>\n","protected":false},"excerpt":{"rendered":"<p data-start=\"1787\" data-end=\"1822\">Kolag\u0113nu stimul\u0113jo\u0161s kr\u0113ms-boosters<\/p>\n<h2 data-start=\"1824\" data-end=\"1867\"><strong data-start=\"1824\" data-end=\"1867\">\u012apa\u0161\u012bbas HydroPeptide &#8211; Nimni Day Cream<\/strong><\/h2>\n<p data-start=\"1869\" data-end=\"2054\">\u2714\ufe0f Veicina dabisku kolag\u0113na sint\u0113zi<br data-start=\"1904\" data-end=\"1907\" \/>\u2714\ufe0f Uzlabo tvirtumu un elast\u012bbu<br data-start=\"1937\" data-end=\"1940\" \/>\u2714\ufe0f Pal\u012bdz uztur\u0113t optim\u0101lu mitruma l\u012bmeni<br data-start=\"1981\" data-end=\"1984\" \/>\u2714\ufe0f Izl\u012bdzina \u0101das tekst\u016bru<br data-start=\"2010\" data-end=\"2013\" \/>\u2714\ufe0f Pastiprina antioksidantu aizsardz\u012bbu<\/p>\n","protected":false},"featured_media":61803,"template":"","meta":[],"pwb-brand":[1211],"product_brand":[],"product_cat":[745,737,749,739],"product_tag":[],"giftcard-category":[],"class_list":{"0":"post-49084","1":"product","2":"type-product","3":"status-publish","4":"has-post-thumbnail","6":"pwb-brand-hydropeptide-lv","7":"product_cat-jutigai-adai","8":"product_cat-mitrinasana","9":"product_cat-novecojosa-ada","10":"product_cat-sausai-adai","12":"first","13":"instock","14":"taxable","15":"shipping-taxable","16":"purchasable","17":"product-type-simple"},"acf":[],"brands":[{"id":1211,"name":"HydroPeptide","slug":"hydropeptide-lv"}],"_links":{"self":[{"href":"https:\/\/skinstudio.ee\/lv\/wp-json\/wp\/v2\/product\/49084","targetHints":{"allow":["GET"]}}],"collection":[{"href":"https:\/\/skinstudio.ee\/lv\/wp-json\/wp\/v2\/product"}],"about":[{"href":"https:\/\/skinstudio.ee\/lv\/wp-json\/wp\/v2\/types\/product"}],"version-history":[{"count":1,"href":"https:\/\/skinstudio.ee\/lv\/wp-json\/wp\/v2\/product\/49084\/revisions"}],"predecessor-version":[{"id":85885,"href":"https:\/\/skinstudio.ee\/lv\/wp-json\/wp\/v2\/product\/49084\/revisions\/85885"}],"wp:featuredmedia":[{"embeddable":true,"href":"https:\/\/skinstudio.ee\/lv\/wp-json\/wp\/v2\/media\/61803"}],"wp:attachment":[{"href":"https:\/\/skinstudio.ee\/lv\/wp-json\/wp\/v2\/media?parent=49084"}],"wp:term":[{"taxonomy":"pwb-brand","embeddable":true,"href":"https:\/\/skinstudio.ee\/lv\/wp-json\/wp\/v2\/pwb-brand?post=49084"},{"taxonomy":"product_brand","embeddable":true,"href":"https:\/\/skinstudio.ee\/lv\/wp-json\/wp\/v2\/product_brand?post=49084"},{"taxonomy":"product_cat","embeddable":true,"href":"https:\/\/skinstudio.ee\/lv\/wp-json\/wp\/v2\/product_cat?post=49084"},{"taxonomy":"product_tag","embeddable":true,"href":"https:\/\/skinstudio.ee\/lv\/wp-json\/wp\/v2\/product_tag?post=49084"},{"taxonomy":"giftcard-category","embeddable":true,"href":"https:\/\/skinstudio.ee\/lv\/wp-json\/wp\/v2\/giftcard-category?post=49084"}],"curies":[{"name":"wp","href":"https:\/\/api.w.org\/{rel}","templated":true}]}}