{"id":49097,"date":"2023-05-24T17:56:56","date_gmt":"2023-05-24T17:56:56","guid":{"rendered":"https:\/\/skinstudio.ee\/?post_type=product&#038;p=49097"},"modified":"2026-03-13T16:06:16","modified_gmt":"2026-03-13T16:06:16","slug":"nimni-cream","status":"publish","type":"product","link":"https:\/\/skinstudio.ee\/lv\/catalog\/hydropeptide-lv\/nimni-cream\/","title":{"rendered":"Nimni Cream"},"content":{"rendered":"<p data-start=\"8\" data-end=\"299\"><strong data-start=\"8\" data-end=\"39\">Nimni Cream no HydroPeptide<\/strong> &#8211; kolag\u0113na sint\u0113zi stimul\u0113jo\u0161s kr\u0113ms-boosters, kas pal\u012bdz atbalst\u012bt \u0101das strukt\u016bru un dabiskos atjauno\u0161an\u0101s procesus. Formula pal\u012bdz veicin\u0101t kolag\u0113na veido\u0161anos, uzlabojot tvirtumu un elast\u012bbu, vienlaikus pie\u0161\u0137irot vienm\u0113r\u012bg\u0101ku tekst\u016bru un vesel\u012bgu mirdzumu.<\/p>\n<p data-start=\"301\" data-end=\"579\">Kr\u0113ms apvieno inkapsul\u0113tu retinolu ar sp\u0113c\u012bgiem antioksidantiem, kas atbalsta neokolag\u0113na veido\u0161anos. Pept\u012bdu komplekss pal\u012bdz uzlabot tvirtumu un nodro\u0161ina redzamu liftinga efektu, savuk\u0101rt unik\u0101lais Nimni Complex veicina funkcion\u0101li akt\u012bva kolag\u0113na sint\u0113zi pat nobriedu\u0161\u0101 \u0101d\u0101.<\/p>\n<p data-start=\"581\" data-end=\"780\">Regul\u0101ri lietojot, formula pal\u012bdz uzlabot \u0101das bl\u012bvumu, palielin\u0101t elast\u012bbu un atbalst\u012bt dabiskos atjauno\u0161an\u0101s procesus. \u0100das tekst\u016bra k\u013c\u016bst glud\u0101ka, bet sejas tonis izskat\u0101s svaig\u0101ks un starojo\u0161\u0101ks.<\/p>\n<p data-start=\"782\" data-end=\"814\"><strong data-start=\"782\" data-end=\"814\">Akt\u012bvo sast\u0101vda\u013cu iedarb\u012bba:<\/strong><\/p>\n<p data-start=\"816\" data-end=\"1216\">\u2022 <strong data-start=\"818\" data-end=\"835\">Nimni Complex<\/strong>: patent\u0113ta aminosk\u0101bju un s\u0113ra kombin\u0101cija, kas veicina kolag\u0113na sint\u0113zi un pal\u012bdz uztur\u0113t \u0101das bl\u012bvumu<br data-start=\"939\" data-end=\"942\" \/>\u2022 <strong data-start=\"944\" data-end=\"976\">Time-Release Retinol (0.25%)<\/strong>: veicina \u0161\u016bnu atjauno\u0161anos, pal\u012bdz uzlabot elast\u012bbu un izl\u012bdzin\u0101t \u0101das tekst\u016bru<br data-start=\"1056\" data-end=\"1059\" \/>\u2022 <strong data-start=\"1061\" data-end=\"1148\">Antioksidantu komplekss (Vitamin C, Tocopherol, Anogeissus Leiocarpus Bark Extract)<\/strong>: nodro\u0161ina antioksidantu aizsardz\u012bbu un atbalsta kolag\u0113na sint\u0113zi<\/p>\n<p data-start=\"1218\" data-end=\"1354\"><strong data-start=\"1218\" data-end=\"1247\">Kam piem\u0113rots Nimni Cream<\/strong>: \u0101dai ar izteikt\u0101m noveco\u0161an\u0101s paz\u012bm\u0113m, samazin\u0101tu tvirtumu, grumb\u0101m, nevienm\u0113r\u012bgu tekst\u016bru un bl\u0101vu toni.<\/p>\n<p data-start=\"1356\" data-end=\"1374\"><strong data-start=\"1356\" data-end=\"1374\">Tilpums: 15 ml<\/strong><\/p>\n","protected":false},"excerpt":{"rendered":"<div class=\"given_product_description_top\">\n<p data-start=\"1746\" data-end=\"1781\">Kolag\u0113nu stimul\u0113jo\u0161s kr\u0113ms-boosters<\/p>\n<h2 data-start=\"1783\" data-end=\"1822\"><strong data-start=\"1783\" data-end=\"1822\">\u012apa\u0161\u012bbas HydroPeptide &#8211; Nimni Cream<\/strong><\/h2>\n<p data-start=\"1824\" data-end=\"2010\">\u2714\ufe0f Veicina dabisku kolag\u0113na sint\u0113zi<br data-start=\"1859\" data-end=\"1862\" \/>\u2714\ufe0f Uzlabo tvirtumu un elast\u012bbu<br data-start=\"1892\" data-end=\"1895\" \/>\u2714\ufe0f Izl\u012bdzina \u0101das tekst\u016bru<br data-start=\"1921\" data-end=\"1924\" \/>\u2714\ufe0f Atbalsta dabiskos atjauno\u0161an\u0101s procesus<br data-start=\"1966\" data-end=\"1969\" \/>\u2714\ufe0f Pastiprina antioksidantu aizsardz\u012bbu<\/p>\n<\/div>\n","protected":false},"featured_media":61778,"template":"","meta":[],"pwb-brand":[1211],"product_brand":[],"product_cat":[727,737,749,739],"product_tag":[],"giftcard-category":[],"class_list":{"0":"post-49097","1":"product","2":"type-product","3":"status-publish","4":"has-post-thumbnail","6":"pwb-brand-hydropeptide-lv","7":"product_cat-a-vitamins-retinols","8":"product_cat-mitrinasana","9":"product_cat-novecojosa-ada","10":"product_cat-sausai-adai","12":"first","13":"instock","14":"taxable","15":"shipping-taxable","16":"purchasable","17":"product-type-simple"},"acf":[],"brands":[{"id":1211,"name":"HydroPeptide","slug":"hydropeptide-lv"}],"_links":{"self":[{"href":"https:\/\/skinstudio.ee\/lv\/wp-json\/wp\/v2\/product\/49097","targetHints":{"allow":["GET"]}}],"collection":[{"href":"https:\/\/skinstudio.ee\/lv\/wp-json\/wp\/v2\/product"}],"about":[{"href":"https:\/\/skinstudio.ee\/lv\/wp-json\/wp\/v2\/types\/product"}],"version-history":[{"count":1,"href":"https:\/\/skinstudio.ee\/lv\/wp-json\/wp\/v2\/product\/49097\/revisions"}],"predecessor-version":[{"id":85890,"href":"https:\/\/skinstudio.ee\/lv\/wp-json\/wp\/v2\/product\/49097\/revisions\/85890"}],"wp:featuredmedia":[{"embeddable":true,"href":"https:\/\/skinstudio.ee\/lv\/wp-json\/wp\/v2\/media\/61778"}],"wp:attachment":[{"href":"https:\/\/skinstudio.ee\/lv\/wp-json\/wp\/v2\/media?parent=49097"}],"wp:term":[{"taxonomy":"pwb-brand","embeddable":true,"href":"https:\/\/skinstudio.ee\/lv\/wp-json\/wp\/v2\/pwb-brand?post=49097"},{"taxonomy":"product_brand","embeddable":true,"href":"https:\/\/skinstudio.ee\/lv\/wp-json\/wp\/v2\/product_brand?post=49097"},{"taxonomy":"product_cat","embeddable":true,"href":"https:\/\/skinstudio.ee\/lv\/wp-json\/wp\/v2\/product_cat?post=49097"},{"taxonomy":"product_tag","embeddable":true,"href":"https:\/\/skinstudio.ee\/lv\/wp-json\/wp\/v2\/product_tag?post=49097"},{"taxonomy":"giftcard-category","embeddable":true,"href":"https:\/\/skinstudio.ee\/lv\/wp-json\/wp\/v2\/giftcard-category?post=49097"}],"curies":[{"name":"wp","href":"https:\/\/api.w.org\/{rel}","templated":true}]}}