{"id":49104,"date":"2023-05-24T17:56:49","date_gmt":"2023-05-24T17:56:49","guid":{"rendered":"https:\/\/skinstudio.ee\/?post_type=product&#038;p=49104"},"modified":"2026-03-16T13:04:38","modified_gmt":"2026-03-16T13:04:38","slug":"polish-plump-face-peel","status":"publish","type":"product","link":"https:\/\/skinstudio.ee\/lv\/catalog\/hydropeptide-lv\/polish-plump-face-peel\/","title":{"rendered":"Polish &amp; Plump Face Peel"},"content":{"rendered":"<div class=\"given_product_description_long\">\n<p data-start=\"8\" data-end=\"214\"><strong data-start=\"8\" data-end=\"52\">Polish &amp; Plump Face Peel no HydroPeptide<\/strong> &#8211; profesion\u0101ls divpak\u0101pju p\u012blings, kas apvieno maigu mikrodermabr\u0101zijas efektu ar \u0137\u012bmisko eksfoli\u0101ciju, lai redzami izl\u012bdzin\u0101tu, izgaismotu un atsvaidzin\u0101tu \u0101du.<\/p>\n<p data-start=\"216\" data-end=\"461\">Pul\u0113jo\u0161o krist\u0101lu un eksfoli\u0113jo\u0161o sk\u0101bju kombin\u0101cija pal\u012bdz no\u0146emt bl\u0101vo virsk\u0101rtu, att\u012br\u012bt poras un stimul\u0113t dabisko \u0101das atjauno\u0161anos. Pept\u012bdu komplekss atbalsta kolag\u0113na sint\u0113zi, uzlabo \u0101das tvirtumu un pal\u012bdz mazin\u0101t smalko l\u012bniju redzam\u012bbu.<\/p>\n<p data-start=\"463\" data-end=\"575\">P\u0113c lieto\u0161anas \u0101da k\u013c\u016bst glud\u0101ka, gai\u0161\u0101ka un iev\u0113rojami svaig\u0101ka, ar vienm\u0113r\u012bg\u0101ku tekst\u016bru un vesel\u012bgu mirdzumu.<\/p>\n<p data-start=\"577\" data-end=\"651\">Komplekt\u0101 ietilpst<br data-start=\"595\" data-end=\"598\" \/>Polishing Crystals 30 ml<br data-start=\"622\" data-end=\"625\" \/>Plumping Activator 30 ml<\/p>\n<p data-start=\"653\" data-end=\"685\"><strong data-start=\"653\" data-end=\"685\">Akt\u012bvo sast\u0101vda\u013cu iedarb\u012bba:<\/strong><\/p>\n<p data-start=\"687\" data-end=\"820\">\u2022 <strong data-start=\"689\" data-end=\"733\">Magnesium Ascorbyl Phosphate (Vitamin C)<\/strong>: stabila C vitam\u012bna forma, kas pal\u012bdz samazin\u0101t pigment\u0101ciju un izl\u012bdzin\u0101t \u0101das toni<\/p>\n<p data-start=\"822\" data-end=\"965\">\u2022 <strong data-start=\"824\" data-end=\"867\">Argireline\u00ae &amp; Trylagen\u00ae Peptide Complex<\/strong>: pept\u012bdu komplekss, kas atbalsta kolag\u0113na veido\u0161anos un pal\u012bdz mazin\u0101t m\u012bmikas l\u012bniju redzam\u012bbu<\/p>\n<p data-start=\"967\" data-end=\"1072\">\u2022 <strong data-start=\"969\" data-end=\"989\">Lactic Acid (5%)<\/strong>: maiga eksfoli\u0113jo\u0161a sk\u0101be, kas stimul\u0113 \u0161\u016bnu atjauno\u0161anos un uzlabo \u0101das tekst\u016bru<\/p>\n<p data-start=\"1074\" data-end=\"1240\"><strong data-start=\"1074\" data-end=\"1116\">Kam piem\u0113rots Polish &amp; Plump Face Peel<\/strong>: visiem \u0101das tipiem, \u012bpa\u0161i bl\u0101vai, nevienm\u0113r\u012bgai \u0101dai ar papla\u0161in\u0101t\u0101m por\u0101m, pigment\u0101ciju vai pirmaj\u0101m noveco\u0161an\u0101s paz\u012bm\u0113m.<\/p>\n<p data-start=\"1242\" data-end=\"1264\"><strong data-start=\"1242\" data-end=\"1264\">Tilpums: 2 \u00d7 30 ml<\/strong><\/p>\n<\/div>\n","protected":false},"excerpt":{"rendered":"<div class=\"given_product_description_top\">\n<p data-start=\"1653\" data-end=\"1687\">Divpak\u0101pju \u0101du atjaunojo\u0161s p\u012blings<\/p>\n<h2 data-start=\"1689\" data-end=\"1741\"><strong data-start=\"1689\" data-end=\"1741\">\u012apa\u0161\u012bbas HydroPeptide &#8211; Polish &amp; Plump Face Peel<\/strong><\/h2>\n<p data-start=\"1743\" data-end=\"1935\">\u2714\ufe0f Maigi eksfoli\u0113 un atjauno \u0101du<br data-start=\"1775\" data-end=\"1778\" \/>\u2714\ufe0f Pal\u012bdz izgaismot pigment\u0101ciju un post-akne p\u0113das<br data-start=\"1829\" data-end=\"1832\" \/>\u2714\ufe0f Uzlabo \u0101das tekst\u016bru un toni<br data-start=\"1863\" data-end=\"1866\" \/>\u2714\ufe0f Atbalsta kolag\u0113na sint\u0113zi<br data-start=\"1894\" data-end=\"1897\" \/>\u2714\ufe0f Padara \u0101du glud\u0101ku un starojo\u0161\u0101ku<\/p>\n<\/div>\n","protected":false},"featured_media":61863,"template":"","meta":[],"pwb-brand":[1211],"product_brand":[],"product_cat":[764,755,749,743,751,739,719,747],"product_tag":[],"giftcard-category":[],"class_list":{"0":"post-49104","1":"product","2":"type-product","3":"status-publish","4":"has-post-thumbnail","6":"pwb-brand-hydropeptide-lv","7":"product_cat-davanu-ideja","8":"product_cat-komplekts","9":"product_cat-novecojosa-ada","10":"product_cat-paplasinatas-poras","11":"product_cat-pigmentacija-lv","12":"product_cat-sausai-adai","13":"product_cat-skrubji-un-pilingi","14":"product_cat-taukainai-adai","16":"first","17":"instock","18":"taxable","19":"shipping-taxable","20":"purchasable","21":"product-type-simple"},"acf":[],"brands":[{"id":1211,"name":"HydroPeptide","slug":"hydropeptide-lv"}],"_links":{"self":[{"href":"https:\/\/skinstudio.ee\/lv\/wp-json\/wp\/v2\/product\/49104","targetHints":{"allow":["GET"]}}],"collection":[{"href":"https:\/\/skinstudio.ee\/lv\/wp-json\/wp\/v2\/product"}],"about":[{"href":"https:\/\/skinstudio.ee\/lv\/wp-json\/wp\/v2\/types\/product"}],"version-history":[{"count":1,"href":"https:\/\/skinstudio.ee\/lv\/wp-json\/wp\/v2\/product\/49104\/revisions"}],"predecessor-version":[{"id":86090,"href":"https:\/\/skinstudio.ee\/lv\/wp-json\/wp\/v2\/product\/49104\/revisions\/86090"}],"wp:featuredmedia":[{"embeddable":true,"href":"https:\/\/skinstudio.ee\/lv\/wp-json\/wp\/v2\/media\/61863"}],"wp:attachment":[{"href":"https:\/\/skinstudio.ee\/lv\/wp-json\/wp\/v2\/media?parent=49104"}],"wp:term":[{"taxonomy":"pwb-brand","embeddable":true,"href":"https:\/\/skinstudio.ee\/lv\/wp-json\/wp\/v2\/pwb-brand?post=49104"},{"taxonomy":"product_brand","embeddable":true,"href":"https:\/\/skinstudio.ee\/lv\/wp-json\/wp\/v2\/product_brand?post=49104"},{"taxonomy":"product_cat","embeddable":true,"href":"https:\/\/skinstudio.ee\/lv\/wp-json\/wp\/v2\/product_cat?post=49104"},{"taxonomy":"product_tag","embeddable":true,"href":"https:\/\/skinstudio.ee\/lv\/wp-json\/wp\/v2\/product_tag?post=49104"},{"taxonomy":"giftcard-category","embeddable":true,"href":"https:\/\/skinstudio.ee\/lv\/wp-json\/wp\/v2\/giftcard-category?post=49104"}],"curies":[{"name":"wp","href":"https:\/\/api.w.org\/{rel}","templated":true}]}}