{"id":49116,"date":"2023-05-24T17:56:54","date_gmt":"2023-05-24T17:56:54","guid":{"rendered":"https:\/\/skinstudio.ee\/?post_type=product&#038;p=49116"},"modified":"2026-03-16T12:58:42","modified_gmt":"2026-03-16T12:58:42","slug":"miracle-mask","status":"publish","type":"product","link":"https:\/\/skinstudio.ee\/lv\/catalog\/hydropeptide-lv\/miracle-mask\/","title":{"rendered":"Miracle Mask"},"content":{"rendered":"<div class=\"given_product_description_long\">\n<p data-start=\"8\" data-end=\"270\"><strong data-start=\"8\" data-end=\"40\">Miracle Mask no HydroPeptide<\/strong> &#8211; intens\u012bva atjaunojo\u0161a maska, kas pal\u012bdz redzami nostiprin\u0101t, izl\u012bdzin\u0101t un uzlabot \u0101das tekst\u016bru. Pept\u012bdu un att\u012bro\u0161o m\u0101lu siner\u0123ija pal\u012bdz atbalst\u012bt kolag\u0113na sint\u0113zi, uzlabot \u0101das tvirtumu un veicina dabisko \u0161\u016bnu atjauno\u0161anos.<\/p>\n<p data-start=\"272\" data-end=\"493\">Formula maigi att\u012bra poras, absorb\u0113 lieko sebumu un pies\u0101tina \u0101du ar v\u0113rt\u012bgiem miner\u0101liem. Akt\u012bv\u0101s sast\u0101vda\u013cas pal\u012bdz samazin\u0101t smalko l\u012bniju redzam\u012bbu, uzlabo \u0101das reljefu un pie\u0161\u0137ir sejai svaig\u0101ku, vienm\u0113r\u012bg\u0101ku izskatu.<\/p>\n<p data-start=\"495\" data-end=\"560\">P\u0113c lieto\u0161anas \u0101da izskat\u0101s glud\u0101ka, tvirt\u0101ka un man\u0101mi svaig\u0101ka.<\/p>\n<p data-start=\"562\" data-end=\"594\"><strong data-start=\"562\" data-end=\"594\">Akt\u012bvo sast\u0101vda\u013cu iedarb\u012bba:<\/strong><\/p>\n<p data-start=\"596\" data-end=\"708\">\u2022 <strong data-start=\"598\" data-end=\"621\">Argireline\u00ae Peptide<\/strong>: pept\u012bds ar grumbi\u0146as mazino\u0161u efektu, kas pal\u012bdz samazin\u0101t m\u012bmikas l\u012bniju redzam\u012bbu<\/p>\n<p data-start=\"710\" data-end=\"807\">\u2022 <strong data-start=\"712\" data-end=\"740\">Kaolin &amp; Bentonite Clays<\/strong>: att\u012bra poras, absorb\u0113 lieko sebumu un samazina nev\u0113lamu sp\u012bdumu<\/p>\n<p data-start=\"809\" data-end=\"934\">\u2022 <strong data-start=\"811\" data-end=\"843\">Actiphyte\u00ae Botanical Complex<\/strong>: antioksidantiem bag\u0101ts augu ekstraktu komplekss, kas pal\u012bdz nomierin\u0101t un aizsarg\u0101t \u0101du<\/p>\n<p data-start=\"936\" data-end=\"1064\"><strong data-start=\"936\" data-end=\"966\">Kam piem\u0113rots Miracle Mask<\/strong>: visiem \u0101das tipiem, \u012bpa\u0161i bl\u0101vai, kombin\u0113tai vai nevienm\u0113r\u012bgas tekst\u016bras \u0101dai ar redzam\u0101m por\u0101m.<\/p>\n<p data-start=\"1066\" data-end=\"1084\"><strong data-start=\"1066\" data-end=\"1084\">Tilpums: 30 ml<\/strong><\/p>\n<\/div>\n","protected":false},"excerpt":{"rendered":"<div class=\"given_product_description_top\">\n<p data-start=\"1202\" data-end=\"1241\">Sejas maska ar t\u016bl\u012bt\u0113ju liftinga efektu<\/p>\n<h2 data-start=\"1243\" data-end=\"1283\"><strong data-start=\"1243\" data-end=\"1283\">\u012apa\u0161\u012bbas HydroPeptide &#8211; Miracle Mask<\/strong><\/h2>\n<p data-start=\"1285\" data-end=\"1476\">\u2714\ufe0f Nodro\u0161ina t\u016bl\u012bt\u0113ju liftinga efektu<br data-start=\"1322\" data-end=\"1325\" \/>\u2714\ufe0f Pal\u012bdz samazin\u0101t grumbu redzam\u012bbu<br data-start=\"1361\" data-end=\"1364\" \/>\u2714\ufe0f Att\u012bra poras un samazina lieko sebumu<br data-start=\"1404\" data-end=\"1407\" \/>\u2714\ufe0f Uzlabo \u0101das tekst\u016bru un toni<br data-start=\"1438\" data-end=\"1441\" \/>\u2714\ufe0f Padara \u0101du glud\u0101ku un tvirt\u0101ku<\/p>\n<\/div>\n","protected":false},"featured_media":61858,"template":"","meta":[],"pwb-brand":[1211],"product_brand":[],"product_cat":[745,725,737,749,739],"product_tag":[],"giftcard-category":[],"class_list":{"0":"post-49116","1":"product","2":"type-product","3":"status-publish","4":"has-post-thumbnail","6":"pwb-brand-hydropeptide-lv","7":"product_cat-jutigai-adai","8":"product_cat-maskas","9":"product_cat-mitrinasana","10":"product_cat-novecojosa-ada","11":"product_cat-sausai-adai","13":"first","14":"instock","15":"taxable","16":"shipping-taxable","17":"purchasable","18":"product-type-simple"},"acf":[],"brands":[{"id":1211,"name":"HydroPeptide","slug":"hydropeptide-lv"}],"_links":{"self":[{"href":"https:\/\/skinstudio.ee\/lv\/wp-json\/wp\/v2\/product\/49116","targetHints":{"allow":["GET"]}}],"collection":[{"href":"https:\/\/skinstudio.ee\/lv\/wp-json\/wp\/v2\/product"}],"about":[{"href":"https:\/\/skinstudio.ee\/lv\/wp-json\/wp\/v2\/types\/product"}],"version-history":[{"count":1,"href":"https:\/\/skinstudio.ee\/lv\/wp-json\/wp\/v2\/product\/49116\/revisions"}],"predecessor-version":[{"id":86084,"href":"https:\/\/skinstudio.ee\/lv\/wp-json\/wp\/v2\/product\/49116\/revisions\/86084"}],"wp:featuredmedia":[{"embeddable":true,"href":"https:\/\/skinstudio.ee\/lv\/wp-json\/wp\/v2\/media\/61858"}],"wp:attachment":[{"href":"https:\/\/skinstudio.ee\/lv\/wp-json\/wp\/v2\/media?parent=49116"}],"wp:term":[{"taxonomy":"pwb-brand","embeddable":true,"href":"https:\/\/skinstudio.ee\/lv\/wp-json\/wp\/v2\/pwb-brand?post=49116"},{"taxonomy":"product_brand","embeddable":true,"href":"https:\/\/skinstudio.ee\/lv\/wp-json\/wp\/v2\/product_brand?post=49116"},{"taxonomy":"product_cat","embeddable":true,"href":"https:\/\/skinstudio.ee\/lv\/wp-json\/wp\/v2\/product_cat?post=49116"},{"taxonomy":"product_tag","embeddable":true,"href":"https:\/\/skinstudio.ee\/lv\/wp-json\/wp\/v2\/product_tag?post=49116"},{"taxonomy":"giftcard-category","embeddable":true,"href":"https:\/\/skinstudio.ee\/lv\/wp-json\/wp\/v2\/giftcard-category?post=49116"}],"curies":[{"name":"wp","href":"https:\/\/api.w.org\/{rel}","templated":true}]}}