{"id":49127,"date":"2023-05-24T17:56:54","date_gmt":"2023-05-24T17:56:54","guid":{"rendered":"https:\/\/skinstudio.ee\/?post_type=product&#038;p=49127"},"modified":"2026-03-16T12:52:33","modified_gmt":"2026-03-16T12:52:33","slug":"hydro-lock-sleep-mask","status":"publish","type":"product","link":"https:\/\/skinstudio.ee\/lv\/catalog\/hydropeptide-lv\/hydro-lock-sleep-mask\/","title":{"rendered":"Hydro-Lock Sleep Mask"},"content":{"rendered":"<p data-start=\"8\" data-end=\"209\"><strong data-start=\"8\" data-end=\"49\">Hydro-Lock Sleep Mask no HydroPeptide<\/strong> &#8211; grezna nakts maska ar \u201ckaralisko\u201d pept\u012bdu, kas paredz\u0113ta intens\u012bvai \u0101das atjauno\u0161anai, dzi\u013cai mitrin\u0101\u0161anai un \u0101das aizsargbarjeras stiprin\u0101\u0161anai miega laik\u0101.<\/p>\n<p data-start=\"211\" data-end=\"535\">Formula apvieno <strong data-start=\"227\" data-end=\"255\">HYDRO18\u2122 Activated Water<\/strong> kompleksu un lakricas saknes ekstraktu, nodro\u0161inot izteiktu mitruma saglab\u0101\u0161anas, nomierino\u0161u un izgaismojo\u0161u efektu. Pept\u012bds, kas imit\u0113 bi\u0161u m\u0101\u0161u peru pieni\u0146a prote\u012bnu darb\u012bbu, pal\u012bdz atjaunot \u0101das integrit\u0101ti, stimul\u0113 \u0161\u016bnu atjauno\u0161an\u0101s procesus un uzlabo \u0101das \u0161\u016bnu dz\u012bvotsp\u0113ju.<\/p>\n<p data-start=\"537\" data-end=\"726\">Nakts laik\u0101 maska intens\u012bvi pies\u0101tina \u0101du ar mitrumu, stiprina \u0101das barjerfunkcijas un pal\u012bdz atjaunot dabisku mirdzumu. No r\u012bta \u0101da izskat\u0101s glud\u0101ka, maig\u0101ka un iev\u0113rojami lab\u0101k mitrin\u0101ta.<\/p>\n<p data-start=\"728\" data-end=\"760\"><strong data-start=\"728\" data-end=\"760\">Akt\u012bvo sast\u0101vda\u013cu iedarb\u012bba:<\/strong><\/p>\n<p data-start=\"762\" data-end=\"914\">\u2022 <strong data-start=\"764\" data-end=\"783\">ROYAL EPIGEN P5<\/strong>: \u201ckaraliskais\u201d pept\u012bds, iedvesmots no bi\u0161u m\u0101\u0161u peru pieni\u0146a prote\u012bniem, stimul\u0113 \u0161\u016bnu atjauno\u0161anos un atbalsta \u0101das jaunekl\u012bgumu<\/p>\n<p data-start=\"916\" data-end=\"1062\">\u2022 <strong data-start=\"918\" data-end=\"946\">HYDRO18\u2122 Activated Water<\/strong>: patent\u0113ts \u201cvied\u0101 \u016bdens\u201d komplekss ar ole\u012bnsk\u0101bi, kas palielina \u0101das hidrat\u0101ciju un uzlabo sp\u0113ju saglab\u0101t mitrumu<\/p>\n<p data-start=\"1064\" data-end=\"1179\">\u2022 <strong data-start=\"1066\" data-end=\"1091\">Licorice Root Extract<\/strong>: antioksidants, kas pal\u012bdz mazin\u0101t bl\u0101vumu un veicina vienm\u0113r\u012bg\u0101ku, gai\u0161\u0101ku \u0101das toni<\/p>\n<p data-start=\"1181\" data-end=\"1297\"><strong data-start=\"1181\" data-end=\"1220\">Kam piem\u0113rots Hydro-Lock Sleep Mask<\/strong>: visiem \u0101das tipiem, \u012bpa\u0161i dehidr\u0113tai, bl\u0101vai vai atjauno\u0161anu praso\u0161ai \u0101dai.<\/p>\n<p data-start=\"1299\" data-end=\"1317\"><strong data-start=\"1299\" data-end=\"1317\">Tilpums: 75 ml<\/strong><\/p>\n","protected":false},"excerpt":{"rendered":"<div class=\"given_product_description_top\">\n<p data-start=\"1529\" data-end=\"1560\">Nakts atjaunojo\u0161a pept\u012bdu maska<\/p>\n<h2 data-start=\"1562\" data-end=\"1611\"><strong data-start=\"1562\" data-end=\"1611\">\u012apa\u0161\u012bbas HydroPeptide &#8211; Hydro-Lock Sleep Mask<\/strong><\/h2>\n<p data-start=\"1613\" data-end=\"1813\">\u2714\ufe0f Nodro\u0161ina intens\u012bvu nakts mitrin\u0101\u0161anu<br data-start=\"1653\" data-end=\"1656\" \/>\u2714\ufe0f Uzlabo \u0101das sp\u0113ju saglab\u0101t mitrumu<br data-start=\"1693\" data-end=\"1696\" \/>\u2714\ufe0f Atbalsta \u0101das \u0161\u016bnu atjauno\u0161anos<br data-start=\"1730\" data-end=\"1733\" \/>\u2714\ufe0f Padara \u0101du maig\u0101ku un glud\u0101ku<br data-start=\"1765\" data-end=\"1768\" \/>\u2714\ufe0f Pie\u0161\u0137ir \u0101dai svaigu un atp\u016btu\u0161os izskatu<\/p>\n<\/div>\n","protected":false},"featured_media":61818,"template":"","meta":[],"pwb-brand":[1211],"product_brand":[],"product_cat":[745,725,737,749,739],"product_tag":[],"giftcard-category":[],"class_list":{"0":"post-49127","1":"product","2":"type-product","3":"status-publish","4":"has-post-thumbnail","6":"pwb-brand-hydropeptide-lv","7":"product_cat-jutigai-adai","8":"product_cat-maskas","9":"product_cat-mitrinasana","10":"product_cat-novecojosa-ada","11":"product_cat-sausai-adai","13":"first","14":"instock","15":"taxable","16":"shipping-taxable","17":"purchasable","18":"product-type-simple"},"acf":[],"brands":[{"id":1211,"name":"HydroPeptide","slug":"hydropeptide-lv"}],"_links":{"self":[{"href":"https:\/\/skinstudio.ee\/lv\/wp-json\/wp\/v2\/product\/49127","targetHints":{"allow":["GET"]}}],"collection":[{"href":"https:\/\/skinstudio.ee\/lv\/wp-json\/wp\/v2\/product"}],"about":[{"href":"https:\/\/skinstudio.ee\/lv\/wp-json\/wp\/v2\/types\/product"}],"version-history":[{"count":1,"href":"https:\/\/skinstudio.ee\/lv\/wp-json\/wp\/v2\/product\/49127\/revisions"}],"predecessor-version":[{"id":86073,"href":"https:\/\/skinstudio.ee\/lv\/wp-json\/wp\/v2\/product\/49127\/revisions\/86073"}],"wp:featuredmedia":[{"embeddable":true,"href":"https:\/\/skinstudio.ee\/lv\/wp-json\/wp\/v2\/media\/61818"}],"wp:attachment":[{"href":"https:\/\/skinstudio.ee\/lv\/wp-json\/wp\/v2\/media?parent=49127"}],"wp:term":[{"taxonomy":"pwb-brand","embeddable":true,"href":"https:\/\/skinstudio.ee\/lv\/wp-json\/wp\/v2\/pwb-brand?post=49127"},{"taxonomy":"product_brand","embeddable":true,"href":"https:\/\/skinstudio.ee\/lv\/wp-json\/wp\/v2\/product_brand?post=49127"},{"taxonomy":"product_cat","embeddable":true,"href":"https:\/\/skinstudio.ee\/lv\/wp-json\/wp\/v2\/product_cat?post=49127"},{"taxonomy":"product_tag","embeddable":true,"href":"https:\/\/skinstudio.ee\/lv\/wp-json\/wp\/v2\/product_tag?post=49127"},{"taxonomy":"giftcard-category","embeddable":true,"href":"https:\/\/skinstudio.ee\/lv\/wp-json\/wp\/v2\/giftcard-category?post=49127"}],"curies":[{"name":"wp","href":"https:\/\/api.w.org\/{rel}","templated":true}]}}