{"id":49134,"date":"2023-05-24T17:56:55","date_gmt":"2023-05-24T17:56:55","guid":{"rendered":"https:\/\/skinstudio.ee\/?post_type=product&#038;p=49134"},"modified":"2026-03-16T12:04:22","modified_gmt":"2026-03-16T12:04:22","slug":"rejuvenating-mask","status":"publish","type":"product","link":"https:\/\/skinstudio.ee\/lv\/catalog\/hydropeptide-lv\/rejuvenating-mask\/","title":{"rendered":"Rejuvenating Mask"},"content":{"rendered":"<p data-start=\"8\" data-end=\"316\"><strong data-start=\"8\" data-end=\"45\">Rejuvenating Mask no HydroPeptide<\/strong> &#8211; harmoniz\u0113jo\u0161a detox maska, kas paredz\u0113ta intens\u012bvai \u0101das atjauno\u0161anai, att\u012br\u012b\u0161anai un dzi\u013cai mitrin\u0101\u0161anai. Formula apvieno augsto tehnolo\u0123iju pept\u012bdus, augu cilmes \u0161\u016bnas un att\u012bro\u0161u m\u0101lu kompleksu, pal\u012bdzot \u0101tri samazin\u0101t \u0101das reaktivit\u0101ti un atjaunot komforta saj\u016btu.<\/p>\n<p data-start=\"318\" data-end=\"539\">Maska maigi att\u012bra poras, absorb\u0113 lieko sebumu un pal\u012bdz izl\u012bdzin\u0101t \u0101das tekst\u016bru. Antioksidantiem bag\u0101tie akt\u012bvie komponenti pal\u012bdz samazin\u0101t aps\u0101rtuma redzam\u012bbu, stiprina \u0101das aizsargbarjeru un atjauno dabisku mirdzumu.<\/p>\n<p data-start=\"541\" data-end=\"660\">Regul\u0101ri lietojot, \u0101da k\u013c\u016bst mier\u012bg\u0101ka, l\u012bdzsvarot\u0101ka un svaig\u0101ka, bet sejas tonis izskat\u0101s vienm\u0113r\u012bg\u0101ks un vesel\u012bg\u0101ks.<\/p>\n<p data-start=\"662\" data-end=\"694\"><strong data-start=\"662\" data-end=\"694\">Akt\u012bvo sast\u0101vda\u013cu iedarb\u012bba:<\/strong><\/p>\n<p data-start=\"696\" data-end=\"827\">\u2022 <strong data-start=\"698\" data-end=\"751\">Clay Complex (Kaolin, Bentonite, Montmorillonite)<\/strong>: maigi att\u012bra poras, pal\u012bdz absorb\u0113t lieko sebumu un uzlabo \u0101das tekst\u016bru<\/p>\n<p data-start=\"829\" data-end=\"952\">\u2022 <strong data-start=\"831\" data-end=\"852\">Blueberry Extract<\/strong>: bag\u0101ts ar antioksidantiem, pal\u012bdz mazin\u0101t kairin\u0101jumu un aizsarg\u0101 \u0101du no br\u012bvo radik\u0101\u013cu ietekmes<\/p>\n<p data-start=\"954\" data-end=\"1083\">\u2022 <strong data-start=\"956\" data-end=\"1008\">Hydration Complex (Hyaluronic Acid, Shea Butter)<\/strong>: intens\u012bvi mitrina, stiprina \u0101das aizsargbarjeru un uzlabo \u0101das komfortu<\/p>\n<p data-start=\"1085\" data-end=\"1225\"><strong data-start=\"1085\" data-end=\"1120\">Kam piem\u0113rots Rejuvenating Mask<\/strong>: jut\u012bgai, reakt\u012bvai un dehidr\u0113tai \u0101dai, kas ir pak\u013cauta aps\u0101rtumam, kairin\u0101jumam un nevienm\u0113r\u012bgam tonim.<\/p>\n<p data-start=\"1227\" data-end=\"1245\"><strong data-start=\"1227\" data-end=\"1245\">Tilpums: 30 ml<\/strong><\/p>\n","protected":false},"excerpt":{"rendered":"<div class=\"given_product_description_top\">\n<p data-start=\"1367\" data-end=\"1390\">Nomierino\u0161a detox maska<\/p>\n<h2 data-start=\"1392\" data-end=\"1437\"><strong data-start=\"1392\" data-end=\"1437\">\u012apa\u0161\u012bbas HydroPeptide &#8211; Rejuvenating Mask<\/strong><\/h2>\n<p data-start=\"1439\" data-end=\"1644\">\u2714\ufe0f Pal\u012bdz \u0101tri nomierin\u0101t reakt\u012bvu \u0101du<br data-start=\"1477\" data-end=\"1480\" \/>\u2714\ufe0f Samazina redzamu aps\u0101rtumu<br data-start=\"1509\" data-end=\"1512\" \/>\u2714\ufe0f Maigi att\u012bra poras un absorb\u0113 lieko sebumu<br data-start=\"1557\" data-end=\"1560\" \/>\u2714\ufe0f Uztur optim\u0101lu mitrin\u0101\u0161anas l\u012bdzsvaru<br data-start=\"1600\" data-end=\"1603\" \/>\u2714\ufe0f Uzlabo \u0101das toni un dabisko mirdzumu<\/p>\n<\/div>\n","protected":false},"featured_media":61823,"template":"","meta":[],"pwb-brand":[1211],"product_brand":[],"product_cat":[741,745,725,737,739,747],"product_tag":[],"giftcard-category":[],"class_list":{"0":"post-49134","1":"product","2":"type-product","3":"status-publish","4":"has-post-thumbnail","6":"pwb-brand-hydropeptide-lv","7":"product_cat-izsitumi","8":"product_cat-jutigai-adai","9":"product_cat-maskas","10":"product_cat-mitrinasana","11":"product_cat-sausai-adai","12":"product_cat-taukainai-adai","14":"first","15":"instock","16":"taxable","17":"shipping-taxable","18":"purchasable","19":"product-type-simple"},"acf":[],"brands":[{"id":1211,"name":"HydroPeptide","slug":"hydropeptide-lv"}],"_links":{"self":[{"href":"https:\/\/skinstudio.ee\/lv\/wp-json\/wp\/v2\/product\/49134","targetHints":{"allow":["GET"]}}],"collection":[{"href":"https:\/\/skinstudio.ee\/lv\/wp-json\/wp\/v2\/product"}],"about":[{"href":"https:\/\/skinstudio.ee\/lv\/wp-json\/wp\/v2\/types\/product"}],"version-history":[{"count":2,"href":"https:\/\/skinstudio.ee\/lv\/wp-json\/wp\/v2\/product\/49134\/revisions"}],"predecessor-version":[{"id":86061,"href":"https:\/\/skinstudio.ee\/lv\/wp-json\/wp\/v2\/product\/49134\/revisions\/86061"}],"wp:featuredmedia":[{"embeddable":true,"href":"https:\/\/skinstudio.ee\/lv\/wp-json\/wp\/v2\/media\/61823"}],"wp:attachment":[{"href":"https:\/\/skinstudio.ee\/lv\/wp-json\/wp\/v2\/media?parent=49134"}],"wp:term":[{"taxonomy":"pwb-brand","embeddable":true,"href":"https:\/\/skinstudio.ee\/lv\/wp-json\/wp\/v2\/pwb-brand?post=49134"},{"taxonomy":"product_brand","embeddable":true,"href":"https:\/\/skinstudio.ee\/lv\/wp-json\/wp\/v2\/product_brand?post=49134"},{"taxonomy":"product_cat","embeddable":true,"href":"https:\/\/skinstudio.ee\/lv\/wp-json\/wp\/v2\/product_cat?post=49134"},{"taxonomy":"product_tag","embeddable":true,"href":"https:\/\/skinstudio.ee\/lv\/wp-json\/wp\/v2\/product_tag?post=49134"},{"taxonomy":"giftcard-category","embeddable":true,"href":"https:\/\/skinstudio.ee\/lv\/wp-json\/wp\/v2\/giftcard-category?post=49134"}],"curies":[{"name":"wp","href":"https:\/\/api.w.org\/{rel}","templated":true}]}}