{"id":49141,"date":"2023-05-24T17:56:55","date_gmt":"2023-05-24T17:56:55","guid":{"rendered":"https:\/\/skinstudio.ee\/?post_type=product&#038;p=49141"},"modified":"2026-03-14T10:41:10","modified_gmt":"2026-03-14T10:41:10","slug":"soothing-serum","status":"publish","type":"product","link":"https:\/\/skinstudio.ee\/lv\/catalog\/hydropeptide-lv\/soothing-serum\/","title":{"rendered":"Soothing Serum"},"content":{"rendered":"<div class=\"given_product_description_long\">\n<p data-start=\"8\" data-end=\"277\"><strong data-start=\"8\" data-end=\"42\">Soothing Serum no HydroPeptide<\/strong> &#8211; nomierino\u0161s emulsijas serums, kas paredz\u0113ts jut\u012bgas un reakt\u012bvas \u0101das kop\u0161anai. Formula apvieno m\u016bsdien\u012bgus pept\u012bdus un augu cilmes \u0161\u016bnas, pal\u012bdzot samazin\u0101t aps\u0101rtuma redzam\u012bbu, nomierin\u0101t kairin\u0101tu \u0101du un atjaunot komforta saj\u016btu.<\/p>\n<p data-start=\"279\" data-end=\"515\">Akt\u012bv\u0101s sast\u0101vda\u013cas pal\u012bdz stiprin\u0101t \u0101das dabiskos aizsardz\u012bbas meh\u0101nismus, uzlabot mitruma l\u012bmeni un atbalst\u012bt \u0101das barjerfunkciju. Serums ar\u012b pal\u012bdz \u0101dai atjaunoties p\u0113c intens\u012bv\u0101m kosm\u0113tisk\u0101m proced\u016br\u0101m un samazina \u0101das reaktivit\u0101ti.<\/p>\n<p data-start=\"517\" data-end=\"582\">Regul\u0101ri lietojot, \u0101da k\u013c\u016bst mier\u012bg\u0101ka, glud\u0101ka un l\u012bdzsvarot\u0101ka.<\/p>\n<p data-start=\"584\" data-end=\"616\"><strong data-start=\"584\" data-end=\"616\">Akt\u012bvo sast\u0101vda\u013cu iedarb\u012bba:<\/strong><\/p>\n<p data-start=\"618\" data-end=\"730\">\u2022 <strong data-start=\"620\" data-end=\"650\">Syn\u00ae-Tacks Peptide Complex<\/strong>: pept\u012bdu komplekss, kas pal\u012bdz uzlabot \u0101das strukt\u016bru un veicina t\u0101s tvirtumu<\/p>\n<p data-start=\"732\" data-end=\"838\">\u2022 <strong data-start=\"734\" data-end=\"747\">Telangyn\u2122<\/strong>: akt\u012bv\u0101 sast\u0101vda\u013ca, kas pal\u012bdz samazin\u0101t aps\u0101rtuma redzam\u012bbu un stiprina kapil\u0101ru sienas<\/p>\n<p data-start=\"840\" data-end=\"930\">\u2022 <strong data-start=\"842\" data-end=\"856\">Neutrazen\u2122<\/strong>: nomierino\u0161s pept\u012bds, kas pal\u012bdz samazin\u0101t \u0101das jut\u012bgumu un kairin\u0101jumu<\/p>\n<p data-start=\"932\" data-end=\"1056\"><strong data-start=\"932\" data-end=\"964\">Kam piem\u0113rots Soothing Serum<\/strong>: jut\u012bgai \u0101dai ar noslieci uz aps\u0101rtumu, kairin\u0101jumu, kuperozi un paaugstin\u0101tu reaktivit\u0101ti.<\/p>\n<p data-start=\"1058\" data-end=\"1076\"><strong data-start=\"1058\" data-end=\"1076\">Tilpums: 30 ml<\/strong><\/p>\n<\/div>\n","protected":false},"excerpt":{"rendered":"<div class=\"given_product_description_top\">\n<p data-start=\"1312\" data-end=\"1352\">Nomierino\u0161s serums aps\u0101rtuma mazin\u0101\u0161anai<\/p>\n<h2 data-start=\"1354\" data-end=\"1396\"><strong data-start=\"1354\" data-end=\"1396\">\u012apa\u0161\u012bbas HydroPeptide &#8211; Soothing Serum<\/strong><\/h2>\n<p data-start=\"1398\" data-end=\"1615\">\u2714\ufe0f Samazina aps\u0101rtuma un kairin\u0101juma redzam\u012bbu<br data-start=\"1444\" data-end=\"1447\" \/>\u2714\ufe0f Intens\u012bvi mitrina un stiprina \u0101das barjeru<br data-start=\"1492\" data-end=\"1495\" \/>\u2714\ufe0f Palielina komfortu jut\u012bgai \u0101dai<br data-start=\"1529\" data-end=\"1532\" \/>\u2714\ufe0f Atbalsta \u0101das atjauno\u0161anos p\u0113c proced\u016br\u0101m<br data-start=\"1576\" data-end=\"1579\" \/>\u2714\ufe0f Uzlabo \u0101das elast\u012bbu un gludumu<\/p>\n<\/div>\n","protected":false},"featured_media":61653,"template":"","meta":[],"pwb-brand":[1211],"product_brand":[],"product_cat":[745,737,723,747],"product_tag":[],"giftcard-category":[],"class_list":{"0":"post-49141","1":"product","2":"type-product","3":"status-publish","4":"has-post-thumbnail","6":"pwb-brand-hydropeptide-lv","7":"product_cat-jutigai-adai","8":"product_cat-mitrinasana","9":"product_cat-serumi","10":"product_cat-taukainai-adai","12":"first","13":"instock","14":"taxable","15":"shipping-taxable","16":"purchasable","17":"product-type-simple"},"acf":[],"brands":[{"id":1211,"name":"HydroPeptide","slug":"hydropeptide-lv"}],"_links":{"self":[{"href":"https:\/\/skinstudio.ee\/lv\/wp-json\/wp\/v2\/product\/49141","targetHints":{"allow":["GET"]}}],"collection":[{"href":"https:\/\/skinstudio.ee\/lv\/wp-json\/wp\/v2\/product"}],"about":[{"href":"https:\/\/skinstudio.ee\/lv\/wp-json\/wp\/v2\/types\/product"}],"version-history":[{"count":1,"href":"https:\/\/skinstudio.ee\/lv\/wp-json\/wp\/v2\/product\/49141\/revisions"}],"predecessor-version":[{"id":85965,"href":"https:\/\/skinstudio.ee\/lv\/wp-json\/wp\/v2\/product\/49141\/revisions\/85965"}],"wp:featuredmedia":[{"embeddable":true,"href":"https:\/\/skinstudio.ee\/lv\/wp-json\/wp\/v2\/media\/61653"}],"wp:attachment":[{"href":"https:\/\/skinstudio.ee\/lv\/wp-json\/wp\/v2\/media?parent=49141"}],"wp:term":[{"taxonomy":"pwb-brand","embeddable":true,"href":"https:\/\/skinstudio.ee\/lv\/wp-json\/wp\/v2\/pwb-brand?post=49141"},{"taxonomy":"product_brand","embeddable":true,"href":"https:\/\/skinstudio.ee\/lv\/wp-json\/wp\/v2\/product_brand?post=49141"},{"taxonomy":"product_cat","embeddable":true,"href":"https:\/\/skinstudio.ee\/lv\/wp-json\/wp\/v2\/product_cat?post=49141"},{"taxonomy":"product_tag","embeddable":true,"href":"https:\/\/skinstudio.ee\/lv\/wp-json\/wp\/v2\/product_tag?post=49141"},{"taxonomy":"giftcard-category","embeddable":true,"href":"https:\/\/skinstudio.ee\/lv\/wp-json\/wp\/v2\/giftcard-category?post=49141"}],"curies":[{"name":"wp","href":"https:\/\/api.w.org\/{rel}","templated":true}]}}