{"id":49148,"date":"2023-05-24T17:56:54","date_gmt":"2023-05-24T17:56:54","guid":{"rendered":"https:\/\/skinstudio.ee\/?post_type=product&#038;p=49148"},"modified":"2025-12-29T10:01:28","modified_gmt":"2025-12-29T10:01:28","slug":"balancing-mask","status":"publish","type":"product","link":"https:\/\/skinstudio.ee\/lv\/catalog\/hydropeptide-lv\/balancing-mask\/","title":{"rendered":"Balancing Mask"},"content":{"rendered":"<p data-start=\"145\" data-end=\"638\">Atmodina noguru\u0161u, atonisku un dehidr\u0113tu \u0101du.<br data-start=\"210\" data-end=\"213\" \/>Sniedz sp\u0113c\u012bgu pretstressa un antioksidanta iedarb\u012bbu, nodro\u0161ina 97% DNS aizsardz\u012bbu pret boj\u0101jumiem.<br data-start=\"314\" data-end=\"317\" \/>Veicina redzamu \u0101das st\u0101vok\u013ca uzlabo\u0161anos, baro un aizsarg\u0101 no apk\u0101rt\u0113j\u0101s vides agres\u012bvajiem faktoriem.<br data-start=\"420\" data-end=\"423\" \/>Piensk\u0101be un enz\u012bmu komplekss uzlabo turpm\u0101k\u0101s kop\u0161anas l\u012bdzek\u013cu biopieejam\u012bbu, no\u0146em atmiru\u0161\u0101s \u0161\u016bnas, pa\u0101trina \u0101das atjauno\u0161anos, izl\u012bdzina reljefu un uzlabo toni.<br data-start=\"587\" data-end=\"590\" \/>Pept\u012bdi stimul\u0113 \u0101das mikroapriti un imunit\u0101ti.<\/p>\n<p data-start=\"640\" data-end=\"1042\">Akt\u012bv\u0101s sast\u0101vda\u013cas:<br data-start=\"660\" data-end=\"663\" \/>Ehin\u0101cijas cilmes \u0161\u016bnas \u2013 antioksidants ar im\u016bnmodul\u0113jo\u0161u un pretiekaisuma darb\u012bbu.<br data-start=\"746\" data-end=\"749\" \/>2% piensk\u0101be \u2013 veicina \u0161\u016bnu atjauno\u0161an\u0101s procesa pa\u0101trin\u0101\u0161anu.<br data-start=\"811\" data-end=\"814\" \/>Antioksidantu komplekss \u2013 dz\u0113rve\u0146u un gran\u0101t\u0101bolu ekstrakti bag\u0101ti ar polifenoliem, kas stiprina \u0101das aizsardz\u012bbu.<br data-start=\"928\" data-end=\"931\" \/>Pept\u012bdu komplekss \u2013 stimul\u0113 mikrocirkul\u0101ciju, viet\u0113jo imunit\u0101ti un hroniski stresa skart\u0101s \u0101das re\u0123ener\u0101ciju.<\/p>\n<p data-start=\"1044\" data-end=\"1064\"><strong data-start=\"1044\" data-end=\"1062\">Tilpums: 15 ml<\/strong><\/p>\n","protected":false},"excerpt":{"rendered":"<div class=\"given_product_description_top\">\n<p data-start=\"2149\" data-end=\"2241\">Re\u0123ener\u0113jo\u0161a pretstressa maska ar stimul\u0113jo\u0161u un nostiprino\u0161u iedarb\u012bbu ide\u0101lam \u0101das tonim<\/p>\n<h2 data-start=\"2243\" data-end=\"2579\"><strong data-start=\"2243\" data-end=\"2285\">HYDROPEPTIDE &#8211; Balancing Mask \u012bpa\u0161\u012bbas<\/strong><\/h2>\n<p data-start=\"2243\" data-end=\"2579\">\u2714\ufe0f Atjauno \u0101das l\u012bdzsvaru un samazina taukainumu<br data-start=\"2336\" data-end=\"2339\" \/>\u2714\ufe0f Nomierina iekaisumu un kairin\u0101jumu<br data-start=\"2376\" data-end=\"2379\" \/>\u2714\ufe0f Sa\u0161aurina poras un mat\u0113 \u0101du<br data-start=\"2409\" data-end=\"2412\" \/>\u2714\ufe0f Uzlabo elast\u012bbu un gludumu<br data-start=\"2441\" data-end=\"2444\" \/>\u2714\ufe0f Palielina antioksidantu aizsardz\u012bbu<br data-start=\"2482\" data-end=\"2485\" \/>\u2714\ufe0f Pa\u0101trina \u0161\u016bnu atjauno\u0161anos<br data-start=\"2514\" data-end=\"2517\" \/>\u2714\ufe0f Stiprina \u0101das imunit\u0101ti<br data-start=\"2543\" data-end=\"2546\" \/>\u2714\ufe0f Piem\u0113rota visiem \u0101das tipiem<\/p>\n<\/div>\n","protected":false},"featured_media":61848,"template":"","meta":[],"pwb-brand":[1211],"product_brand":[],"product_cat":[745,725,737,749,751,739,747],"product_tag":[],"giftcard-category":[],"class_list":{"0":"post-49148","1":"product","2":"type-product","3":"status-publish","4":"has-post-thumbnail","6":"pwb-brand-hydropeptide-lv","7":"product_cat-jutigai-adai","8":"product_cat-maskas","9":"product_cat-mitrinasana","10":"product_cat-novecojosa-ada","11":"product_cat-pigmentacija-lv","12":"product_cat-sausai-adai","13":"product_cat-taukainai-adai","15":"first","16":"instock","17":"taxable","18":"shipping-taxable","19":"purchasable","20":"product-type-simple"},"acf":[],"brands":[{"id":1211,"name":"HydroPeptide","slug":"hydropeptide-lv"}],"_links":{"self":[{"href":"https:\/\/skinstudio.ee\/lv\/wp-json\/wp\/v2\/product\/49148","targetHints":{"allow":["GET"]}}],"collection":[{"href":"https:\/\/skinstudio.ee\/lv\/wp-json\/wp\/v2\/product"}],"about":[{"href":"https:\/\/skinstudio.ee\/lv\/wp-json\/wp\/v2\/types\/product"}],"version-history":[{"count":0,"href":"https:\/\/skinstudio.ee\/lv\/wp-json\/wp\/v2\/product\/49148\/revisions"}],"wp:featuredmedia":[{"embeddable":true,"href":"https:\/\/skinstudio.ee\/lv\/wp-json\/wp\/v2\/media\/61848"}],"wp:attachment":[{"href":"https:\/\/skinstudio.ee\/lv\/wp-json\/wp\/v2\/media?parent=49148"}],"wp:term":[{"taxonomy":"pwb-brand","embeddable":true,"href":"https:\/\/skinstudio.ee\/lv\/wp-json\/wp\/v2\/pwb-brand?post=49148"},{"taxonomy":"product_brand","embeddable":true,"href":"https:\/\/skinstudio.ee\/lv\/wp-json\/wp\/v2\/product_brand?post=49148"},{"taxonomy":"product_cat","embeddable":true,"href":"https:\/\/skinstudio.ee\/lv\/wp-json\/wp\/v2\/product_cat?post=49148"},{"taxonomy":"product_tag","embeddable":true,"href":"https:\/\/skinstudio.ee\/lv\/wp-json\/wp\/v2\/product_tag?post=49148"},{"taxonomy":"giftcard-category","embeddable":true,"href":"https:\/\/skinstudio.ee\/lv\/wp-json\/wp\/v2\/giftcard-category?post=49148"}],"curies":[{"name":"wp","href":"https:\/\/api.w.org\/{rel}","templated":true}]}}