{"id":49157,"date":"2023-05-24T17:56:55","date_gmt":"2023-05-24T17:56:55","guid":{"rendered":"https:\/\/skinstudio.ee\/?post_type=product&#038;p=49157"},"modified":"2026-03-13T16:37:24","modified_gmt":"2026-03-13T16:37:24","slug":"firma-bright","status":"publish","type":"product","link":"https:\/\/skinstudio.ee\/lv\/catalog\/hydropeptide\/firma-bright\/","title":{"rendered":"Firma Bright"},"content":{"rendered":"<div class=\"given_product_description_long\">\n<p data-start=\"8\" data-end=\"290\"><strong data-start=\"8\" data-end=\"40\">Firma Bright no HydroPeptide<\/strong> &#8211; augstas koncentr\u0101cijas booster ar 20% stabiliz\u0113tu C vitam\u012bnu, kas pal\u012bdz padar\u012bt \u0101du gai\u0161\u0101ku un vienm\u0113r\u012bg\u0101ku. Formula pal\u012bdz samazin\u0101t pigment\u0101cijas redzam\u012bbu, stiprina antioksidantu aizsardz\u012bbu un pie\u0161\u0137ir \u0101dai starojo\u0161\u0101ku un vienm\u0113r\u012bg\u0101ku izskatu.<\/p>\n<p data-start=\"292\" data-end=\"460\">Sp\u0113c\u012bga C vitam\u012bna, antioksidantu un inovat\u012bvu pept\u012bdu kombin\u0101cija pal\u012bdz stimul\u0113t kolag\u0113na sint\u0113zi, uzlabot \u0101das tvirtumu un elast\u012bbu, k\u0101 ar\u012b izl\u012bdzin\u0101t \u0101das tekst\u016bru.<\/p>\n<p data-start=\"462\" data-end=\"604\">Akt\u012bv\u0101s sast\u0101vda\u013cas atbalsta dabiskos atjauno\u0161an\u0101s procesus un pal\u012bdz stiprin\u0101t \u0101das aizsargbarjeru, padarot \u0101du glud\u0101ku, gai\u0161\u0101ku un svaig\u0101ku.<\/p>\n<p data-start=\"606\" data-end=\"638\"><strong data-start=\"606\" data-end=\"638\">Akt\u012bvo sast\u0101vda\u013cu iedarb\u012bba:<\/strong><\/p>\n<p data-start=\"640\" data-end=\"804\">\u2022 <strong data-start=\"642\" data-end=\"677\">Sodium Ascorbyl Phosphate (20%)<\/strong>: stabila C vitam\u012bna forma, kas veicina kolag\u0113na sint\u0113zi, pal\u012bdz samazin\u0101t pigment\u0101ciju un stiprina antioksidantu aizsardz\u012bbu<\/p>\n<p data-start=\"806\" data-end=\"925\">\u2022 <strong data-start=\"808\" data-end=\"821\">Ellagi-C\u2122<\/strong>: sp\u0113c\u012bgs antioksidantu komponents, kas pastiprina C vitam\u012bna aktivit\u0101ti un atbalsta \u0101das atjauno\u0161anos<\/p>\n<p data-start=\"927\" data-end=\"1041\">\u2022 <strong data-start=\"929\" data-end=\"944\">Niacinamide<\/strong>: pal\u012bdz izl\u012bdzin\u0101t \u0101das toni, samazina pigment\u0101cijas redzam\u012bbu un stiprina \u0101das aizsargbarjeru<\/p>\n<p data-start=\"1043\" data-end=\"1141\">\u2022 <strong data-start=\"1045\" data-end=\"1064\">Granactive 1518<\/strong>: inovat\u012bvs pept\u012bdu komplekss, kas pal\u012bdz uzlabot \u0101das tvirtumu un tekst\u016bru<\/p>\n<p data-start=\"1143\" data-end=\"1254\"><strong data-start=\"1143\" data-end=\"1173\">Kam piem\u0113rots Firma Bright<\/strong>: \u0101dai ar pigment\u0101ciju, nevienm\u0113r\u012bgu toni, fotoboj\u0101jumu paz\u012bm\u0113m un bl\u0101vu izskatu.<\/p>\n<p data-start=\"1256\" data-end=\"1274\"><strong data-start=\"1256\" data-end=\"1274\">Tilpums: 50 ml<\/strong><\/p>\n<\/div>\n","protected":false},"excerpt":{"rendered":"<div class=\"given_product_description_top\">\n<p data-start=\"1576\" data-end=\"1621\">\u0100das mirdzumu uzlabojo\u0161s remodel\u0113jo\u0161s booster<\/p>\n<h2 data-start=\"1623\" data-end=\"1663\"><strong data-start=\"1623\" data-end=\"1663\">\u012apa\u0161\u012bbas HydroPeptide &#8211; Firma Bright<\/strong><\/h2>\n<p data-start=\"1665\" data-end=\"1870\">\u2714\ufe0f Samazina pigment\u0101cijas redzam\u012bbu un izl\u012bdzina \u0101das toni<br data-start=\"1723\" data-end=\"1726\" \/>\u2714\ufe0f Pie\u0161\u0137ir \u0101dai izteiktu starojumu<br data-start=\"1760\" data-end=\"1763\" \/>\u2714\ufe0f Stimul\u0113 kolag\u0113na sint\u0113zi<br data-start=\"1790\" data-end=\"1793\" \/>\u2714\ufe0f Uzlabo \u0101das tvirtumu un elast\u012bbu<br data-start=\"1828\" data-end=\"1831\" \/>\u2714\ufe0f Stiprina antioksidantu aizsardz\u012bbu<\/p>\n<\/div>\n","protected":false},"featured_media":61838,"template":"","meta":[],"pwb-brand":[1211],"product_brand":[],"product_cat":[729,737,749,751,739,723,747],"product_tag":[],"giftcard-category":[],"class_list":{"0":"post-49157","1":"product","2":"type-product","3":"status-publish","4":"has-post-thumbnail","6":"pwb-brand-hydropeptide","7":"product_cat-c-vitamins","8":"product_cat-mitrinasana","9":"product_cat-novecojosa-ada","10":"product_cat-pigmentacija-lv","11":"product_cat-sausai-adai","12":"product_cat-serumi","13":"product_cat-taukainai-adai","15":"first","16":"instock","17":"taxable","18":"shipping-taxable","19":"purchasable","20":"product-type-simple"},"acf":[],"brands":[{"id":1211,"name":"HydroPeptide","slug":"hydropeptide"}],"_links":{"self":[{"href":"https:\/\/skinstudio.ee\/lv\/wp-json\/wp\/v2\/product\/49157","targetHints":{"allow":["GET"]}}],"collection":[{"href":"https:\/\/skinstudio.ee\/lv\/wp-json\/wp\/v2\/product"}],"about":[{"href":"https:\/\/skinstudio.ee\/lv\/wp-json\/wp\/v2\/types\/product"}],"version-history":[{"count":1,"href":"https:\/\/skinstudio.ee\/lv\/wp-json\/wp\/v2\/product\/49157\/revisions"}],"predecessor-version":[{"id":85926,"href":"https:\/\/skinstudio.ee\/lv\/wp-json\/wp\/v2\/product\/49157\/revisions\/85926"}],"wp:featuredmedia":[{"embeddable":true,"href":"https:\/\/skinstudio.ee\/lv\/wp-json\/wp\/v2\/media\/61838"}],"wp:attachment":[{"href":"https:\/\/skinstudio.ee\/lv\/wp-json\/wp\/v2\/media?parent=49157"}],"wp:term":[{"taxonomy":"pwb-brand","embeddable":true,"href":"https:\/\/skinstudio.ee\/lv\/wp-json\/wp\/v2\/pwb-brand?post=49157"},{"taxonomy":"product_brand","embeddable":true,"href":"https:\/\/skinstudio.ee\/lv\/wp-json\/wp\/v2\/product_brand?post=49157"},{"taxonomy":"product_cat","embeddable":true,"href":"https:\/\/skinstudio.ee\/lv\/wp-json\/wp\/v2\/product_cat?post=49157"},{"taxonomy":"product_tag","embeddable":true,"href":"https:\/\/skinstudio.ee\/lv\/wp-json\/wp\/v2\/product_tag?post=49157"},{"taxonomy":"giftcard-category","embeddable":true,"href":"https:\/\/skinstudio.ee\/lv\/wp-json\/wp\/v2\/giftcard-category?post=49157"}],"curies":[{"name":"wp","href":"https:\/\/api.w.org\/{rel}","templated":true}]}}