{"id":49164,"date":"2023-05-24T17:56:55","date_gmt":"2023-05-24T17:56:55","guid":{"rendered":"https:\/\/skinstudio.ee\/?post_type=product&#038;p=49164"},"modified":"2026-03-13T16:19:36","modified_gmt":"2026-03-13T16:19:36","slug":"firm-a-fix-nectar","status":"publish","type":"product","link":"https:\/\/skinstudio.ee\/lv\/catalog\/hydropeptide-lv\/firm-a-fix-nectar\/","title":{"rendered":"Firm-A-Fix Nectar"},"content":{"rendered":"<div class=\"given_product_description_long\">\n<p data-start=\"8\" data-end=\"248\"><strong data-start=\"8\" data-end=\"45\">Firm-A-Fix Nectar no HydroPeptide<\/strong> &#8211; grezns seruma-nekt\u0101rs, kas paredz\u0113ts kakla un dekolt\u0113 zonas \u0101das nostiprin\u0101\u0161anai un liftingam. Uzlabot\u0101 formula pal\u012bdz palielin\u0101t \u0101das bl\u012bvumu, uzlabot elast\u012bbu un atbalst\u012bt glud\u0101ku, tvirt\u0101ku izskatu.<\/p>\n<p data-start=\"250\" data-end=\"555\">Revolucion\u0101rs epigen\u0113tisks komplekss ar remodel\u0113jo\u0161iem, grumbas atsl\u0101bino\u0161iem un kolag\u0113na veido\u0161anos stimul\u0113jo\u0161iem pept\u012bdiem pal\u012bdz stiprin\u0101t \u0101das strukt\u016bru un samazin\u0101t l\u012bniju un kroku redzam\u012bbu. Viegl\u0101s tekst\u016bras nekt\u0101rs uzreiz mitrina pl\u0101n\u0101ko kakla un dekolt\u0113 zonas \u0101du, padarot to glud\u0101ku un tvirt\u0101ku.<\/p>\n<p data-start=\"557\" data-end=\"701\">Sp\u0113c\u012bgi antioksidanti pal\u012bdz samazin\u0101t fotoboj\u0101jumu redzam\u012bbu, aizsarg\u0101 pret oksidat\u012bvo stresu un veicina vienm\u0113r\u012bg\u0101ku un starojo\u0161\u0101ku \u0101das toni.<\/p>\n<p data-start=\"703\" data-end=\"735\"><strong data-start=\"703\" data-end=\"735\">Akt\u012bvo sast\u0101vda\u013cu iedarb\u012bba:<\/strong><\/p>\n<p data-start=\"737\" data-end=\"881\">\u2022 <strong data-start=\"739\" data-end=\"764\">Anti-Gravity Peptides<\/strong>: remodel\u0113jo\u0161u un grumbas atsl\u0101bino\u0161u pept\u012bdu kombin\u0101cija, kas pal\u012bdz uzlabot tvirtumu un nodro\u0161ina liftinga efektu<\/p>\n<p data-start=\"883\" data-end=\"986\">\u2022 <strong data-start=\"885\" data-end=\"926\">Hydrolyzed Collagen &amp; Peptide Complex<\/strong>: pal\u012bdz uztur\u0113t \u0101das bl\u012bvumu un stiprina dermas strukt\u016bru<\/p>\n<p data-start=\"988\" data-end=\"1102\">\u2022 <strong data-start=\"990\" data-end=\"1022\">Mushroom &amp; Botanical Complex<\/strong>: augu un s\u0113\u0146u ekstraktu komplekss ar antioksid\u0113jo\u0161\u0101m un atjaunojo\u0161\u0101m \u012bpa\u0161\u012bb\u0101m<\/p>\n<p data-start=\"1104\" data-end=\"1212\">\u2022 <strong data-start=\"1106\" data-end=\"1140\">Triple Hyaluronic Acid Complex<\/strong>: nodro\u0161ina daudzl\u012bme\u0146u mitrin\u0101\u0161anu un pal\u012bdz izl\u012bdzin\u0101t \u0101das tekst\u016bru<\/p>\n<p data-start=\"1214\" data-end=\"1348\"><strong data-start=\"1214\" data-end=\"1249\">Kam piem\u0113rots Firm-A-Fix Nectar<\/strong>: kakla un dekolt\u0113 zonas \u0101dai ar samazin\u0101tu tvirtumu, grumb\u0101m, fotoboj\u0101jumiem un nevienm\u0113r\u012bgu toni.<\/p>\n<p data-start=\"1350\" data-end=\"1368\"><strong data-start=\"1350\" data-end=\"1368\">Tilpums: 50 ml<\/strong><\/p>\n<\/div>\n","protected":false},"excerpt":{"rendered":"<div class=\"given_product_description_top\">\n<p data-start=\"1661\" data-end=\"1711\">Tvirtino\u0161s liftinga serums kaklam un dekolt\u0113 zonai<\/p>\n<h2 data-start=\"1713\" data-end=\"1758\"><strong data-start=\"1713\" data-end=\"1758\">\u012apa\u0161\u012bbas HydroPeptide &#8211; Firm-A-Fix Nectar<\/strong><\/h2>\n<p data-start=\"1760\" data-end=\"1947\">\u2714\ufe0f Uzlabo \u0101das tvirtumu un elast\u012bbu<br data-start=\"1795\" data-end=\"1798\" \/>\u2714\ufe0f Intens\u012bvi mitrina pl\u0101no \u0101du<br data-start=\"1828\" data-end=\"1831\" \/>\u2714\ufe0f Samazina grumbu un kroku redzam\u012bbu<br data-start=\"1868\" data-end=\"1871\" \/>\u2714\ufe0f Pal\u012bdz samazin\u0101t fotoboj\u0101jumu paz\u012bmes<br data-start=\"1911\" data-end=\"1914\" \/>\u2714\ufe0f Uzlabo \u0101das toni un tekst\u016bru<\/p>\n<\/div>\n","protected":false},"featured_media":61833,"template":"","meta":[],"pwb-brand":[1211],"product_brand":[],"product_cat":[735,737,749],"product_tag":[],"giftcard-category":[],"class_list":{"0":"post-49164","1":"product","2":"type-product","3":"status-publish","4":"has-post-thumbnail","6":"pwb-brand-hydropeptide-lv","7":"product_cat-dekolte-zona","8":"product_cat-mitrinasana","9":"product_cat-novecojosa-ada","11":"first","12":"instock","13":"taxable","14":"shipping-taxable","15":"purchasable","16":"product-type-simple"},"acf":[],"brands":[{"id":1211,"name":"HydroPeptide","slug":"hydropeptide-lv"}],"_links":{"self":[{"href":"https:\/\/skinstudio.ee\/lv\/wp-json\/wp\/v2\/product\/49164","targetHints":{"allow":["GET"]}}],"collection":[{"href":"https:\/\/skinstudio.ee\/lv\/wp-json\/wp\/v2\/product"}],"about":[{"href":"https:\/\/skinstudio.ee\/lv\/wp-json\/wp\/v2\/types\/product"}],"version-history":[{"count":1,"href":"https:\/\/skinstudio.ee\/lv\/wp-json\/wp\/v2\/product\/49164\/revisions"}],"predecessor-version":[{"id":85912,"href":"https:\/\/skinstudio.ee\/lv\/wp-json\/wp\/v2\/product\/49164\/revisions\/85912"}],"wp:featuredmedia":[{"embeddable":true,"href":"https:\/\/skinstudio.ee\/lv\/wp-json\/wp\/v2\/media\/61833"}],"wp:attachment":[{"href":"https:\/\/skinstudio.ee\/lv\/wp-json\/wp\/v2\/media?parent=49164"}],"wp:term":[{"taxonomy":"pwb-brand","embeddable":true,"href":"https:\/\/skinstudio.ee\/lv\/wp-json\/wp\/v2\/pwb-brand?post=49164"},{"taxonomy":"product_brand","embeddable":true,"href":"https:\/\/skinstudio.ee\/lv\/wp-json\/wp\/v2\/product_brand?post=49164"},{"taxonomy":"product_cat","embeddable":true,"href":"https:\/\/skinstudio.ee\/lv\/wp-json\/wp\/v2\/product_cat?post=49164"},{"taxonomy":"product_tag","embeddable":true,"href":"https:\/\/skinstudio.ee\/lv\/wp-json\/wp\/v2\/product_tag?post=49164"},{"taxonomy":"giftcard-category","embeddable":true,"href":"https:\/\/skinstudio.ee\/lv\/wp-json\/wp\/v2\/giftcard-category?post=49164"}],"curies":[{"name":"wp","href":"https:\/\/api.w.org\/{rel}","templated":true}]}}