{"id":49175,"date":"2023-05-24T17:56:55","date_gmt":"2023-05-24T17:56:55","guid":{"rendered":"https:\/\/skinstudio.ee\/?post_type=product&#038;p=49175"},"modified":"2026-03-14T10:31:43","modified_gmt":"2026-03-14T10:31:43","slug":"hydrostem","status":"publish","type":"product","link":"https:\/\/skinstudio.ee\/lv\/catalog\/hydropeptide-lv\/hydrostem\/","title":{"rendered":"Hydrostem"},"content":{"rendered":"<div class=\"given_product_description_long\">\n<p data-start=\"8\" data-end=\"318\"><strong data-start=\"8\" data-end=\"37\">Hydrostem no HydroPeptide<\/strong> &#8211; sp\u0113c\u012bgs antioksidantu anti-age serums, kas paredz\u0113ts intens\u012bvai \u0101das atjauno\u0161anai un aizsardz\u012bbai pret apk\u0101rt\u0113j\u0101s vides ietekmi. Formula apvieno atjaunojo\u0161us pept\u012bdu kompleksus, augu ekstraktus un augu cilmes \u0161\u016bnas, pal\u012bdzot uztur\u0113t \u0161\u016bnu dz\u012bvotsp\u0113ju un stiprin\u0101t \u0101das strukt\u016bru.<\/p>\n<p data-start=\"320\" data-end=\"625\">Antioksidantiem bag\u0101tas augu cilmes \u0161\u016bnas pal\u012bdz aizsarg\u0101t \u0101du no apk\u0101rt\u0113j\u0101s vides stresa faktoriem, tostarp UV starojuma un pies\u0101r\u0146ojuma, vienlaikus atbalstot \u0101das dabiskos aizsardz\u012bbas meh\u0101nismus. Akt\u012bv\u0101s sast\u0101vda\u013cas pal\u012bdz uzlabot \u0101das tekst\u016bru un toni, pie\u0161\u0137irot tai vesel\u012bg\u0101ku un starojo\u0161\u0101ku izskatu.<\/p>\n<p data-start=\"627\" data-end=\"747\">Serums pal\u012bdz uztur\u0113t \u0161\u016bnu integrit\u0101ti, stiprina antioksidantu aizsardz\u012bbu un veicina vesel\u012bg\u0101ku, svaig\u0101ku \u0101das izskatu.<\/p>\n<p data-start=\"749\" data-end=\"781\"><strong data-start=\"749\" data-end=\"781\">Akt\u012bvo sast\u0101vda\u013cu iedarb\u012bba:<\/strong><\/p>\n<p data-start=\"783\" data-end=\"931\">\u2022 <strong data-start=\"785\" data-end=\"810\">Perfection Peptide P7<\/strong>: pept\u012bdu komplekss, kas atbalsta \u0101das dabiskos antioksidantu enz\u012bmus un pal\u012bdz aizsarg\u0101t \u0161\u016bnas no br\u012bvajiem radik\u0101\u013ciem<\/p>\n<p data-start=\"933\" data-end=\"1037\">\u2022 <strong data-start=\"935\" data-end=\"960\">PhytoCellTec\u2122 Complex<\/strong>: augu cilmes \u0161\u016bnu komplekss, kas atbalsta \u0161\u016bnu atjauno\u0161anos un dz\u012bvotsp\u0113ju<\/p>\n<p data-start=\"1039\" data-end=\"1165\">\u2022 <strong data-start=\"1041\" data-end=\"1056\">Phytosan\u2122 K<\/strong>: augu izcelsmes komponents ar sp\u0113c\u012bg\u0101m antioksidanta \u012bpa\u0161\u012bb\u0101m, kas pal\u012bdz aizsarg\u0101t \u0101du no fotonoveco\u0161an\u0101s<\/p>\n<p data-start=\"1167\" data-end=\"1261\">\u2022 <strong data-start=\"1169\" data-end=\"1189\">Plankton Extract<\/strong>: pal\u012bdz stiprin\u0101t \u0101das aizsargmeh\u0101nismus un atbalsta t\u0101s atjauno\u0161anos<\/p>\n<p data-start=\"1263\" data-end=\"1389\"><strong data-start=\"1263\" data-end=\"1290\">Kam piem\u0113rots Hydrostem<\/strong>: \u0101dai ar fotonoveco\u0161an\u0101s paz\u012bm\u0113m, bl\u0101vu toni, samazin\u0101tu elast\u012bbu un pirmaj\u0101m noveco\u0161an\u0101s paz\u012bm\u0113m.<\/p>\n<p data-start=\"1391\" data-end=\"1409\"><strong data-start=\"1391\" data-end=\"1409\">Tilpums: 30 ml<\/strong><\/p>\n<\/div>\n","protected":false},"excerpt":{"rendered":"<div class=\"given_product_description_top\">\n<p data-start=\"1671\" data-end=\"1703\">Antioksidantu atjaunojo\u0161s serums<\/p>\n<h2 data-start=\"1705\" data-end=\"1742\"><strong data-start=\"1705\" data-end=\"1742\">\u012apa\u0161\u012bbas HydroPeptide &#8211; Hydrostem<\/strong><\/h2>\n<p data-start=\"1744\" data-end=\"1937\">\u2714\ufe0f Stiprina \u0101das antioksidantu aizsardz\u012bbu<br data-start=\"1786\" data-end=\"1789\" \/>\u2714\ufe0f Veicina \u0161\u016bnu atjauno\u0161anos<br data-start=\"1817\" data-end=\"1820\" \/>\u2714\ufe0f Uzlabo \u0101das tvirtumu un bl\u012bvumu<br data-start=\"1854\" data-end=\"1857\" \/>\u2714\ufe0f Izl\u012bdzina \u0101das tekst\u016bru un toni<br data-start=\"1891\" data-end=\"1894\" \/>\u2714\ufe0f Pal\u012bdz nov\u0113rst fotonoveco\u0161an\u0101s paz\u012bmes<\/p>\n<\/div>\n","protected":false},"featured_media":61853,"template":"","meta":[],"pwb-brand":[1211],"product_brand":[],"product_cat":[745,737,749,751,739,723],"product_tag":[],"giftcard-category":[],"class_list":{"0":"post-49175","1":"product","2":"type-product","3":"status-publish","4":"has-post-thumbnail","6":"pwb-brand-hydropeptide-lv","7":"product_cat-jutigai-adai","8":"product_cat-mitrinasana","9":"product_cat-novecojosa-ada","10":"product_cat-pigmentacija-lv","11":"product_cat-sausai-adai","12":"product_cat-serumi","14":"first","15":"instock","16":"taxable","17":"shipping-taxable","18":"purchasable","19":"product-type-simple"},"acf":[],"brands":[{"id":1211,"name":"HydroPeptide","slug":"hydropeptide-lv"}],"_links":{"self":[{"href":"https:\/\/skinstudio.ee\/lv\/wp-json\/wp\/v2\/product\/49175","targetHints":{"allow":["GET"]}}],"collection":[{"href":"https:\/\/skinstudio.ee\/lv\/wp-json\/wp\/v2\/product"}],"about":[{"href":"https:\/\/skinstudio.ee\/lv\/wp-json\/wp\/v2\/types\/product"}],"version-history":[{"count":1,"href":"https:\/\/skinstudio.ee\/lv\/wp-json\/wp\/v2\/product\/49175\/revisions"}],"predecessor-version":[{"id":85943,"href":"https:\/\/skinstudio.ee\/lv\/wp-json\/wp\/v2\/product\/49175\/revisions\/85943"}],"wp:featuredmedia":[{"embeddable":true,"href":"https:\/\/skinstudio.ee\/lv\/wp-json\/wp\/v2\/media\/61853"}],"wp:attachment":[{"href":"https:\/\/skinstudio.ee\/lv\/wp-json\/wp\/v2\/media?parent=49175"}],"wp:term":[{"taxonomy":"pwb-brand","embeddable":true,"href":"https:\/\/skinstudio.ee\/lv\/wp-json\/wp\/v2\/pwb-brand?post=49175"},{"taxonomy":"product_brand","embeddable":true,"href":"https:\/\/skinstudio.ee\/lv\/wp-json\/wp\/v2\/product_brand?post=49175"},{"taxonomy":"product_cat","embeddable":true,"href":"https:\/\/skinstudio.ee\/lv\/wp-json\/wp\/v2\/product_cat?post=49175"},{"taxonomy":"product_tag","embeddable":true,"href":"https:\/\/skinstudio.ee\/lv\/wp-json\/wp\/v2\/product_tag?post=49175"},{"taxonomy":"giftcard-category","embeddable":true,"href":"https:\/\/skinstudio.ee\/lv\/wp-json\/wp\/v2\/giftcard-category?post=49175"}],"curies":[{"name":"wp","href":"https:\/\/api.w.org\/{rel}","templated":true}]}}