{"id":49185,"date":"2023-05-24T17:56:55","date_gmt":"2023-05-24T17:56:55","guid":{"rendered":"https:\/\/skinstudio.ee\/?post_type=product&#038;p=49185"},"modified":"2026-03-14T10:36:46","modified_gmt":"2026-03-14T10:36:46","slug":"lumapro-c","status":"publish","type":"product","link":"https:\/\/skinstudio.ee\/lv\/catalog\/hydropeptide-lv\/lumapro-c\/","title":{"rendered":"Lumapro-C"},"content":{"rendered":"<div class=\"given_product_description_long\">\n<p data-start=\"8\" data-end=\"342\"><strong data-start=\"8\" data-end=\"37\">LumaPro-C no HydroPeptide<\/strong> &#8211; m\u0113r\u0137tiec\u012bgs izgaismojo\u0161s serums, kas pal\u012bdz kori\u0123\u0113t pigment\u0101ciju un izl\u012bdzin\u0101t \u0101das toni. Formula apvieno izgaismojo\u0161us pept\u012bdus, stabilu C vitam\u012bna formu un antioksidantiem bag\u0101tus augu ekstraktus, pal\u012bdzot samazin\u0101t pigment\u0101cijas plankumu redzam\u012bbu un pie\u0161\u0137irt \u0101dai vienm\u0113r\u012bg\u0101ku, starojo\u0161\u0101ku izskatu.<\/p>\n<p data-start=\"344\" data-end=\"558\">Akt\u012bv\u0101s sast\u0101vda\u013cas pal\u012bdz regul\u0113t melan\u012bna veido\u0161anos, stiprina \u0101das antioksidantu aizsardz\u012bbu un uzlabo \u0101das tekst\u016bru. Serums ar\u012b atbalsta kolag\u0113na sint\u0113zi, veicinot glud\u0101ku, gai\u0161\u0101ku un jaunekl\u012bg\u0101ku \u0101das izskatu.<\/p>\n<p data-start=\"560\" data-end=\"635\">Regul\u0101ri lietojot, \u0101da k\u013c\u016bst vienm\u0113r\u012bg\u0101ka, starojo\u0161\u0101ka un vizu\u0101li svaig\u0101ka.<\/p>\n<p data-start=\"637\" data-end=\"669\"><strong data-start=\"637\" data-end=\"669\">Akt\u012bvo sast\u0101vda\u013cu iedarb\u012bba:<\/strong><\/p>\n<p data-start=\"671\" data-end=\"796\">\u2022 <strong data-start=\"673\" data-end=\"690\">DermalRx\u00ae SRC<\/strong>: pept\u012bdu komplekss, kas maigi atjauno \u0101du, pal\u012bdz uzlabot tekst\u016bru un samazin\u0101t pigment\u0101cijas redzam\u012bbu<\/p>\n<p data-start=\"798\" data-end=\"923\">\u2022 <strong data-start=\"800\" data-end=\"824\">Stabilized Vitamin C<\/strong>: sp\u0113c\u012bgs antioksidants, kas atbalsta kolag\u0113na sint\u0113zi un pal\u012bdz izgaismot nevienm\u0113r\u012bgu \u0101das toni<\/p>\n<p data-start=\"925\" data-end=\"1058\">\u2022 <strong data-start=\"927\" data-end=\"942\">Resveratrol<\/strong>: augu izcelsmes antioksidants, kas pal\u012bdz aizsarg\u0101t \u0101das \u0161\u016bnas no oksidat\u012bv\u0101 stresa un atbalsta \u0101das atjauno\u0161anos<\/p>\n<p data-start=\"1060\" data-end=\"1175\"><strong data-start=\"1060\" data-end=\"1087\">Kam piem\u0113rots LumaPro-C<\/strong>: \u0101dai ar pigment\u0101ciju, nevienm\u0113r\u012bgu toni, fotonoveco\u0161an\u0101s paz\u012bm\u0113m un bl\u0101vu sejas kr\u0101su.<\/p>\n<p data-start=\"1177\" data-end=\"1195\"><strong data-start=\"1177\" data-end=\"1195\">Tilpums: 30 ml<\/strong><\/p>\n<\/div>\n","protected":false},"excerpt":{"rendered":"<div class=\"given_product_description_top\">\n<p data-start=\"1517\" data-end=\"1560\">Pigment\u0101ciju kori\u0123\u0113jo\u0161s izgaismojo\u0161s serums<\/p>\n<h2 data-start=\"1562\" data-end=\"1599\"><strong data-start=\"1562\" data-end=\"1599\">\u012apa\u0161\u012bbas HydroPeptide &#8211; LumaPro-C<\/strong><\/h2>\n<p data-start=\"1601\" data-end=\"1767\">\u2714\ufe0f Samazina pigment\u0101cijas redzam\u012bbu<br data-start=\"1636\" data-end=\"1639\" \/>\u2714\ufe0f Izl\u012bdzina \u0101das toni<br data-start=\"1661\" data-end=\"1664\" \/>\u2714\ufe0f Pie\u0161\u0137ir \u0101dai starojumu<br data-start=\"1689\" data-end=\"1692\" \/>\u2714\ufe0f Atbalsta kolag\u0113na sint\u0113zi<br data-start=\"1720\" data-end=\"1723\" \/>\u2714\ufe0f Stiprina \u0101das antioksidantu aizsardz\u012bbu<\/p>\n<\/div>\n","protected":false},"featured_media":61828,"template":"","meta":[],"pwb-brand":[1211],"product_brand":[],"product_cat":[729,737,749,751,723],"product_tag":[],"giftcard-category":[],"class_list":{"0":"post-49185","1":"product","2":"type-product","3":"status-publish","4":"has-post-thumbnail","6":"pwb-brand-hydropeptide-lv","7":"product_cat-c-vitamins","8":"product_cat-mitrinasana","9":"product_cat-novecojosa-ada","10":"product_cat-pigmentacija-lv","11":"product_cat-serumi","13":"first","14":"instock","15":"taxable","16":"shipping-taxable","17":"purchasable","18":"product-type-simple"},"acf":[],"brands":[{"id":1211,"name":"HydroPeptide","slug":"hydropeptide-lv"}],"_links":{"self":[{"href":"https:\/\/skinstudio.ee\/lv\/wp-json\/wp\/v2\/product\/49185","targetHints":{"allow":["GET"]}}],"collection":[{"href":"https:\/\/skinstudio.ee\/lv\/wp-json\/wp\/v2\/product"}],"about":[{"href":"https:\/\/skinstudio.ee\/lv\/wp-json\/wp\/v2\/types\/product"}],"version-history":[{"count":1,"href":"https:\/\/skinstudio.ee\/lv\/wp-json\/wp\/v2\/product\/49185\/revisions"}],"predecessor-version":[{"id":85954,"href":"https:\/\/skinstudio.ee\/lv\/wp-json\/wp\/v2\/product\/49185\/revisions\/85954"}],"wp:featuredmedia":[{"embeddable":true,"href":"https:\/\/skinstudio.ee\/lv\/wp-json\/wp\/v2\/media\/61828"}],"wp:attachment":[{"href":"https:\/\/skinstudio.ee\/lv\/wp-json\/wp\/v2\/media?parent=49185"}],"wp:term":[{"taxonomy":"pwb-brand","embeddable":true,"href":"https:\/\/skinstudio.ee\/lv\/wp-json\/wp\/v2\/pwb-brand?post=49185"},{"taxonomy":"product_brand","embeddable":true,"href":"https:\/\/skinstudio.ee\/lv\/wp-json\/wp\/v2\/product_brand?post=49185"},{"taxonomy":"product_cat","embeddable":true,"href":"https:\/\/skinstudio.ee\/lv\/wp-json\/wp\/v2\/product_cat?post=49185"},{"taxonomy":"product_tag","embeddable":true,"href":"https:\/\/skinstudio.ee\/lv\/wp-json\/wp\/v2\/product_tag?post=49185"},{"taxonomy":"giftcard-category","embeddable":true,"href":"https:\/\/skinstudio.ee\/lv\/wp-json\/wp\/v2\/giftcard-category?post=49185"}],"curies":[{"name":"wp","href":"https:\/\/api.w.org\/{rel}","templated":true}]}}