{"id":49194,"date":"2023-05-24T17:56:54","date_gmt":"2023-05-24T17:56:54","guid":{"rendered":"https:\/\/skinstudio.ee\/?post_type=product&#038;p=49194"},"modified":"2025-12-29T10:01:31","modified_gmt":"2025-12-29T10:01:31","slug":"triple-acid-peptide-peel","status":"publish","type":"product","link":"https:\/\/skinstudio.ee\/lv\/catalog\/hydropeptide-lv\/triple-acid-peptide-peel\/","title":{"rendered":"Triple Acid Peptide Peel"},"content":{"rendered":"<div class=\"given_product_description_long\">\n<p data-start=\"164\" data-end=\"712\">Vissezonas nenoskalojams p\u012blings ar atjaunojo\u0161o \u201ckaralisko\u201d pept\u012bdu izstr\u0101d\u0101ts, lai stimul\u0113tu \u0161\u016bnu atjauno\u0161anos un mazin\u0101tu galven\u0101s noveco\u0161an\u0101s paz\u012bmes.<br data-start=\"337\" data-end=\"340\" \/>Sk\u0101bju komplekss ar trim sk\u0101b\u0113m, a\u013c\u0123u ekstrakts un eksfoli\u0113jo\u0161s pept\u012bds likvid\u0113 atmiru\u0161\u0101s \u0161\u016bnas, mazina grumbu dzi\u013cumu un redzamos melngalvju izpaudumus.<br data-start=\"493\" data-end=\"496\" \/>P\u012blings pie\u0161\u0137ir \u0101dai dabisku mirdzumu, samazina eso\u0161o pigment\u0101ciju un uzlabo \u0161\u016bnu elpo\u0161anu un vielmai\u0146u.<br data-start=\"600\" data-end=\"603\" data-is-only-node=\"\" \/>Palielina \u0101das aizsargsp\u0113jas un pal\u012bdz efekt\u012bvi c\u012bn\u012bties ar zil\u0101s gaismas (HEV starojuma) negat\u012bvo ietekmi.<\/p>\n<p data-start=\"714\" data-end=\"734\"><strong data-start=\"714\" data-end=\"732\">Tilpums: 30 ml<\/strong><\/p>\n<\/div>\n<div>\n<section id=\"product-details\" class=\"product-desc-tabs\">\n<div class=\"container\">\n<div class=\"row row-lg\">\n<div class=\"mobile_brands\"><\/div>\n<\/div>\n<\/div>\n<\/section>\n<section class=\"expert_tip_section inline\">\n<div class=\"container\">\n<div class=\"row row-lg\">\n<div class=\"tip_content_wrapper\">\n<div class=\"tip_image\"><\/div>\n<\/div>\n<\/div>\n<\/div>\n<\/section>\n<\/div>\n","protected":false},"excerpt":{"rendered":"<div class=\"given_product_description_top\">\n<p data-start=\"1815\" data-end=\"1877\">Nenoskalojams p\u012blings \u0101das atjauno\u0161anai un \u0161\u016bnu aizsardz\u012bbai<\/p>\n<h2 data-start=\"1879\" data-end=\"2114\"><strong data-start=\"1879\" data-end=\"1931\">HYDROPEPTIDE &#8211; Triple Acid Peptide Peel \u012bpa\u0161\u012bbas<\/strong><\/h2>\n<p data-start=\"1879\" data-end=\"2114\">\u2714\ufe0f P\u012blings ar trim sk\u0101b\u0113m un pept\u012bdiem<br data-start=\"1972\" data-end=\"1975\" \/>\u2714\ufe0f Atjauno \u0101du un uzlabo tekst\u016bru<br data-start=\"2008\" data-end=\"2011\" \/>\u2714\ufe0f Samazina grumbas un pigment\u0101ciju<br data-start=\"2046\" data-end=\"2049\" \/>\u2714\ufe0f Satur AHA, BHA un pept\u012bdus<br data-start=\"2078\" data-end=\"2081\" \/>\u2714\ufe0f Piem\u0113rots visiem \u0101das tipiem<\/p>\n<\/div>\n","protected":false},"featured_media":61843,"template":"","meta":[],"pwb-brand":[1211],"product_brand":[],"product_cat":[741,749,743,751,739,719,747],"product_tag":[],"giftcard-category":[],"class_list":{"0":"post-49194","1":"product","2":"type-product","3":"status-publish","4":"has-post-thumbnail","6":"pwb-brand-hydropeptide-lv","7":"product_cat-izsitumi","8":"product_cat-novecojosa-ada","9":"product_cat-paplasinatas-poras","10":"product_cat-pigmentacija-lv","11":"product_cat-sausai-adai","12":"product_cat-skrubji-un-pilingi","13":"product_cat-taukainai-adai","15":"first","16":"instock","17":"taxable","18":"shipping-taxable","19":"purchasable","20":"product-type-simple"},"acf":[],"brands":[{"id":1211,"name":"HydroPeptide","slug":"hydropeptide-lv"}],"_links":{"self":[{"href":"https:\/\/skinstudio.ee\/lv\/wp-json\/wp\/v2\/product\/49194","targetHints":{"allow":["GET"]}}],"collection":[{"href":"https:\/\/skinstudio.ee\/lv\/wp-json\/wp\/v2\/product"}],"about":[{"href":"https:\/\/skinstudio.ee\/lv\/wp-json\/wp\/v2\/types\/product"}],"version-history":[{"count":0,"href":"https:\/\/skinstudio.ee\/lv\/wp-json\/wp\/v2\/product\/49194\/revisions"}],"wp:featuredmedia":[{"embeddable":true,"href":"https:\/\/skinstudio.ee\/lv\/wp-json\/wp\/v2\/media\/61843"}],"wp:attachment":[{"href":"https:\/\/skinstudio.ee\/lv\/wp-json\/wp\/v2\/media?parent=49194"}],"wp:term":[{"taxonomy":"pwb-brand","embeddable":true,"href":"https:\/\/skinstudio.ee\/lv\/wp-json\/wp\/v2\/pwb-brand?post=49194"},{"taxonomy":"product_brand","embeddable":true,"href":"https:\/\/skinstudio.ee\/lv\/wp-json\/wp\/v2\/product_brand?post=49194"},{"taxonomy":"product_cat","embeddable":true,"href":"https:\/\/skinstudio.ee\/lv\/wp-json\/wp\/v2\/product_cat?post=49194"},{"taxonomy":"product_tag","embeddable":true,"href":"https:\/\/skinstudio.ee\/lv\/wp-json\/wp\/v2\/product_tag?post=49194"},{"taxonomy":"giftcard-category","embeddable":true,"href":"https:\/\/skinstudio.ee\/lv\/wp-json\/wp\/v2\/giftcard-category?post=49194"}],"curies":[{"name":"wp","href":"https:\/\/api.w.org\/{rel}","templated":true}]}}