{"id":49203,"date":"2023-05-24T17:56:55","date_gmt":"2023-05-24T17:56:55","guid":{"rendered":"https:\/\/skinstudio.ee\/?post_type=product&#038;p=49203"},"modified":"2026-03-14T10:44:48","modified_gmt":"2026-03-14T10:44:48","slug":"eye-authority","status":"publish","type":"product","link":"https:\/\/skinstudio.ee\/lv\/catalog\/hydropeptide-lv\/eye-authority\/","title":{"rendered":"Eye Authority"},"content":{"rendered":"<p data-start=\"8\" data-end=\"332\"><strong data-start=\"8\" data-end=\"41\">Eye Authority no HydroPeptide<\/strong> &#8211; intens\u012bvi mitrino\u0161s acu kr\u0113ms, kas paredz\u0113ts t\u016bskas, tum\u0161o loku un redzamu noveco\u0161an\u0101s paz\u012bmju mazin\u0101\u0161anai acu zon\u0101. Formula apvieno pretpiet\u016bkuma un kolag\u0113na sint\u0113zi atbalsto\u0161us pept\u012bdus, bioflavono\u012bdus, vitam\u012bnus un augu ekstraktus, pal\u012bdzot stiprin\u0101t un uzlabot acu zonas \u0101das izskatu.<\/p>\n<p data-start=\"334\" data-end=\"537\">Akt\u012bv\u0101s sast\u0101vda\u013cas pal\u012bdz uzlabot mikrocirkul\u0101ciju, samazin\u0101t tum\u0161o loku redzam\u012bbu un uzlabot \u0101das tvirtumu. Kr\u0113ms nodro\u0161ina intens\u012bvu mitrin\u0101\u0161anu un pal\u012bdz izl\u012bdzin\u0101t smalko l\u012bniju un grumbu redzam\u012bbu.<\/p>\n<p data-start=\"539\" data-end=\"626\">Viegl\u0101 tekst\u016bra \u0101tri ies\u016bcas, nerada smaguma saj\u016btu un ir lieliska b\u0101ze zem kosm\u0113tikas.<\/p>\n<p data-start=\"628\" data-end=\"660\"><strong data-start=\"628\" data-end=\"660\">Akt\u012bvo sast\u0101vda\u013cu iedarb\u012bba:<\/strong><\/p>\n<p data-start=\"662\" data-end=\"789\">\u2022 <strong data-start=\"664\" data-end=\"692\">Haloxyl\u2122 Peptide Complex<\/strong>: pept\u012bdu komplekss, kas pal\u012bdz samazin\u0101t tum\u0161o loku redzam\u012bbu un uzlabo \u0101das tvirtumu acu zon\u0101<\/p>\n<p data-start=\"791\" data-end=\"873\">\u2022 <strong data-start=\"793\" data-end=\"813\">Plankton Extract<\/strong>: izgaismojo\u0161s komponents, kas pal\u012bdz izl\u012bdzin\u0101t \u0101das toni<\/p>\n<p data-start=\"875\" data-end=\"961\">\u2022 <strong data-start=\"877\" data-end=\"900\">Pearl Powder + Mica<\/strong>: gaismu atstarojo\u0161as da\u013ci\u0146as, kas uzreiz izgaismo acu zonu<\/p>\n<p data-start=\"963\" data-end=\"1088\">\u2022 <strong data-start=\"965\" data-end=\"1001\">Beautifeye\u2122 Complex (Darutoside)<\/strong>: dren\u0113jo\u0161s akt\u012bvs komponents, kas pal\u012bdz samazin\u0101t t\u016bsku un stiprina kapil\u0101ru sienas<\/p>\n<p data-start=\"1090\" data-end=\"1192\"><strong data-start=\"1090\" data-end=\"1121\">Kam piem\u0113rots Eye Authority<\/strong>: acu zonas \u0101dai ar noguruma paz\u012bm\u0113m, tum\u0161iem lokiem, t\u016bsku un grumb\u0101m.<\/p>\n<p data-start=\"1194\" data-end=\"1212\"><strong data-start=\"1194\" data-end=\"1212\">Tilpums: 15 ml<\/strong><\/p>\n","protected":false},"excerpt":{"rendered":"<div class=\"given_product_description_top\">\n<p data-start=\"1442\" data-end=\"1494\">Mitrino\u0161s acu kr\u0113ms pret grumb\u0101m un tum\u0161ajiem lokiem<\/p>\n<h2 data-start=\"1496\" data-end=\"1537\"><strong data-start=\"1496\" data-end=\"1537\">\u012apa\u0161\u012bbas HydroPeptide &#8211; Eye Authority<\/strong><\/h2>\n<p data-start=\"1539\" data-end=\"1743\">\u2714\ufe0f Intens\u012bvi mitrina un stiprina acu zonas \u0101du<br data-start=\"1585\" data-end=\"1588\" \/>\u2714\ufe0f Samazina t\u016bsku un noguruma paz\u012bmes<br data-start=\"1625\" data-end=\"1628\" \/>\u2714\ufe0f Izgaismo tum\u0161os lokus zem ac\u012bm<br data-start=\"1661\" data-end=\"1664\" \/>\u2714\ufe0f Izl\u012bdzina smalk\u0101s l\u012bnijas un grumbas<br data-start=\"1703\" data-end=\"1706\" \/>\u2714\ufe0f Uzlabo \u0101das tvirtumu un elast\u012bbu<\/p>\n<\/div>\n","protected":false},"featured_media":61783,"template":"","meta":[],"pwb-brand":[1211],"product_brand":[],"product_cat":[733,737,749],"product_tag":[],"giftcard-category":[],"class_list":{"0":"post-49203","1":"product","2":"type-product","3":"status-publish","4":"has-post-thumbnail","6":"pwb-brand-hydropeptide-lv","7":"product_cat-ada-ap-acim","8":"product_cat-mitrinasana","9":"product_cat-novecojosa-ada","11":"first","12":"instock","13":"taxable","14":"shipping-taxable","15":"purchasable","16":"product-type-simple"},"acf":[],"brands":[{"id":1211,"name":"HydroPeptide","slug":"hydropeptide-lv"}],"_links":{"self":[{"href":"https:\/\/skinstudio.ee\/lv\/wp-json\/wp\/v2\/product\/49203","targetHints":{"allow":["GET"]}}],"collection":[{"href":"https:\/\/skinstudio.ee\/lv\/wp-json\/wp\/v2\/product"}],"about":[{"href":"https:\/\/skinstudio.ee\/lv\/wp-json\/wp\/v2\/types\/product"}],"version-history":[{"count":1,"href":"https:\/\/skinstudio.ee\/lv\/wp-json\/wp\/v2\/product\/49203\/revisions"}],"predecessor-version":[{"id":85971,"href":"https:\/\/skinstudio.ee\/lv\/wp-json\/wp\/v2\/product\/49203\/revisions\/85971"}],"wp:featuredmedia":[{"embeddable":true,"href":"https:\/\/skinstudio.ee\/lv\/wp-json\/wp\/v2\/media\/61783"}],"wp:attachment":[{"href":"https:\/\/skinstudio.ee\/lv\/wp-json\/wp\/v2\/media?parent=49203"}],"wp:term":[{"taxonomy":"pwb-brand","embeddable":true,"href":"https:\/\/skinstudio.ee\/lv\/wp-json\/wp\/v2\/pwb-brand?post=49203"},{"taxonomy":"product_brand","embeddable":true,"href":"https:\/\/skinstudio.ee\/lv\/wp-json\/wp\/v2\/product_brand?post=49203"},{"taxonomy":"product_cat","embeddable":true,"href":"https:\/\/skinstudio.ee\/lv\/wp-json\/wp\/v2\/product_cat?post=49203"},{"taxonomy":"product_tag","embeddable":true,"href":"https:\/\/skinstudio.ee\/lv\/wp-json\/wp\/v2\/product_tag?post=49203"},{"taxonomy":"giftcard-category","embeddable":true,"href":"https:\/\/skinstudio.ee\/lv\/wp-json\/wp\/v2\/giftcard-category?post=49203"}],"curies":[{"name":"wp","href":"https:\/\/api.w.org\/{rel}","templated":true}]}}