{"id":49216,"date":"2023-05-24T17:56:55","date_gmt":"2023-05-24T17:56:55","guid":{"rendered":"https:\/\/skinstudio.ee\/?post_type=product&#038;p=49216"},"modified":"2026-03-16T11:57:50","modified_gmt":"2026-03-16T11:57:50","slug":"vital-eyes","status":"publish","type":"product","link":"https:\/\/skinstudio.ee\/lv\/catalog\/hydropeptide\/vital-eyes\/","title":{"rendered":"Vital Eyes"},"content":{"rendered":"<p data-start=\"8\" data-end=\"286\"><strong data-start=\"8\" data-end=\"38\">Vital Eyes no HydroPeptide<\/strong> &#8211; m\u0113r\u0137tiec\u012bgs serums acu zonai, kas pal\u012bdz samazin\u0101t tum\u0161o loku, t\u016bskas un m\u012bmikas l\u012bniju redzam\u012bbu. Formula apvieno modernus pept\u012bdus, antioksidantus un augu akt\u012bv\u0101s vielas, pal\u012bdzot atsvaidzin\u0101t noguru\u0161u skatienu un uzlabot \u0101das izskatu ap ac\u012bm.<\/p>\n<p data-start=\"288\" data-end=\"521\">Akt\u012bv\u0101s sast\u0101vda\u013cas pal\u012bdz izl\u012bdzin\u0101t \u201ev\u0101rnu k\u0101ji\u0146as\u201d, uzlabot mikrocirkul\u0101ciju un samazin\u0101t stagn\u0113jo\u0161as pigment\u0101cijas redzam\u012bbu zem ac\u012bm. Serums ar\u012b pal\u012bdz uzlabot \u0101das mitruma l\u012bmeni un padara acu zonas \u0101du vienm\u0113r\u012bg\u0101ku un glud\u0101ku.<\/p>\n<p data-start=\"523\" data-end=\"657\">Dzes\u0113jo\u0161ais rull\u012b\u0161a aplikators pastiprina dren\u0101\u017eas efektu, pal\u012bdz samazin\u0101t noguruma paz\u012bmes un padara skatienu svaig\u0101ku un atp\u016btu\u0161os.<\/p>\n<p data-start=\"659\" data-end=\"691\"><strong data-start=\"659\" data-end=\"691\">Akt\u012bvo sast\u0101vda\u013cu iedarb\u012bba:<\/strong><\/p>\n<p data-start=\"693\" data-end=\"848\">\u2022 <strong data-start=\"695\" data-end=\"708\">Bakuchiol<\/strong>: augu izcelsmes retinola alternat\u012bva, kas maigi stimul\u0113 \u0161\u016bnu atjauno\u0161anos, atbalsta kolag\u0113na sint\u0113zi un pal\u012bdz samazin\u0101t grumbu redzam\u012bbu<\/p>\n<p data-start=\"850\" data-end=\"934\">\u2022 <strong data-start=\"852\" data-end=\"866\">Argirelox\u2122<\/strong>: pept\u012bdu komplekss, kas pal\u012bdz samazin\u0101t m\u012bmikas grumbu redzam\u012bbu<\/p>\n<p data-start=\"936\" data-end=\"1030\">\u2022 <strong data-start=\"938\" data-end=\"950\">Caffeine<\/strong>: dren\u0113jo\u0161s komponents, kas pal\u012bdz samazin\u0101t t\u016bsku un uzlabot mikrocirkul\u0101ciju<\/p>\n<p data-start=\"1032\" data-end=\"1139\">\u2022 <strong data-start=\"1034\" data-end=\"1047\">Majestem\u2122<\/strong>: augu akt\u012bv\u0101 viela, kas pal\u012bdz uzlabot \u0101das tvirtumu un nodro\u0161ina redzamu liftinga efektu<\/p>\n<p data-start=\"1141\" data-end=\"1248\"><strong data-start=\"1141\" data-end=\"1169\">Kam piem\u0113rots Vital Eyes<\/strong>: acu zonas \u0101dai ar tum\u0161iem lokiem, t\u016bsku, m\u012bmikas grumb\u0101m un noguruma paz\u012bm\u0113m.<\/p>\n<p data-start=\"1250\" data-end=\"1268\"><strong data-start=\"1250\" data-end=\"1268\">Tilpums: 10 ml<\/strong><\/p>\n","protected":false},"excerpt":{"rendered":"<div class=\"given_product_description_top\">\n<p data-start=\"1643\" data-end=\"1673\">Atsvaidzino\u0161s serums acu zonai<\/p>\n<h2 data-start=\"1675\" data-end=\"1713\"><strong data-start=\"1675\" data-end=\"1713\">\u012apa\u0161\u012bbas HydroPeptide &#8211; Vital Eyes<\/strong><\/h2>\n<p data-start=\"1715\" data-end=\"1897\">\u2714\ufe0f Samazina tum\u0161o loku redzam\u012bbu<br data-start=\"1747\" data-end=\"1750\" \/>\u2714\ufe0f Mazina t\u016bsku un noguruma paz\u012bmes<br data-start=\"1785\" data-end=\"1788\" \/>\u2714\ufe0f Izl\u012bdzina m\u012bmikas l\u012bnijas<br data-start=\"1816\" data-end=\"1819\" \/>\u2714\ufe0f Uzlabo \u0101das elast\u012bbu un tvirtumu<br data-start=\"1854\" data-end=\"1857\" \/>\u2714\ufe0f Padara acu zonu gai\u0161\u0101ku un svaig\u0101ku<\/p>\n<\/div>\n","protected":false},"featured_media":61793,"template":"","meta":[],"pwb-brand":[1211],"product_brand":[],"product_cat":[733],"product_tag":[],"giftcard-category":[],"class_list":{"0":"post-49216","1":"product","2":"type-product","3":"status-publish","4":"has-post-thumbnail","6":"pwb-brand-hydropeptide","7":"product_cat-ada-ap-acim","9":"first","10":"instock","11":"sale","12":"taxable","13":"shipping-taxable","14":"purchasable","15":"product-type-simple"},"acf":[],"brands":[{"id":1211,"name":"HydroPeptide","slug":"hydropeptide"}],"_links":{"self":[{"href":"https:\/\/skinstudio.ee\/lv\/wp-json\/wp\/v2\/product\/49216","targetHints":{"allow":["GET"]}}],"collection":[{"href":"https:\/\/skinstudio.ee\/lv\/wp-json\/wp\/v2\/product"}],"about":[{"href":"https:\/\/skinstudio.ee\/lv\/wp-json\/wp\/v2\/types\/product"}],"version-history":[{"count":1,"href":"https:\/\/skinstudio.ee\/lv\/wp-json\/wp\/v2\/product\/49216\/revisions"}],"predecessor-version":[{"id":86051,"href":"https:\/\/skinstudio.ee\/lv\/wp-json\/wp\/v2\/product\/49216\/revisions\/86051"}],"wp:featuredmedia":[{"embeddable":true,"href":"https:\/\/skinstudio.ee\/lv\/wp-json\/wp\/v2\/media\/61793"}],"wp:attachment":[{"href":"https:\/\/skinstudio.ee\/lv\/wp-json\/wp\/v2\/media?parent=49216"}],"wp:term":[{"taxonomy":"pwb-brand","embeddable":true,"href":"https:\/\/skinstudio.ee\/lv\/wp-json\/wp\/v2\/pwb-brand?post=49216"},{"taxonomy":"product_brand","embeddable":true,"href":"https:\/\/skinstudio.ee\/lv\/wp-json\/wp\/v2\/product_brand?post=49216"},{"taxonomy":"product_cat","embeddable":true,"href":"https:\/\/skinstudio.ee\/lv\/wp-json\/wp\/v2\/product_cat?post=49216"},{"taxonomy":"product_tag","embeddable":true,"href":"https:\/\/skinstudio.ee\/lv\/wp-json\/wp\/v2\/product_tag?post=49216"},{"taxonomy":"giftcard-category","embeddable":true,"href":"https:\/\/skinstudio.ee\/lv\/wp-json\/wp\/v2\/giftcard-category?post=49216"}],"curies":[{"name":"wp","href":"https:\/\/api.w.org\/{rel}","templated":true}]}}