{"id":49226,"date":"2023-05-24T17:56:55","date_gmt":"2023-05-24T17:56:55","guid":{"rendered":"https:\/\/skinstudio.ee\/?post_type=product&#038;p=49226"},"modified":"2026-03-14T17:43:37","modified_gmt":"2026-03-14T17:43:37","slug":"polypeptide-collagel-eye","status":"publish","type":"product","link":"https:\/\/skinstudio.ee\/lv\/catalog\/hydropeptide-lv\/polypeptide-collagel-eye\/","title":{"rendered":"Polypeptide Collagel+ Eye"},"content":{"rendered":"<p data-start=\"8\" data-end=\"205\"><strong data-start=\"8\" data-end=\"53\">Polypeptide Collagel+ Eye no HydroPeptide<\/strong> &#8211; hidrog\u0113la acu pl\u0101ksteri, kas paredz\u0113ti intens\u012bvai acu zonas \u0101das atjauno\u0161anai. Tie pal\u012bdz samazin\u0101t grumbu, tum\u0161o loku un noguruma paz\u012bmju redzam\u012bbu.<\/p>\n<p data-start=\"207\" data-end=\"325\">Inovat\u012bv\u0101 hidrog\u0113la tehnolo\u0123ija nodro\u0161ina cie\u0161u piegul\u0161anu \u0101dai un pal\u012bdz akt\u012bvaj\u0101m sast\u0101vda\u013c\u0101m efekt\u012bv\u0101k iedarboties.<\/p>\n<p data-start=\"327\" data-end=\"580\">Formula apvieno kolag\u0113na sint\u0113zi atbalsto\u0161us pept\u012bdus un mitrino\u0161as akt\u012bv\u0101s vielas, kas pal\u012bdz intens\u012bvi atjaunot \u0101das mitruma l\u012bmeni un uzlabot t\u0101s elast\u012bbu un tvirtumu. Jau p\u0113c pirm\u0101s lieto\u0161anas acu zonas \u0101da izskat\u0101s glud\u0101ka, starojo\u0161\u0101ka un svaig\u0101ka.<\/p>\n<p data-start=\"582\" data-end=\"806\">Atsvaidzino\u0161\u0101 hidrog\u0113la tekst\u016bra pal\u012bdz samazin\u0101t t\u016bskas un noguruma paz\u012bmes, vienlaikus nodro\u0161inot t\u016bl\u012bt\u0113ju mitrin\u0101\u0161anu un ilgsto\u0161u komfortu. Regul\u0101ri lietojot, acu zonas \u0101da k\u013c\u016bst tvirt\u0101ka, gai\u0161\u0101ka un vizu\u0101li jaunekl\u012bg\u0101ka.<\/p>\n<p data-start=\"808\" data-end=\"840\"><strong data-start=\"808\" data-end=\"840\">Akt\u012bvo sast\u0101vda\u013cu iedarb\u012bba:<\/strong><\/p>\n<p data-start=\"842\" data-end=\"975\">\u2022 <strong data-start=\"844\" data-end=\"867\">Hydrogel Technology<\/strong>: nodro\u0161ina intens\u012bvu mitrin\u0101\u0161anu, atsvaidzino\u0161u dzes\u0113jo\u0161u efektu un uzlabo akt\u012bvo sast\u0101vda\u013cu pieg\u0101di \u0101dai<\/p>\n<p data-start=\"977\" data-end=\"1083\">\u2022 <strong data-start=\"979\" data-end=\"1002\">Hydrolyzed Collagen<\/strong>: atbalsta dabisko kolag\u0113na sint\u0113zi un pal\u012bdz uzlabot \u0101das elast\u012bbu un tvirtumu<\/p>\n<p data-start=\"1085\" data-end=\"1233\">\u2022 <strong data-start=\"1087\" data-end=\"1113\">Growth Factor Peptides<\/strong>: biomim\u0113tisku pept\u012bdu komplekss, kas imit\u0113 \u0101das aug\u0161anas faktorus un veicina \u0161\u016bnu atjauno\u0161anos un kolag\u0113na veido\u0161anos<\/p>\n<p data-start=\"1235\" data-end=\"1358\"><strong data-start=\"1235\" data-end=\"1278\">Kam piem\u0113rots Polypeptide Collagel+ Eye<\/strong>: acu zonas \u0101dai ar grumb\u0101m, tum\u0161iem lokiem, t\u016bsku, sausumu un noguruma paz\u012bm\u0113m.<\/p>\n<p data-start=\"1360\" data-end=\"1388\"><strong data-start=\"1360\" data-end=\"1388\">Tilpums: 1 gab. \/ 8 gab.<\/strong><\/p>\n","protected":false},"excerpt":{"rendered":"<div class=\"given_product_description_top\">\n<p data-start=\"1730\" data-end=\"1773\">Hidrog\u0113la acu pl\u0101ksteri t\u016bl\u012bt\u0113jam mirdzumam<\/p>\n<h2 data-start=\"1775\" data-end=\"1828\"><strong data-start=\"1775\" data-end=\"1828\">\u012apa\u0161\u012bbas HydroPeptide &#8211; Polypeptide Collagel+ Eye<\/strong><\/h2>\n<p data-start=\"1830\" data-end=\"2051\">\u2714\ufe0f Uzreiz atsvaidzina un atv\u0113sina acu zonu<br data-start=\"1872\" data-end=\"1875\" \/>\u2714\ufe0f Pal\u012bdz samazin\u0101t tum\u0161o loku redzam\u012bbu<br data-start=\"1915\" data-end=\"1918\" \/>\u2714\ufe0f Intens\u012bvi mitrina un uzlabo \u0101das elast\u012bbu<br data-start=\"1962\" data-end=\"1965\" \/>\u2714\ufe0f Izl\u012bdzina smalk\u0101s l\u012bnijas un grumbas<br data-start=\"2004\" data-end=\"2007\" \/>\u2714\ufe0f Padara skatienu svaig\u0101ku un starojo\u0161\u0101ku<\/p>\n<\/div>\n","protected":false},"featured_media":61813,"template":"","meta":[],"pwb-brand":[1211],"product_brand":[],"product_cat":[733,745,725,737,749,739,747],"product_tag":[],"giftcard-category":[],"class_list":{"0":"post-49226","1":"product","2":"type-product","3":"status-publish","4":"has-post-thumbnail","6":"pwb-brand-hydropeptide-lv","7":"product_cat-ada-ap-acim","8":"product_cat-jutigai-adai","9":"product_cat-maskas","10":"product_cat-mitrinasana","11":"product_cat-novecojosa-ada","12":"product_cat-sausai-adai","13":"product_cat-taukainai-adai","14":"pa_suurus-1-pc-lv","15":"pa_suurus-1-pack-lv","17":"first","18":"instock","19":"taxable","20":"shipping-taxable","21":"purchasable","22":"product-type-variable"},"acf":[],"brands":[{"id":1211,"name":"HydroPeptide","slug":"hydropeptide-lv"}],"_links":{"self":[{"href":"https:\/\/skinstudio.ee\/lv\/wp-json\/wp\/v2\/product\/49226","targetHints":{"allow":["GET"]}}],"collection":[{"href":"https:\/\/skinstudio.ee\/lv\/wp-json\/wp\/v2\/product"}],"about":[{"href":"https:\/\/skinstudio.ee\/lv\/wp-json\/wp\/v2\/types\/product"}],"version-history":[{"count":1,"href":"https:\/\/skinstudio.ee\/lv\/wp-json\/wp\/v2\/product\/49226\/revisions"}],"predecessor-version":[{"id":85980,"href":"https:\/\/skinstudio.ee\/lv\/wp-json\/wp\/v2\/product\/49226\/revisions\/85980"}],"wp:featuredmedia":[{"embeddable":true,"href":"https:\/\/skinstudio.ee\/lv\/wp-json\/wp\/v2\/media\/61813"}],"wp:attachment":[{"href":"https:\/\/skinstudio.ee\/lv\/wp-json\/wp\/v2\/media?parent=49226"}],"wp:term":[{"taxonomy":"pwb-brand","embeddable":true,"href":"https:\/\/skinstudio.ee\/lv\/wp-json\/wp\/v2\/pwb-brand?post=49226"},{"taxonomy":"product_brand","embeddable":true,"href":"https:\/\/skinstudio.ee\/lv\/wp-json\/wp\/v2\/product_brand?post=49226"},{"taxonomy":"product_cat","embeddable":true,"href":"https:\/\/skinstudio.ee\/lv\/wp-json\/wp\/v2\/product_cat?post=49226"},{"taxonomy":"product_tag","embeddable":true,"href":"https:\/\/skinstudio.ee\/lv\/wp-json\/wp\/v2\/product_tag?post=49226"},{"taxonomy":"giftcard-category","embeddable":true,"href":"https:\/\/skinstudio.ee\/lv\/wp-json\/wp\/v2\/giftcard-category?post=49226"}],"curies":[{"name":"wp","href":"https:\/\/api.w.org\/{rel}","templated":true}]}}