{"id":49253,"date":"2023-05-24T17:56:55","date_gmt":"2023-05-24T17:56:55","guid":{"rendered":"https:\/\/skinstudio.ee\/?post_type=product&#038;p=49253"},"modified":"2026-03-16T12:01:01","modified_gmt":"2026-03-16T12:01:01","slug":"liplock-hydrator","status":"publish","type":"product","link":"https:\/\/skinstudio.ee\/lv\/catalog\/hydropeptide-lv\/liplock-hydrator\/","title":{"rendered":"Liplock Hydrator"},"content":{"rendered":"<div class=\"given_product_description_long\">\n<p data-start=\"8\" data-end=\"339\"><strong data-start=\"8\" data-end=\"44\">LipLock Hydrator no HydroPeptide<\/strong> &#8211; intens\u012bva nenoskalojama l\u016bpu maska-balzams, kas paredz\u0113ta dzi\u013cai l\u016bpu atjauno\u0161anai, baro\u0161anai un ilgsto\u0161ai mitrin\u0101\u0161anai. Formula ar <strong data-start=\"179\" data-end=\"207\">Volulip\u2122 Peptide Complex<\/strong> un luksusa augu e\u013c\u013cu kombin\u0101ciju pal\u012bdz uzlabot l\u016bpu tekst\u016bru, atbalsta kolag\u0113na sint\u0113zi un atjauno l\u016bpu dabisko maigumu un apjomu.<\/p>\n<p data-start=\"341\" data-end=\"532\">Akt\u012bv\u0101s sast\u0101vda\u013cas pal\u012bdz stiprin\u0101t lip\u012bdu barjeru, samazina mitruma zudumu un nodro\u0161ina ilgsto\u0161u komfortu. Maska intens\u012bvi baro l\u016bpas, padarot t\u0101s glud\u0101kas, m\u012bkst\u0101kas un vizu\u0101li piln\u012bg\u0101kas.<\/p>\n<p data-start=\"534\" data-end=\"621\">Regul\u0101ri lietojot, l\u016bpas izskat\u0101s vesel\u012bg\u0101kas, lab\u0101k mitrin\u0101tas un iev\u0113rojami glud\u0101kas.<\/p>\n<p data-start=\"623\" data-end=\"655\"><strong data-start=\"623\" data-end=\"655\">Akt\u012bvo sast\u0101vda\u013cu iedarb\u012bba:<\/strong><\/p>\n<p data-start=\"657\" data-end=\"795\">\u2022 <strong data-start=\"659\" data-end=\"687\">Volulip\u2122 Peptide Complex<\/strong>: pept\u012bdu komplekss, kas pal\u012bdz palielin\u0101t l\u016bpu apjomu, maigumu un mitrin\u0101\u0161anu, atbalstot kolag\u0113na sint\u0113zi<\/p>\n<p data-start=\"797\" data-end=\"913\">\u2022 <strong data-start=\"799\" data-end=\"823\">Avocado &amp; Jojoba Oil<\/strong>: barojo\u0161as augu e\u013c\u013cas, kas m\u012bkstina l\u016bpas un pal\u012bdz uztur\u0113t to dabisko lip\u012bdu l\u012bdzsvaru<\/p>\n<p data-start=\"915\" data-end=\"1001\">\u2022 <strong data-start=\"917\" data-end=\"940\">Meadowfoam Seed Oil<\/strong>: pal\u012bdz saglab\u0101t mitrumu un nodro\u0161ina ilgsto\u0161u mitrin\u0101\u0161anu<\/p>\n<p data-start=\"1003\" data-end=\"1144\"><strong data-start=\"1003\" data-end=\"1037\">Kam piem\u0113rots LipLock Hydrator<\/strong>: saus\u0101m un dehidr\u0113t\u0101m l\u016bp\u0101m, kas ir pak\u013cautas lob\u012b\u0161an\u0101s, apjoma zuduma un smalku l\u012bniju veido\u0161an\u0101s riskam.<\/p>\n<p data-start=\"1146\" data-end=\"1163\"><strong data-start=\"1146\" data-end=\"1163\">Tilpums: 7 ml<\/strong><\/p>\n<\/div>\n","protected":false},"excerpt":{"rendered":"<div class=\"given_product_description_top\">\n<p data-start=\"1276\" data-end=\"1308\">Intens\u012bvi atjaunojo\u0161a l\u016bpu maska<\/p>\n<h2 data-start=\"1310\" data-end=\"1354\"><strong data-start=\"1310\" data-end=\"1354\">\u012apa\u0161\u012bbas HydroPeptide &#8211; LipLock Hydrator<\/strong><\/h2>\n<p data-start=\"1356\" data-end=\"1549\">\u2714\ufe0f Intens\u012bvi mitrina un m\u012bkstina l\u016bpas<br data-start=\"1394\" data-end=\"1397\" \/>\u2714\ufe0f Pal\u012bdz samazin\u0101t smalko l\u012bniju redzam\u012bbu<br data-start=\"1440\" data-end=\"1443\" \/>\u2714\ufe0f Atbalsta l\u016bpu dabisko apjomu<br data-start=\"1474\" data-end=\"1477\" \/>\u2714\ufe0f Atjauno lip\u012bdu aizsargbarjeru<br data-start=\"1509\" data-end=\"1512\" \/>\u2714\ufe0f Aizsarg\u0101 l\u016bpas no mitruma zuduma<\/p>\n<\/div>\n","protected":false},"featured_media":61818,"template":"","meta":[],"pwb-brand":[1211],"product_brand":[],"product_cat":[759,725,737],"product_tag":[],"giftcard-category":[],"class_list":{"0":"post-49253","1":"product","2":"type-product","3":"status-publish","4":"has-post-thumbnail","6":"pwb-brand-hydropeptide-lv","7":"product_cat-lupu-kopsana","8":"product_cat-maskas","9":"product_cat-mitrinasana","11":"first","12":"instock","13":"taxable","14":"shipping-taxable","15":"purchasable","16":"product-type-simple"},"acf":[],"brands":[{"id":1211,"name":"HydroPeptide","slug":"hydropeptide-lv"}],"_links":{"self":[{"href":"https:\/\/skinstudio.ee\/lv\/wp-json\/wp\/v2\/product\/49253","targetHints":{"allow":["GET"]}}],"collection":[{"href":"https:\/\/skinstudio.ee\/lv\/wp-json\/wp\/v2\/product"}],"about":[{"href":"https:\/\/skinstudio.ee\/lv\/wp-json\/wp\/v2\/types\/product"}],"version-history":[{"count":1,"href":"https:\/\/skinstudio.ee\/lv\/wp-json\/wp\/v2\/product\/49253\/revisions"}],"predecessor-version":[{"id":86056,"href":"https:\/\/skinstudio.ee\/lv\/wp-json\/wp\/v2\/product\/49253\/revisions\/86056"}],"wp:featuredmedia":[{"embeddable":true,"href":"https:\/\/skinstudio.ee\/lv\/wp-json\/wp\/v2\/media\/61818"}],"wp:attachment":[{"href":"https:\/\/skinstudio.ee\/lv\/wp-json\/wp\/v2\/media?parent=49253"}],"wp:term":[{"taxonomy":"pwb-brand","embeddable":true,"href":"https:\/\/skinstudio.ee\/lv\/wp-json\/wp\/v2\/pwb-brand?post=49253"},{"taxonomy":"product_brand","embeddable":true,"href":"https:\/\/skinstudio.ee\/lv\/wp-json\/wp\/v2\/product_brand?post=49253"},{"taxonomy":"product_cat","embeddable":true,"href":"https:\/\/skinstudio.ee\/lv\/wp-json\/wp\/v2\/product_cat?post=49253"},{"taxonomy":"product_tag","embeddable":true,"href":"https:\/\/skinstudio.ee\/lv\/wp-json\/wp\/v2\/product_tag?post=49253"},{"taxonomy":"giftcard-category","embeddable":true,"href":"https:\/\/skinstudio.ee\/lv\/wp-json\/wp\/v2\/giftcard-category?post=49253"}],"curies":[{"name":"wp","href":"https:\/\/api.w.org\/{rel}","templated":true}]}}