{"id":49651,"date":"2025-09-10T14:49:31","date_gmt":"2025-09-10T14:49:31","guid":{"rendered":"https:\/\/skinstudio.ee\/?post_type=product&#038;p=49651"},"modified":"2025-12-30T17:05:03","modified_gmt":"2025-12-30T17:05:03","slug":"mesoprotech-facial-sun-mist","status":"publish","type":"product","link":"https:\/\/skinstudio.ee\/lv\/catalog\/mesoestetic\/mesoprotech-facial-sun-mist\/","title":{"rendered":"Mesoprotech\u00ae Facial Sun Mist"},"content":{"rendered":"<p data-start=\"194\" data-end=\"499\"><strong data-start=\"194\" data-end=\"251\">SPF 50+ pret noveco\u0161anos iedarb\u012bgs sejas saules mists<\/strong> izsmidzin\u0101m\u0101 form\u0101t\u0101 ar svaigu, ultra vieglu tekst\u016bru. Var vienm\u0113r\u012bgi uzsmidzin\u0101t uz \u0101das bez nepiecie\u0161am\u012bbas iemas\u0113t. Ide\u0101li piem\u0113rots tur\u0113\u0161anai pa rokai un atk\u0101rtotai uzkl\u0101\u0161anai dienas laik\u0101. Piem\u0113rots lieto\u0161anai pirms un p\u0113c grima uzkl\u0101\u0161anas.<\/p>\n<p data-start=\"501\" data-end=\"521\"><strong data-start=\"501\" data-end=\"519\">Tilpums: 50 ml<\/strong><\/p>\n","protected":false},"excerpt":{"rendered":"<p data-start=\"1185\" data-end=\"1234\">Pret noveco\u0161anos sejas saules mists SPF 50+<\/p>\n<h2 data-start=\"1236\" data-end=\"1541\"><strong data-start=\"1236\" data-end=\"1291\">Mesoestetic &#8211; Mesoprotech\u00ae Facial Sun Mist \u012bpa\u0161\u012bbas<\/strong><\/h2>\n<p data-start=\"1236\" data-end=\"1541\">\u2714\ufe0f \u013boti augsta SPF 50+ aizsardz\u012bba pret UVA un UVB<br data-start=\"1344\" data-end=\"1347\" \/>\u2714\ufe0f Pret noveco\u0161anos iedarb\u012bba, nov\u0113r\u0161 foto noveco\u0161anos<br data-start=\"1401\" data-end=\"1404\" \/>\u2714\ufe0f Svaiga, ultra viegla tekst\u016bra bez lip\u012bguma<br data-start=\"1449\" data-end=\"1452\" \/>\u2714\ufe0f Var uzkl\u0101t virs grima<br data-start=\"1476\" data-end=\"1479\" \/>\u2714\ufe0f \u0112rts form\u0101ts regul\u0101rai atk\u0101rtotai lieto\u0161anai dienas laik\u0101<\/p>\n","protected":false},"featured_media":67130,"template":"","meta":[],"pwb-brand":[1132],"product_brand":[],"product_cat":[770,731,747],"product_tag":[],"giftcard-category":[],"class_list":{"0":"post-49651","1":"product","2":"type-product","3":"status-publish","4":"has-post-thumbnail","6":"pwb-brand-mesoestetic","7":"product_cat-grims","8":"product_cat-spf-aizsardziba","9":"product_cat-taukainai-adai","11":"first","12":"instock","13":"taxable","14":"shipping-taxable","15":"purchasable","16":"product-type-simple"},"acf":[],"brands":[{"id":1132,"name":"Mesoestetic","slug":"mesoestetic"}],"_links":{"self":[{"href":"https:\/\/skinstudio.ee\/lv\/wp-json\/wp\/v2\/product\/49651","targetHints":{"allow":["GET"]}}],"collection":[{"href":"https:\/\/skinstudio.ee\/lv\/wp-json\/wp\/v2\/product"}],"about":[{"href":"https:\/\/skinstudio.ee\/lv\/wp-json\/wp\/v2\/types\/product"}],"version-history":[{"count":0,"href":"https:\/\/skinstudio.ee\/lv\/wp-json\/wp\/v2\/product\/49651\/revisions"}],"wp:featuredmedia":[{"embeddable":true,"href":"https:\/\/skinstudio.ee\/lv\/wp-json\/wp\/v2\/media\/67130"}],"wp:attachment":[{"href":"https:\/\/skinstudio.ee\/lv\/wp-json\/wp\/v2\/media?parent=49651"}],"wp:term":[{"taxonomy":"pwb-brand","embeddable":true,"href":"https:\/\/skinstudio.ee\/lv\/wp-json\/wp\/v2\/pwb-brand?post=49651"},{"taxonomy":"product_brand","embeddable":true,"href":"https:\/\/skinstudio.ee\/lv\/wp-json\/wp\/v2\/product_brand?post=49651"},{"taxonomy":"product_cat","embeddable":true,"href":"https:\/\/skinstudio.ee\/lv\/wp-json\/wp\/v2\/product_cat?post=49651"},{"taxonomy":"product_tag","embeddable":true,"href":"https:\/\/skinstudio.ee\/lv\/wp-json\/wp\/v2\/product_tag?post=49651"},{"taxonomy":"giftcard-category","embeddable":true,"href":"https:\/\/skinstudio.ee\/lv\/wp-json\/wp\/v2\/giftcard-category?post=49651"}],"curies":[{"name":"wp","href":"https:\/\/api.w.org\/{rel}","templated":true}]}}