{"id":49994,"date":"2025-09-13T10:31:38","date_gmt":"2025-09-13T10:31:38","guid":{"rendered":"https:\/\/skinstudio.ee\/?post_type=product&#038;p=49994"},"modified":"2025-09-13T10:34:56","modified_gmt":"2025-09-13T10:34:56","slug":"moisture-replenishing-hyaluron-cream","status":"publish","type":"product","link":"https:\/\/skinstudio.ee\/lv\/catalog\/genosys-lv\/moisture-replenishing-hyaluron-cream\/","title":{"rendered":"Moisture Replenishing Hyaluron Cream"},"content":{"rendered":"<p data-start=\"92\" data-end=\"346\"><strong data-start=\"92\" data-end=\"176\">Antioksidantu dzi\u013ci mitrino\u0161s kr\u0113ms Genosys Moisture Replenishing Hyaluron Cream<\/strong> atjauno mitruma tr\u016bkumu un nodro\u0161ina uzticamu aizsardz\u012bbu pret \u0101das dehidrat\u0101ciju. Nov\u0113r\u0161 sausumu un lob\u012b\u0161anos, pal\u0113nina noveco\u0161an\u0101s procesus un atjauno \u0101das tvirtumu.<\/p>\n<p data-start=\"348\" data-end=\"576\">Produkts neitraliz\u0113 br\u012bvo radik\u0101\u013cu kait\u012bgo ietekmi un pal\u012bdz izvad\u012bt toks\u012bnus. Normaliz\u0113 hidro-lip\u012bdu l\u012bdzsvaru un veido barjeru, kas saglab\u0101 mitrumu \u0101das \u0161\u016bn\u0101s. Kr\u0113mam ir viegla, \u016bde\u0146aina tekst\u016bra bez lip\u012bguma un taukain\u012bbas.<\/p>\n<p data-start=\"578\" data-end=\"700\">Satur patent\u0113to <strong data-start=\"594\" data-end=\"619\">PENTAVITIN\u2122 kompleksu<\/strong> ar nomierino\u0161u un atv\u0113sino\u0161u iedarb\u012bbu, kas pal\u012bdz mazin\u0101t niezi un aps\u0101rtumu.<\/p>\n<p data-start=\"702\" data-end=\"722\"><strong data-start=\"702\" data-end=\"714\">Tilpums:<\/strong> 50 ml<\/p>\n","protected":false},"excerpt":{"rendered":"<p data-start=\"872\" data-end=\"910\">Mitrino\u0161s kr\u0113ms ar hialuronsk\u0101bi<\/p>\n<h2 data-start=\"912\" data-end=\"1183\"><strong data-start=\"912\" data-end=\"971\">GENOSYS \u2013 Moisture Replenishing Hyaluron Cream \u012bpa\u0161\u012bbas<\/strong><\/h2>\n<p data-start=\"912\" data-end=\"1183\">\u2714\ufe0f Dzi\u013ci mitrina \u0101du hialuronsk\u0101bes d\u0113\u013c<br data-start=\"1013\" data-end=\"1016\" \/>\u2714\ufe0f Atjauno mitruma l\u012bdzsvaru un notur mitrumu<br data-start=\"1061\" data-end=\"1064\" \/>\u2714\ufe0f Uzlabo \u0101das elast\u012bbu un tvirtumu<br data-start=\"1099\" data-end=\"1102\" \/>\u2714\ufe0f Padara \u0101du maig\u0101ku un glud\u0101ku<br data-start=\"1134\" data-end=\"1137\" \/>\u2714\ufe0f Stiprina aizsargbarjeru un nov\u0113r\u0161 sausumu<\/p>\n","protected":false},"featured_media":49985,"template":"","meta":[],"pwb-brand":[1241],"product_brand":[],"product_cat":[745,737,739],"product_tag":[],"giftcard-category":[],"class_list":{"0":"post-49994","1":"product","2":"type-product","3":"status-publish","4":"has-post-thumbnail","6":"pwb-brand-genosys-lv","7":"product_cat-jutigai-adai","8":"product_cat-mitrinasana","9":"product_cat-sausai-adai","11":"first","12":"instock","13":"taxable","14":"shipping-taxable","15":"purchasable","16":"product-type-simple"},"acf":[],"brands":[{"id":1241,"name":"Genosys","slug":"genosys-lv"}],"_links":{"self":[{"href":"https:\/\/skinstudio.ee\/lv\/wp-json\/wp\/v2\/product\/49994","targetHints":{"allow":["GET"]}}],"collection":[{"href":"https:\/\/skinstudio.ee\/lv\/wp-json\/wp\/v2\/product"}],"about":[{"href":"https:\/\/skinstudio.ee\/lv\/wp-json\/wp\/v2\/types\/product"}],"version-history":[{"count":0,"href":"https:\/\/skinstudio.ee\/lv\/wp-json\/wp\/v2\/product\/49994\/revisions"}],"wp:featuredmedia":[{"embeddable":true,"href":"https:\/\/skinstudio.ee\/lv\/wp-json\/wp\/v2\/media\/49985"}],"wp:attachment":[{"href":"https:\/\/skinstudio.ee\/lv\/wp-json\/wp\/v2\/media?parent=49994"}],"wp:term":[{"taxonomy":"pwb-brand","embeddable":true,"href":"https:\/\/skinstudio.ee\/lv\/wp-json\/wp\/v2\/pwb-brand?post=49994"},{"taxonomy":"product_brand","embeddable":true,"href":"https:\/\/skinstudio.ee\/lv\/wp-json\/wp\/v2\/product_brand?post=49994"},{"taxonomy":"product_cat","embeddable":true,"href":"https:\/\/skinstudio.ee\/lv\/wp-json\/wp\/v2\/product_cat?post=49994"},{"taxonomy":"product_tag","embeddable":true,"href":"https:\/\/skinstudio.ee\/lv\/wp-json\/wp\/v2\/product_tag?post=49994"},{"taxonomy":"giftcard-category","embeddable":true,"href":"https:\/\/skinstudio.ee\/lv\/wp-json\/wp\/v2\/giftcard-category?post=49994"}],"curies":[{"name":"wp","href":"https:\/\/api.w.org\/{rel}","templated":true}]}}