{"id":50010,"date":"2025-09-13T10:42:52","date_gmt":"2025-09-13T10:42:52","guid":{"rendered":"https:\/\/skinstudio.ee\/?post_type=product&#038;p=50010"},"modified":"2026-04-03T09:47:12","modified_gmt":"2026-04-03T09:47:12","slug":"moisture-repair-sun-cream-spf50-pa","status":"publish","type":"product","link":"https:\/\/skinstudio.ee\/lv\/catalog\/zeroid-lv\/moisture-repair-sun-cream-spf50-pa\/","title":{"rendered":"Moisture Repair Sun Cream"},"content":{"rendered":"<p data-start=\"2962\" data-end=\"3284\"><strong data-start=\"2962\" data-end=\"3001\">Moisture Repair Sun Cream no ZEROID<\/strong> ir mitrino\u0161s hipoaler\u0123isks saules aizsargkr\u0113ms, kas nodro\u0161ina uzticamu pla\u0161a spektra aizsardz\u012bbu SPF50+ PA++++ un vienlaikus stiprina \u0101das barjeru. Formula apvieno efekt\u012bvu saules aizsardz\u012bbu ar ikdienas \u0101das kop\u0161anu, saglab\u0101jot komfortu un optim\u0101lu mitrin\u0101\u0161anu visas dienas garum\u0101.<\/p>\n<p data-start=\"3286\" data-end=\"3470\">Viegl\u0101 moisture-essence tekst\u016bra vienm\u0113r\u012bgi kl\u0101jas, \u0101tri ies\u016bcas un neatst\u0101j baltu k\u0101rti\u0146u vai smaguma saj\u016btu. Kr\u0113ms samazina sausumu un diskomfortu, atst\u0101jot \u0101du gludu un komfortablu.<\/p>\n<p data-start=\"3472\" data-end=\"3664\"><strong data-start=\"3472\" data-end=\"3516\">Kam piem\u0113rots Moisture Repair Sun Cream:<\/strong> paredz\u0113ts sausai, dehidr\u0113tai un jut\u012bgai \u0101dai, tostarp \u0101dai ar trauc\u0113tu aizsargbarjeru vai reaktivit\u0101ti. Piem\u0113rots ikdienas aizsardz\u012bbai pils\u0113tvid\u0113.<\/p>\n<p data-start=\"3666\" data-end=\"3684\"><strong data-start=\"3666\" data-end=\"3678\">Tilpums:<\/strong> 50 ml<\/p>\n","protected":false},"excerpt":{"rendered":"<p data-start=\"3896\" data-end=\"3925\">Mitrino\u0161s saules aizsargkr\u0113ms<\/p>\n<h2 data-start=\"3927\" data-end=\"3974\"><strong data-start=\"3927\" data-end=\"3974\">\u012apa\u0161\u012bbas ZEROID &#8211; Moisture Repair Sun Cream<\/strong><\/h2>\n<p data-start=\"3976\" data-end=\"4181\">\u2714\ufe0f Nodro\u0161ina pla\u0161a spektra SPF50+ PA++++ aizsardz\u012bbu<br data-start=\"4028\" data-end=\"4031\" \/>\u2714\ufe0f Aizsarg\u0101 \u0101du no UVA un UVB starojuma<br data-start=\"4070\" data-end=\"4073\" \/>\u2714\ufe0f Intens\u012bvi mitrina bez smaguma saj\u016btas<br data-start=\"4113\" data-end=\"4116\" \/>\u2714\ufe0f Samazina sausuma un savilkuma saj\u016btu<br data-start=\"4155\" data-end=\"4158\" \/>\u2714\ufe0f Uzlabo \u0101das komfortu<\/p>\n","protected":false},"featured_media":50002,"template":"","meta":[],"pwb-brand":[1255],"product_brand":[],"product_cat":[745,737,731],"product_tag":[],"giftcard-category":[],"class_list":{"0":"post-50010","1":"product","2":"type-product","3":"status-publish","4":"has-post-thumbnail","6":"pwb-brand-zeroid-lv","7":"product_cat-jutigai-adai","8":"product_cat-mitrinasana","9":"product_cat-spf-aizsardziba","11":"first","12":"instock","13":"taxable","14":"shipping-taxable","15":"purchasable","16":"product-type-simple"},"acf":[],"brands":[{"id":1255,"name":"ZEROID","slug":"zeroid-lv"}],"_links":{"self":[{"href":"https:\/\/skinstudio.ee\/lv\/wp-json\/wp\/v2\/product\/50010","targetHints":{"allow":["GET"]}}],"collection":[{"href":"https:\/\/skinstudio.ee\/lv\/wp-json\/wp\/v2\/product"}],"about":[{"href":"https:\/\/skinstudio.ee\/lv\/wp-json\/wp\/v2\/types\/product"}],"version-history":[{"count":1,"href":"https:\/\/skinstudio.ee\/lv\/wp-json\/wp\/v2\/product\/50010\/revisions"}],"predecessor-version":[{"id":79538,"href":"https:\/\/skinstudio.ee\/lv\/wp-json\/wp\/v2\/product\/50010\/revisions\/79538"}],"wp:featuredmedia":[{"embeddable":true,"href":"https:\/\/skinstudio.ee\/lv\/wp-json\/wp\/v2\/media\/50002"}],"wp:attachment":[{"href":"https:\/\/skinstudio.ee\/lv\/wp-json\/wp\/v2\/media?parent=50010"}],"wp:term":[{"taxonomy":"pwb-brand","embeddable":true,"href":"https:\/\/skinstudio.ee\/lv\/wp-json\/wp\/v2\/pwb-brand?post=50010"},{"taxonomy":"product_brand","embeddable":true,"href":"https:\/\/skinstudio.ee\/lv\/wp-json\/wp\/v2\/product_brand?post=50010"},{"taxonomy":"product_cat","embeddable":true,"href":"https:\/\/skinstudio.ee\/lv\/wp-json\/wp\/v2\/product_cat?post=50010"},{"taxonomy":"product_tag","embeddable":true,"href":"https:\/\/skinstudio.ee\/lv\/wp-json\/wp\/v2\/product_tag?post=50010"},{"taxonomy":"giftcard-category","embeddable":true,"href":"https:\/\/skinstudio.ee\/lv\/wp-json\/wp\/v2\/giftcard-category?post=50010"}],"curies":[{"name":"wp","href":"https:\/\/api.w.org\/{rel}","templated":true}]}}