{"id":50026,"date":"2025-09-13T10:52:04","date_gmt":"2025-09-13T10:52:04","guid":{"rendered":"https:\/\/skinstudio.ee\/?post_type=product&#038;p=50026"},"modified":"2025-12-24T12:25:55","modified_gmt":"2025-12-24T12:25:55","slug":"ac-control-body-lotion","status":"publish","type":"product","link":"https:\/\/skinstudio.ee\/lv\/catalog\/dermab\/ac-control-body-lotion\/","title":{"rendered":"AC Control Body Lotion"},"content":{"rendered":"<p data-start=\"194\" data-end=\"471\"><strong data-start=\"194\" data-end=\"239\">AC Control Body Lotion by Derma:B<\/strong> ir funkcion\u0101ls \u0137erme\u0146a losjons, kas izstr\u0101d\u0101ts \u0101dai ar noslieci uz izsitumiem un nepiln\u012bb\u0101m. Formula nodro\u0161ina visaptvero\u0161u kop\u0161anu problem\u0101tiskai \u0137erme\u0146a \u0101dai, apvienojot m\u016bsdien\u012bgus dermatolo\u0123iskus risin\u0101jumus un MLE tehnolo\u0123iju.<\/p>\n<p data-start=\"473\" data-end=\"808\">Derma:B AC Control Body Lotion by Derma:B pal\u012bdz regul\u0113t lieko sebuma veido\u0161anos \u2013 vienu no galvenajiem faktoriem, kas veicina izsitumu ra\u0161anos uz \u0137erme\u0146a. Sabalans\u0113ts p\u012blinga komplekss ar AHA, BHA un PHA sk\u0101b\u0113m maigi no\u0146em atmiru\u0161\u0101s \u0101das \u0161\u016bnas, veicina \u0101das atjauno\u0161anos un uzlabo t\u0101s tekst\u016bru, neradot sausuma vai kairin\u0101juma saj\u016btu.<\/p>\n<p data-start=\"810\" data-end=\"1091\">Formulas pamat\u0101 ir MLE (Multi Lamellar Emulsion) tehnolo\u0123ija, kas pal\u012bdz atbalst\u012bt un stiprin\u0101t \u0101das dabisko aizsargbarjeru. Tas \u013cauj saglab\u0101t optim\u0101lu mitruma l\u012bmeni, samazin\u0101t transepiderm\u0101lo \u016bdens zudumu un nodro\u0161in\u0101t ilgsto\u0161u komfortu pat regul\u0101ri lietojot akt\u012bv\u0101s sast\u0101vda\u013cas.<\/p>\n<p data-start=\"1093\" data-end=\"1294\">Losjons ir piem\u0113rots ikdienas \u0137erme\u0146a kop\u0161anai, \u012bpa\u0161i zon\u0101s ar noslieci uz izsitumiem. Viegl\u0101 tekst\u016bra vienm\u0113r\u012bgi kl\u0101jas, \u0101tri ies\u016bcas un neatst\u0101j lip\u012bguma saj\u016btu, padarot \u0101du glud\u0101ku un l\u012bdzsvarot\u0101ku.<\/p>\n<p data-start=\"1296\" data-end=\"1315\"><strong data-start=\"1296\" data-end=\"1308\">Tilpums:<\/strong> 400 ml<\/p>\n","protected":false},"excerpt":{"rendered":"<p data-start=\"1481\" data-end=\"1535\">\u0136erme\u0146a losjons \u0101dai ar noslieci uz akni un izsitumiem<\/p>\n<h2 data-start=\"1537\" data-end=\"1582\"><strong data-start=\"1537\" data-end=\"1582\">\u012apa\u0161\u012bbas Derma:B &#8211; AC Control Body Lotion<\/strong><\/h2>\n<p data-start=\"1584\" data-end=\"1760\">\u2714\ufe0f Pal\u012bdz regul\u0113t sebuma izdal\u012b\u0161anos<br data-start=\"1620\" data-end=\"1623\" \/>\u2714\ufe0f Maigi noloba un atjauno \u0101du<br data-start=\"1653\" data-end=\"1656\" \/>\u2714\ufe0f Atbalsta \u0101das aizsargbarjeru<br data-start=\"1687\" data-end=\"1690\" \/>\u2714\ufe0f Samazina noslieci uz izsitumiem<br data-start=\"1724\" data-end=\"1727\" \/>\u2714\ufe0f Mitrina bez lip\u012bguma saj\u016btas<\/p>\n","protected":false},"featured_media":65656,"template":"","meta":[],"pwb-brand":[783],"product_brand":[],"product_cat":[741,757],"product_tag":[],"giftcard-category":[],"class_list":{"0":"post-50026","1":"product","2":"type-product","3":"status-publish","4":"has-post-thumbnail","6":"pwb-brand-dermab","7":"product_cat-izsitumi","8":"product_cat-kermena-kopsana","10":"first","11":"instock","12":"taxable","13":"shipping-taxable","14":"purchasable","15":"product-type-simple"},"acf":[],"brands":[{"id":783,"name":"Derma:B","slug":"dermab"}],"_links":{"self":[{"href":"https:\/\/skinstudio.ee\/lv\/wp-json\/wp\/v2\/product\/50026","targetHints":{"allow":["GET"]}}],"collection":[{"href":"https:\/\/skinstudio.ee\/lv\/wp-json\/wp\/v2\/product"}],"about":[{"href":"https:\/\/skinstudio.ee\/lv\/wp-json\/wp\/v2\/types\/product"}],"version-history":[{"count":0,"href":"https:\/\/skinstudio.ee\/lv\/wp-json\/wp\/v2\/product\/50026\/revisions"}],"wp:featuredmedia":[{"embeddable":true,"href":"https:\/\/skinstudio.ee\/lv\/wp-json\/wp\/v2\/media\/65656"}],"wp:attachment":[{"href":"https:\/\/skinstudio.ee\/lv\/wp-json\/wp\/v2\/media?parent=50026"}],"wp:term":[{"taxonomy":"pwb-brand","embeddable":true,"href":"https:\/\/skinstudio.ee\/lv\/wp-json\/wp\/v2\/pwb-brand?post=50026"},{"taxonomy":"product_brand","embeddable":true,"href":"https:\/\/skinstudio.ee\/lv\/wp-json\/wp\/v2\/product_brand?post=50026"},{"taxonomy":"product_cat","embeddable":true,"href":"https:\/\/skinstudio.ee\/lv\/wp-json\/wp\/v2\/product_cat?post=50026"},{"taxonomy":"product_tag","embeddable":true,"href":"https:\/\/skinstudio.ee\/lv\/wp-json\/wp\/v2\/product_tag?post=50026"},{"taxonomy":"giftcard-category","embeddable":true,"href":"https:\/\/skinstudio.ee\/lv\/wp-json\/wp\/v2\/giftcard-category?post=50026"}],"curies":[{"name":"wp","href":"https:\/\/api.w.org\/{rel}","templated":true}]}}