{"id":51008,"date":"2025-09-19T11:24:45","date_gmt":"2025-09-19T11:24:45","guid":{"rendered":"https:\/\/skinstudio.ee\/?post_type=product&#038;p=51008"},"modified":"2025-12-30T17:05:12","modified_gmt":"2025-12-30T17:05:12","slug":"extreme-moisture-lip-balm","status":"publish","type":"product","link":"https:\/\/skinstudio.ee\/lv\/catalog\/real-barrier\/extreme-moisture-lip-balm\/","title":{"rendered":"Extreme Moisture Lip Balm"},"content":{"rendered":"<p data-start=\"181\" data-end=\"431\">Mitrino\u0161s lamel\u0101rais l\u016bpu balzams Real Barrier Extreme Moisture Lip Balm efekt\u012bvi nov\u0113r\u0161 sausumu un lob\u012b\u0161anos, vienlaikus aizsarg\u0101jot jut\u012bgo l\u016bpu \u0101du no apk\u0101rt\u0113j\u0101s vides kait\u012bg\u0101s ietekmes. Padara l\u016bpas m\u012bkstas un gludas, pal\u012bdzot sadzied\u0113t plaisas.<\/p>\n<p data-start=\"433\" data-end=\"682\">Balzams dzi\u013ci mitrina \u0101du, uzlabo \u0161\u016bnu sp\u0113ju saglab\u0101t mitrumu un stiprina \u0101das aizsargbarjeru. Tas veido neredzamu aizsargsl\u0101ni, kas nov\u0113r\u0161 mitruma zudumu un pasarg\u0101 no aukstuma, v\u0113ja un sausa gaisa. Pal\u012bdz ar\u012b palielin\u0101t \u0101das bl\u012bvumu un elast\u012bbu.<\/p>\n<p data-start=\"684\" data-end=\"909\">Formula izce\u013cas ar fiziolo\u0123isku l\u012bdz\u012bbu ar raga sl\u0101\u0146a lip\u012bdiem. L\u012bdz\u012bgi k\u0101 pl\u0101ksteris, balzams atjauno epidermas nep\u0101rtraukt\u012bbu: t\u0101 da\u013ci\u0146as organiski iek\u013caujas lip\u012bdu sl\u0101n\u012b, aizpildot boj\u0101jumus un atjaunojot t\u0101 integrit\u0101ti.<\/p>\n<p data-start=\"911\" data-end=\"931\"><strong data-start=\"911\" data-end=\"929\">Tilpums: 3,2 g<\/strong><\/p>\n","protected":false},"excerpt":{"rendered":"<p data-start=\"991\" data-end=\"1025\">Intens\u012bvi mitrino\u0161s l\u016bpu balzams<\/p>\n<h2 data-start=\"1027\" data-end=\"1309\"><strong data-start=\"1027\" data-end=\"1080\">Real Barrier &#8211; Extreme Moisture Lip Balm \u012bpa\u0161\u012bbas<\/strong><\/h2>\n<p data-start=\"1027\" data-end=\"1309\">\u2714\ufe0f Dzi\u013ci baro un atjauno sausas, saplais\u0101ju\u0161as l\u016bpas<br data-start=\"1135\" data-end=\"1138\" \/>\u2714\ufe0f Izveido aizsargk\u0101rtu pret v\u0113ju un aukstumu<br data-start=\"1183\" data-end=\"1186\" \/>\u2714\ufe0f Padara l\u016bpas m\u012bkstas un gludas<br data-start=\"1219\" data-end=\"1222\" \/>\u2714\ufe0f Nov\u0113r\u0161 mitruma zudumu un lob\u012b\u0161anos<br data-start=\"1259\" data-end=\"1262\" \/>\u2714\ufe0f Nodro\u0161ina ilgsto\u0161u komfortu un mitrin\u0101\u0161anu<\/p>\n","protected":false},"featured_media":66662,"template":"","meta":[],"pwb-brand":[713],"product_brand":[],"product_cat":[759],"product_tag":[],"giftcard-category":[],"class_list":{"0":"post-51008","1":"product","2":"type-product","3":"status-publish","4":"has-post-thumbnail","6":"pwb-brand-real-barrier","7":"product_cat-lupu-kopsana","9":"first","10":"instock","11":"taxable","12":"shipping-taxable","13":"purchasable","14":"product-type-simple"},"acf":[],"brands":[{"id":713,"name":"Real Barrier","slug":"real-barrier"}],"_links":{"self":[{"href":"https:\/\/skinstudio.ee\/lv\/wp-json\/wp\/v2\/product\/51008","targetHints":{"allow":["GET"]}}],"collection":[{"href":"https:\/\/skinstudio.ee\/lv\/wp-json\/wp\/v2\/product"}],"about":[{"href":"https:\/\/skinstudio.ee\/lv\/wp-json\/wp\/v2\/types\/product"}],"version-history":[{"count":0,"href":"https:\/\/skinstudio.ee\/lv\/wp-json\/wp\/v2\/product\/51008\/revisions"}],"wp:featuredmedia":[{"embeddable":true,"href":"https:\/\/skinstudio.ee\/lv\/wp-json\/wp\/v2\/media\/66662"}],"wp:attachment":[{"href":"https:\/\/skinstudio.ee\/lv\/wp-json\/wp\/v2\/media?parent=51008"}],"wp:term":[{"taxonomy":"pwb-brand","embeddable":true,"href":"https:\/\/skinstudio.ee\/lv\/wp-json\/wp\/v2\/pwb-brand?post=51008"},{"taxonomy":"product_brand","embeddable":true,"href":"https:\/\/skinstudio.ee\/lv\/wp-json\/wp\/v2\/product_brand?post=51008"},{"taxonomy":"product_cat","embeddable":true,"href":"https:\/\/skinstudio.ee\/lv\/wp-json\/wp\/v2\/product_cat?post=51008"},{"taxonomy":"product_tag","embeddable":true,"href":"https:\/\/skinstudio.ee\/lv\/wp-json\/wp\/v2\/product_tag?post=51008"},{"taxonomy":"giftcard-category","embeddable":true,"href":"https:\/\/skinstudio.ee\/lv\/wp-json\/wp\/v2\/giftcard-category?post=51008"}],"curies":[{"name":"wp","href":"https:\/\/api.w.org\/{rel}","templated":true}]}}