{"id":51037,"date":"2025-09-19T11:45:50","date_gmt":"2025-09-19T11:45:50","guid":{"rendered":"https:\/\/skinstudio.ee\/?post_type=product&#038;p=51037"},"modified":"2025-12-30T17:05:12","modified_gmt":"2025-12-30T17:05:12","slug":"cera-moisture-barrier-sun-cream","status":"publish","type":"product","link":"https:\/\/skinstudio.ee\/lv\/catalog\/real-barrier\/cera-moisture-barrier-sun-cream\/","title":{"rendered":"Cera Moisture Barrier Sun Cream"},"content":{"rendered":"<p data-start=\"224\" data-end=\"447\">Real Barrier Cera Moisture Barrier Sun Cream SPF50+ PA++++ ar jaun\u0101s paaudzes \u0137\u012bmiskajiem filtriem ir ide\u0101li piem\u0113rots lieto\u0161anai pils\u0113tvid\u0113 un nodro\u0161ina ilgsto\u0161u aizsardz\u012bbu l\u012bdz pat 12 stund\u0101m bez atk\u0101rtotas uzkl\u0101\u0161anas.<\/p>\n<p data-start=\"449\" data-end=\"695\">Produkts nenoved pie sausuma vai velko\u0161as saj\u016btas, pal\u012bdz uztur\u0113t optim\u0101lu hidrolip\u012bdu l\u012bdzsvaru un nodro\u0161ina atjaunojo\u0161u iedarb\u012bbu. Tas dro\u0161i pasarg\u0101 no kait\u012bg\u0101 UV starojuma, pal\u012bdz nov\u0113rst hiperpigment\u0101ciju un saglab\u0101 \u0101das jaunekl\u012bgu izskatu.<\/p>\n<p data-start=\"697\" data-end=\"927\">Kr\u0113ms veido barjeru, kas notur nepiecie\u0161amo mitruma l\u012bmeni epiderm\u0101. 65% no formulas sast\u0101v no mitrino\u0161as esences, kas nomierina aps\u0101rtumu un sniedz t\u016bl\u012bt\u0113ju komfortu. Viegl\u0101 kr\u0113mveida tekst\u016bra \u0101tri ies\u016bcas un neatst\u0101j lip\u012bgumu.<\/p>\n<p data-start=\"929\" data-end=\"1053\">Satur fotostabilus jaun\u0101s paaudzes UV filtrus, kas ir \u013coti notur\u012bgi un ilglaic\u012bgi, t\u0101d\u0113\u013c nav nepiecie\u0161ama bie\u017ea uzkl\u0101\u0161ana:<\/p>\n<ul data-start=\"1054\" data-end=\"1355\">\n<li data-start=\"1054\" data-end=\"1146\">\n<p data-start=\"1056\" data-end=\"1146\"><strong data-start=\"1056\" data-end=\"1118\">Uvinul A Plus (Diethylamino Hydroxybenzoyl Hexyl Benzoate)<\/strong> aizsarg\u0101 pret UVA stariem<\/p>\n<\/li>\n<li data-start=\"1147\" data-end=\"1215\">\n<p data-start=\"1149\" data-end=\"1215\"><strong data-start=\"1149\" data-end=\"1187\">Uvinul T 150 (Ethylhexyl Triazone)<\/strong> aizsarg\u0101 pret UVB stariem<\/p>\n<\/li>\n<li data-start=\"1216\" data-end=\"1355\">\n<p data-start=\"1218\" data-end=\"1355\"><strong data-start=\"1218\" data-end=\"1286\">Tinosorb M (Methylene Bis-Benzotriazolyl Tetramethylbutylphenol)<\/strong> aizsarg\u0101 gan pret UVA, gan UVB, absorb\u0113jot un atstarojot starojumu<\/p>\n<\/li>\n<\/ul>\n<p data-start=\"1357\" data-end=\"1377\"><strong data-start=\"1357\" data-end=\"1375\">Tilpums: 50 ml<\/strong><\/p>\n","protected":false},"excerpt":{"rendered":"<p data-start=\"1726\" data-end=\"1799\">Mitrino\u0161s saules aizsargkr\u0113ms ar keram\u012bdiem \u0101das barjeras stiprin\u0101\u0161anai<\/p>\n<h2 data-start=\"1801\" data-end=\"2105\"><strong data-start=\"1801\" data-end=\"1860\">Real Barrier &#8211; Cera Moisture Barrier Sun Cream \u012bpa\u0161\u012bbas<\/strong><\/h2>\n<p data-start=\"1801\" data-end=\"2105\">\u2714\ufe0f Augsta SPF50+ aizsardz\u012bba pret UVA un UVB stariem<br data-start=\"1915\" data-end=\"1918\" \/>\u2714\ufe0f Stiprina un atjauno \u0101das barjeru ar keram\u012bdiem<br data-start=\"1967\" data-end=\"1970\" \/>\u2714\ufe0f Uztur optim\u0101lu mitruma l\u012bmeni<br data-start=\"2002\" data-end=\"2005\" \/>\u2714\ufe0f Nov\u0113r\u0161 sausumu un kairin\u0101jumu saules ietekm\u0113<br data-start=\"2052\" data-end=\"2055\" \/>\u2714\ufe0f Viegl\u0101 tekst\u016bra bez baltas k\u0101rtas un lip\u012bguma<\/p>\n","protected":false},"featured_media":66790,"template":"","meta":[],"pwb-brand":[713],"product_brand":[],"product_cat":[731],"product_tag":[],"giftcard-category":[],"class_list":{"0":"post-51037","1":"product","2":"type-product","3":"status-publish","4":"has-post-thumbnail","6":"pwb-brand-real-barrier","7":"product_cat-spf-aizsardziba","9":"first","10":"instock","11":"taxable","12":"shipping-taxable","13":"purchasable","14":"product-type-simple"},"acf":[],"brands":[{"id":713,"name":"Real Barrier","slug":"real-barrier"}],"_links":{"self":[{"href":"https:\/\/skinstudio.ee\/lv\/wp-json\/wp\/v2\/product\/51037","targetHints":{"allow":["GET"]}}],"collection":[{"href":"https:\/\/skinstudio.ee\/lv\/wp-json\/wp\/v2\/product"}],"about":[{"href":"https:\/\/skinstudio.ee\/lv\/wp-json\/wp\/v2\/types\/product"}],"version-history":[{"count":0,"href":"https:\/\/skinstudio.ee\/lv\/wp-json\/wp\/v2\/product\/51037\/revisions"}],"wp:featuredmedia":[{"embeddable":true,"href":"https:\/\/skinstudio.ee\/lv\/wp-json\/wp\/v2\/media\/66790"}],"wp:attachment":[{"href":"https:\/\/skinstudio.ee\/lv\/wp-json\/wp\/v2\/media?parent=51037"}],"wp:term":[{"taxonomy":"pwb-brand","embeddable":true,"href":"https:\/\/skinstudio.ee\/lv\/wp-json\/wp\/v2\/pwb-brand?post=51037"},{"taxonomy":"product_brand","embeddable":true,"href":"https:\/\/skinstudio.ee\/lv\/wp-json\/wp\/v2\/product_brand?post=51037"},{"taxonomy":"product_cat","embeddable":true,"href":"https:\/\/skinstudio.ee\/lv\/wp-json\/wp\/v2\/product_cat?post=51037"},{"taxonomy":"product_tag","embeddable":true,"href":"https:\/\/skinstudio.ee\/lv\/wp-json\/wp\/v2\/product_tag?post=51037"},{"taxonomy":"giftcard-category","embeddable":true,"href":"https:\/\/skinstudio.ee\/lv\/wp-json\/wp\/v2\/giftcard-category?post=51037"}],"curies":[{"name":"wp","href":"https:\/\/api.w.org\/{rel}","templated":true}]}}