{"id":51064,"date":"2025-09-19T11:59:10","date_gmt":"2025-09-19T11:59:10","guid":{"rendered":"https:\/\/skinstudio.ee\/?post_type=product&#038;p=51064"},"modified":"2025-12-30T17:05:13","modified_gmt":"2025-12-30T17:05:13","slug":"cica-green-tone-up-sun-cream","status":"publish","type":"product","link":"https:\/\/skinstudio.ee\/lv\/catalog\/real-barrier\/cica-green-tone-up-sun-cream\/","title":{"rendered":"Cica Green Tone-Up Sun Cream"},"content":{"rendered":"<p data-start=\"138\" data-end=\"389\">Aizsarg\u0101jiet savu \u0101du no priek\u0161laic\u012bgas noveco\u0161an\u0101s un citiem boj\u0101jumiem, ko izraisa saules starojums. Sejas maig\u0101 \u0101da ir daudz jut\u012bg\u0101ka nek\u0101 p\u0101r\u0113j\u0101 \u0137erme\u0146a \u0101da un visu gadu pak\u013cauta UV stariem \u2013 t\u0101p\u0113c ir \u013coti svar\u012bgi par t\u0101s aizsardz\u012bbu neaizmirst.<\/p>\n<p data-start=\"391\" data-end=\"638\">Real Barrier Cica Green Tone-Up Sun Cream miner\u0101lais UV filtrs izveido barjeru, kas efekt\u012bvi pasarg\u0101 \u0101du no ultraviolet\u0101 starojuma un pal\u012bdz nov\u0113rst apdegumus, pigmenta plankumus, elast\u012bbas un kolag\u0113na zudumu, k\u0101 ar\u012b citus noveco\u0161an\u0101s simptomus.<\/p>\n<p data-start=\"640\" data-end=\"659\"><strong data-start=\"640\" data-end=\"657\">Tilpums: 50 ml<\/strong><\/p>\n","protected":false},"excerpt":{"rendered":"<p data-start=\"873\" data-end=\"913\">Ton\u0101ls saules aizsargkr\u0113ms ar centellu<\/p>\n<h2 data-start=\"915\" data-end=\"1214\"><strong data-start=\"915\" data-end=\"971\">Real Barrier &#8211; Cica Green Tone-Up Sun Cream \u012bpa\u0161\u012bbas<\/strong><\/h2>\n<p data-start=\"915\" data-end=\"1214\">\u2714\ufe0f Efekt\u012bva aizsardz\u012bba pret UVA un UVB stariem<br data-start=\"1021\" data-end=\"1024\" \/>\u2714\ufe0f Nomierina kairin\u0101jumu un mazina aps\u0101rtumu<br data-start=\"1068\" data-end=\"1071\" \/>\u2714\ufe0f M\u012bkstina un uzlabo \u0101das tekst\u016bru<br data-start=\"1106\" data-end=\"1109\" \/>\u2714\ufe0f Nodro\u0161ina mitrin\u0101\u0161anu un baro\u0161anu visas dienas garum\u0101<br data-start=\"1165\" data-end=\"1168\" \/>\u2714\ufe0f Viegli uzkl\u0101jams, neatst\u0101j taukainu k\u0101rtu<\/p>\n","protected":false},"featured_media":66795,"template":"","meta":[],"pwb-brand":[713],"product_brand":[],"product_cat":[731],"product_tag":[],"giftcard-category":[],"class_list":{"0":"post-51064","1":"product","2":"type-product","3":"status-publish","4":"has-post-thumbnail","6":"pwb-brand-real-barrier","7":"product_cat-spf-aizsardziba","9":"first","10":"instock","11":"taxable","12":"shipping-taxable","13":"purchasable","14":"product-type-simple"},"acf":[],"brands":[{"id":713,"name":"Real Barrier","slug":"real-barrier"}],"_links":{"self":[{"href":"https:\/\/skinstudio.ee\/lv\/wp-json\/wp\/v2\/product\/51064","targetHints":{"allow":["GET"]}}],"collection":[{"href":"https:\/\/skinstudio.ee\/lv\/wp-json\/wp\/v2\/product"}],"about":[{"href":"https:\/\/skinstudio.ee\/lv\/wp-json\/wp\/v2\/types\/product"}],"version-history":[{"count":0,"href":"https:\/\/skinstudio.ee\/lv\/wp-json\/wp\/v2\/product\/51064\/revisions"}],"wp:featuredmedia":[{"embeddable":true,"href":"https:\/\/skinstudio.ee\/lv\/wp-json\/wp\/v2\/media\/66795"}],"wp:attachment":[{"href":"https:\/\/skinstudio.ee\/lv\/wp-json\/wp\/v2\/media?parent=51064"}],"wp:term":[{"taxonomy":"pwb-brand","embeddable":true,"href":"https:\/\/skinstudio.ee\/lv\/wp-json\/wp\/v2\/pwb-brand?post=51064"},{"taxonomy":"product_brand","embeddable":true,"href":"https:\/\/skinstudio.ee\/lv\/wp-json\/wp\/v2\/product_brand?post=51064"},{"taxonomy":"product_cat","embeddable":true,"href":"https:\/\/skinstudio.ee\/lv\/wp-json\/wp\/v2\/product_cat?post=51064"},{"taxonomy":"product_tag","embeddable":true,"href":"https:\/\/skinstudio.ee\/lv\/wp-json\/wp\/v2\/product_tag?post=51064"},{"taxonomy":"giftcard-category","embeddable":true,"href":"https:\/\/skinstudio.ee\/lv\/wp-json\/wp\/v2\/giftcard-category?post=51064"}],"curies":[{"name":"wp","href":"https:\/\/api.w.org\/{rel}","templated":true}]}}