{"id":51090,"date":"2025-09-19T12:07:33","date_gmt":"2025-09-19T12:07:33","guid":{"rendered":"https:\/\/skinstudio.ee\/?post_type=product&#038;p=51090"},"modified":"2026-04-03T09:35:19","modified_gmt":"2026-04-03T09:35:19","slug":"fresh-2-in-1","status":"publish","type":"product","link":"https:\/\/skinstudio.ee\/lv\/catalog\/atopalm\/fresh-2-in-1\/","title":{"rendered":"Fresh 2 IN 1 Shampoo"},"content":{"rendered":"<p data-start=\"112\" data-end=\"456\">Atopalm Fresh 2 in 1 Shampoo Kids ar kokosriekstu putas b\u0101zi maigi att\u012bra galvas \u0101du no sviedriem un net\u012brumiem. Formula ar argana e\u013c\u013cu un biot\u012bnu baro matus, padarot tos z\u012bdainus un viegli \u0137emm\u0113jamus, nov\u0113r\u0161ot same\u0161anos. Produkts ir ide\u0101li piem\u0113rots b\u0113rniem ar jut\u012bgu galvas \u0101du, kas pak\u013cauta p\u0101rm\u0113r\u012bgai sv\u012b\u0161anai un matu same\u0161an\u0101s probl\u0113m\u0101m.<\/p>\n<p data-start=\"458\" data-end=\"479\"><strong data-start=\"458\" data-end=\"477\">Tilpums: 460 ml<\/strong><\/p>\n","protected":false},"excerpt":{"rendered":"<p data-start=\"554\" data-end=\"599\">Maigs \u0161amp\u016bns-kondicionieris 2 in 1 b\u0113rniem<\/p>\n<h2 data-start=\"601\" data-end=\"844\"><strong data-start=\"601\" data-end=\"636\">Atopalm &#8211; Fresh 2 in 1 Shampoo \u012apa\u0161\u012bbas<\/strong><\/h2>\n<p data-start=\"601\" data-end=\"844\">\u2714\ufe0f Maigi att\u012bra matus un galvas \u0101du bez kairin\u0101juma<br data-start=\"690\" data-end=\"693\" \/>\u2714\ufe0f Baro un stiprina b\u0113rnu matus<br data-start=\"724\" data-end=\"727\" \/>\u2714\ufe0f Saglab\u0101 dabisko pH l\u012bdzsvaru<br data-start=\"758\" data-end=\"761\" \/>\u2714\ufe0f Nomierina, mitrina un aizsarg\u0101 galvas \u0101du<br data-start=\"805\" data-end=\"808\" \/>\u2714\ufe0f Dro\u0161a formula, neizraisa asaras<\/p>\n","protected":false},"featured_media":65537,"template":"","meta":[],"pwb-brand":[701],"product_brand":[],"product_cat":[1191,762],"product_tag":[],"giftcard-category":[],"class_list":{"0":"post-51090","1":"product","2":"type-product","3":"status-publish","4":"has-post-thumbnail","6":"pwb-brand-atopalm","7":"product_cat-berniem","8":"product_cat-matu-kopsana","10":"first","11":"instock","12":"taxable","13":"shipping-taxable","14":"purchasable","15":"product-type-simple"},"acf":[],"brands":[{"id":701,"name":"Atopalm","slug":"atopalm"}],"_links":{"self":[{"href":"https:\/\/skinstudio.ee\/lv\/wp-json\/wp\/v2\/product\/51090","targetHints":{"allow":["GET"]}}],"collection":[{"href":"https:\/\/skinstudio.ee\/lv\/wp-json\/wp\/v2\/product"}],"about":[{"href":"https:\/\/skinstudio.ee\/lv\/wp-json\/wp\/v2\/types\/product"}],"version-history":[{"count":0,"href":"https:\/\/skinstudio.ee\/lv\/wp-json\/wp\/v2\/product\/51090\/revisions"}],"wp:featuredmedia":[{"embeddable":true,"href":"https:\/\/skinstudio.ee\/lv\/wp-json\/wp\/v2\/media\/65537"}],"wp:attachment":[{"href":"https:\/\/skinstudio.ee\/lv\/wp-json\/wp\/v2\/media?parent=51090"}],"wp:term":[{"taxonomy":"pwb-brand","embeddable":true,"href":"https:\/\/skinstudio.ee\/lv\/wp-json\/wp\/v2\/pwb-brand?post=51090"},{"taxonomy":"product_brand","embeddable":true,"href":"https:\/\/skinstudio.ee\/lv\/wp-json\/wp\/v2\/product_brand?post=51090"},{"taxonomy":"product_cat","embeddable":true,"href":"https:\/\/skinstudio.ee\/lv\/wp-json\/wp\/v2\/product_cat?post=51090"},{"taxonomy":"product_tag","embeddable":true,"href":"https:\/\/skinstudio.ee\/lv\/wp-json\/wp\/v2\/product_tag?post=51090"},{"taxonomy":"giftcard-category","embeddable":true,"href":"https:\/\/skinstudio.ee\/lv\/wp-json\/wp\/v2\/giftcard-category?post=51090"}],"curies":[{"name":"wp","href":"https:\/\/api.w.org\/{rel}","templated":true}]}}