{"id":51175,"date":"2025-09-19T13:18:56","date_gmt":"2025-09-19T13:18:56","guid":{"rendered":"https:\/\/skinstudio.ee\/?post_type=product&#038;p=51175"},"modified":"2026-03-16T14:45:51","modified_gmt":"2026-03-16T14:45:51","slug":"mgf-age-renewal-cream","status":"publish","type":"product","link":"https:\/\/skinstudio.ee\/lv\/catalog\/pca-skin\/mgf-age-renewal-cream\/","title":{"rendered":"MGF Age Renewal Cream"},"content":{"rendered":"<p data-start=\"170\" data-end=\"518\"><strong>PCA Skin MGF<\/strong> Age Renewal Cream ir inovat\u012bvs jaun\u0101s paaudzes produkts, izstr\u0101d\u0101ts ar Micro Growth Factor (MGF) tehnolo\u0123iju. Unik\u0101lais mikroaug\u0161anas faktoru komplekss iedarbojas dzi\u013c\u0101kajos \u0101das sl\u0101\u0146os, stimul\u0113jot kolag\u0113na un elast\u012bna sint\u0113zi, pal\u012bdzot ne tikai pal\u0113nin\u0101t noveco\u0161an\u0101s procesus, bet ar\u012b atjaunot \u0101das jaunekl\u012bgo strukt\u016bru un elast\u012bbu.<\/p>\n<p data-start=\"520\" data-end=\"788\">Formula atjauno dabiskos mitrin\u0101\u0161anas un mitruma notur\u0113\u0161anas meh\u0101nismus, aktiviz\u0113 \u0161\u016bnu re\u0123ener\u0101ciju un stiprina \u0101das aizsargbarjeru. Jau p\u0113c pirmaj\u0101m lieto\u0161anas reiz\u0113m \u0101da k\u013c\u016bst stingr\u0101ka, elast\u012bg\u0101ka un mirdzo\u0161\u0101ka; grumbas samazin\u0101s, un sejas ov\u0101ls k\u013c\u016bst izteikt\u0101ks.<\/p>\n<p data-start=\"790\" data-end=\"1028\"><strong data-start=\"790\" data-end=\"823\">Kl\u012bniski pier\u0101d\u012bti rezult\u0101ti:<\/strong><\/p>\n<ul>\n<li data-start=\"790\" data-end=\"1028\">l\u012bdz 60% liftinga efekts un \u0101das elast\u012bbas uzlabo\u0161an\u0101s<\/li>\n<li data-start=\"790\" data-end=\"1028\">l\u012bdz 40% grumbu dzi\u013cuma samazin\u0101\u0161an\u0101s<\/li>\n<li data-start=\"790\" data-end=\"1028\">l\u012bdz 58% \u0101das apjoma atjauno\u0161an\u0101s<\/li>\n<li data-start=\"790\" data-end=\"1028\">paman\u0101ma \u0101das toni izl\u012bdzin\u0101\u0161ana un t\u016bl\u012bt\u0113ja savilk\u0161ana<\/li>\n<\/ul>\n<p data-start=\"1030\" data-end=\"1050\"><strong data-start=\"1030\" data-end=\"1048\">Tilpums: <span data-sheets-root=\"1\">8,9 ml \/ <\/span>50 g<\/strong><\/p>\n","protected":false},"excerpt":{"rendered":"<p data-start=\"1246\" data-end=\"1284\">Atjaunojo\u0161s kr\u0113ms ar MGF tehnolo\u0123iju<\/p>\n<h2 data-start=\"1286\" data-end=\"1329\">PCA Skin &#8211; MGF Age Renewal Cream \u012bpa\u0161\u012bbas<\/h2>\n<p data-start=\"1331\" data-end=\"1567\">\u2714\ufe0f Stimul\u0113 kolag\u0113na un elast\u012bna ra\u017eo\u0161anu \u0101das stingr\u012bbai.<br data-start=\"1388\" data-end=\"1391\" \/>\u2714\ufe0f Dzi\u013ci mitrina un atjauno \u0101das aizsargbarjeru.<br data-start=\"1439\" data-end=\"1442\" \/>\u2714\ufe0f Samazina grumbas un uzlabo \u0101das toni.<br data-start=\"1482\" data-end=\"1485\" \/>\u2714\ufe0f Atjauno sejas apjomu un kont\u016bras.<br data-start=\"1521\" data-end=\"1524\" \/>\u2714\ufe0f Nodro\u0161ina redzamu mirdzumu un gludumu.<\/p>\n","protected":false},"featured_media":64139,"template":"","meta":[],"pwb-brand":[1249],"product_brand":[],"product_cat":[737,749,739,753],"product_tag":[],"giftcard-category":[],"class_list":{"0":"post-51175","1":"product","2":"type-product","3":"status-publish","4":"has-post-thumbnail","6":"pwb-brand-pca-skin","7":"product_cat-mitrinasana","8":"product_cat-novecojosa-ada","9":"product_cat-sausai-adai","10":"product_cat-travel-size-lv","11":"pa_suurus-50g-lv","12":"pa_suurus-8-9ml-lv","14":"first","15":"instock","16":"taxable","17":"shipping-taxable","18":"purchasable","19":"product-type-variable"},"acf":[],"brands":[{"id":1249,"name":"PCA Skin","slug":"pca-skin"}],"_links":{"self":[{"href":"https:\/\/skinstudio.ee\/lv\/wp-json\/wp\/v2\/product\/51175","targetHints":{"allow":["GET"]}}],"collection":[{"href":"https:\/\/skinstudio.ee\/lv\/wp-json\/wp\/v2\/product"}],"about":[{"href":"https:\/\/skinstudio.ee\/lv\/wp-json\/wp\/v2\/types\/product"}],"version-history":[{"count":1,"href":"https:\/\/skinstudio.ee\/lv\/wp-json\/wp\/v2\/product\/51175\/revisions"}],"predecessor-version":[{"id":86324,"href":"https:\/\/skinstudio.ee\/lv\/wp-json\/wp\/v2\/product\/51175\/revisions\/86324"}],"wp:featuredmedia":[{"embeddable":true,"href":"https:\/\/skinstudio.ee\/lv\/wp-json\/wp\/v2\/media\/64139"}],"wp:attachment":[{"href":"https:\/\/skinstudio.ee\/lv\/wp-json\/wp\/v2\/media?parent=51175"}],"wp:term":[{"taxonomy":"pwb-brand","embeddable":true,"href":"https:\/\/skinstudio.ee\/lv\/wp-json\/wp\/v2\/pwb-brand?post=51175"},{"taxonomy":"product_brand","embeddable":true,"href":"https:\/\/skinstudio.ee\/lv\/wp-json\/wp\/v2\/product_brand?post=51175"},{"taxonomy":"product_cat","embeddable":true,"href":"https:\/\/skinstudio.ee\/lv\/wp-json\/wp\/v2\/product_cat?post=51175"},{"taxonomy":"product_tag","embeddable":true,"href":"https:\/\/skinstudio.ee\/lv\/wp-json\/wp\/v2\/product_tag?post=51175"},{"taxonomy":"giftcard-category","embeddable":true,"href":"https:\/\/skinstudio.ee\/lv\/wp-json\/wp\/v2\/giftcard-category?post=51175"}],"curies":[{"name":"wp","href":"https:\/\/api.w.org\/{rel}","templated":true}]}}