{"id":51205,"date":"2025-09-19T13:38:42","date_gmt":"2025-09-19T13:38:42","guid":{"rendered":"https:\/\/skinstudio.ee\/?post_type=product&#038;p=51205"},"modified":"2026-02-13T15:27:30","modified_gmt":"2026-02-13T15:27:30","slug":"hyalogy-p-effect-washing-for-men","status":"publish","type":"product","link":"https:\/\/skinstudio.ee\/lv\/catalog\/forlled\/hyalogy-p-effect-washing-for-men\/","title":{"rendered":"Hyalogy P-effect Washing For Men"},"content":{"rendered":"<p data-start=\"118\" data-end=\"773\">Maiga putojo\u0161a t\u012br\u012b\u0161anas l\u012bdzeklis ir izgatavots uz mirist\u012bnsk\u0101bes (hidroliz\u0113tas kokosriekstu un palmu kodolu e\u013c\u013cas) b\u0101zes. Tas no\u0146em \u016bden\u012b \u0161\u0137\u012bsto\u0161os net\u012brumus, piem\u012bt pretiekaisuma un dzied\u0113jo\u0161a iedarb\u012bba, nesaboj\u0101 hidrolip\u012bdu sl\u0101ni, aktiviz\u0113 mikrocirkul\u0101ciju un sagatavo \u0101du turpm\u0101kajiem kop\u0161anas l\u012bdzek\u013ciem. Paredz\u0113ts norm\u0101lai un kombin\u0113tai \u0101dai. Ide\u0101li piem\u0113rots sk\u016b\u0161anai barbershop\u0101. At\u0161\u0137ir\u012bb\u0101 no citiem sk\u016b\u0161an\u0101s l\u012bdzek\u013ciem \u0161\u012bs putas pirms lieto\u0161anas j\u0101uzputo ar oti\u0146u (v\u0113lams speci\u0101l\u0101 b\u013cod\u0101 vai kr\u016bz\u0113). \u0160\u0101d\u0101 veid\u0101 ieg\u016bt\u0101s putas p\u0101rsp\u0113j balona putas gan tekst\u016bras, gan asme\u0146u sl\u012bdes zi\u0146\u0101. Mitrina, baro \u0101du un neboj\u0101 profesion\u0101los skuvek\u013cu asme\u0146us.<\/p>\n<p data-start=\"775\" data-end=\"795\"><strong data-start=\"775\" data-end=\"793\">Tilpums: 200 g<\/strong><\/p>\n","protected":false},"excerpt":{"rendered":"<p data-start=\"1025\" data-end=\"1052\">T\u012br\u012b\u0161anas putas v\u012brie\u0161iem<\/p>\n<h2 data-start=\"1054\" data-end=\"1288\"><strong data-start=\"1054\" data-end=\"1110\">Forlle\u2019d &#8211; Hyalogy P-effect Washing For Men \u012bpa\u0161\u012bbas<\/strong><\/h2>\n<p data-start=\"1054\" data-end=\"1288\">\u2714\ufe0f Efekt\u012bvi no\u0146em net\u012brumus un liekos taukus<br data-start=\"1157\" data-end=\"1160\" \/>\u2714\ufe0f Nov\u0113r\u0161 sausumu un savilkuma saj\u016btu<br data-start=\"1197\" data-end=\"1200\" \/>\u2714\ufe0f Nomierina kairin\u0101jumu un mazina iekaisumu<br data-start=\"1244\" data-end=\"1247\" \/>\u2714\ufe0f Uzlabo mikrocirkul\u0101ciju un \u0101das toni<\/p>\n","protected":false},"featured_media":64395,"template":"","meta":[],"pwb-brand":[776],"product_brand":[],"product_cat":[715,745],"product_tag":[],"giftcard-category":[],"class_list":{"0":"post-51205","1":"product","2":"type-product","3":"status-publish","4":"has-post-thumbnail","6":"pwb-brand-forlled","7":"product_cat-attirisana","8":"product_cat-jutigai-adai","10":"first","11":"instock","12":"taxable","13":"shipping-taxable","14":"purchasable","15":"product-type-simple"},"acf":[],"brands":[{"id":776,"name":"Forlled","slug":"forlled"}],"_links":{"self":[{"href":"https:\/\/skinstudio.ee\/lv\/wp-json\/wp\/v2\/product\/51205","targetHints":{"allow":["GET"]}}],"collection":[{"href":"https:\/\/skinstudio.ee\/lv\/wp-json\/wp\/v2\/product"}],"about":[{"href":"https:\/\/skinstudio.ee\/lv\/wp-json\/wp\/v2\/types\/product"}],"version-history":[{"count":0,"href":"https:\/\/skinstudio.ee\/lv\/wp-json\/wp\/v2\/product\/51205\/revisions"}],"wp:featuredmedia":[{"embeddable":true,"href":"https:\/\/skinstudio.ee\/lv\/wp-json\/wp\/v2\/media\/64395"}],"wp:attachment":[{"href":"https:\/\/skinstudio.ee\/lv\/wp-json\/wp\/v2\/media?parent=51205"}],"wp:term":[{"taxonomy":"pwb-brand","embeddable":true,"href":"https:\/\/skinstudio.ee\/lv\/wp-json\/wp\/v2\/pwb-brand?post=51205"},{"taxonomy":"product_brand","embeddable":true,"href":"https:\/\/skinstudio.ee\/lv\/wp-json\/wp\/v2\/product_brand?post=51205"},{"taxonomy":"product_cat","embeddable":true,"href":"https:\/\/skinstudio.ee\/lv\/wp-json\/wp\/v2\/product_cat?post=51205"},{"taxonomy":"product_tag","embeddable":true,"href":"https:\/\/skinstudio.ee\/lv\/wp-json\/wp\/v2\/product_tag?post=51205"},{"taxonomy":"giftcard-category","embeddable":true,"href":"https:\/\/skinstudio.ee\/lv\/wp-json\/wp\/v2\/giftcard-category?post=51205"}],"curies":[{"name":"wp","href":"https:\/\/api.w.org\/{rel}","templated":true}]}}