{"id":51221,"date":"2025-09-19T13:47:25","date_gmt":"2025-09-19T13:47:25","guid":{"rendered":"https:\/\/skinstudio.ee\/?post_type=product&#038;p=51221"},"modified":"2026-02-13T15:27:25","modified_gmt":"2026-02-13T15:27:25","slug":"hyalogy-lotion-for-men","status":"publish","type":"product","link":"https:\/\/skinstudio.ee\/lv\/catalog\/forlled\/hyalogy-lotion-for-men\/","title":{"rendered":"Hyalogy Lotion For Men"},"content":{"rendered":"<p data-start=\"115\" data-end=\"458\">Forlle\u2019d Hyalogy Lotion For Men ir izstr\u0101d\u0101ts, apvienojot jaun\u0101kos nanotehnolo\u0123ijas sasniegumus ar tradicion\u0101li Jap\u0101nas kosmetolo\u0123ij\u0101 izmantotajiem augu ekstraktiem, lai atjaunotu un re\u0123ener\u0113tu boj\u0101tu v\u012brie\u0161u \u0101du. Produkts samazina kairin\u0101jumu un niezi, veicina sk\u016b\u0161an\u0101s laik\u0101 radu\u0161os nelielu griezumu dz\u012b\u0161anu, mazina aps\u0101rtumu un lob\u012b\u0161anos.<\/p>\n<p data-start=\"460\" data-end=\"481\"><strong data-start=\"460\" data-end=\"479\">Tilpums: 100 ml<\/strong><\/p>\n","protected":false},"excerpt":{"rendered":"<p data-start=\"710\" data-end=\"739\">Mitrino\u0161s losjons v\u012brie\u0161iem<\/p>\n<h2 data-start=\"741\" data-end=\"990\"><strong data-start=\"741\" data-end=\"787\">Forlle\u2019d &#8211; Hyalogy Lotion For Men \u012bpa\u0161\u012bbas<\/strong><\/h2>\n<p data-start=\"741\" data-end=\"990\">\u2714\ufe0f Dzi\u013ci mitrina un nov\u0113r\u0161 sausumu<br data-start=\"824\" data-end=\"827\" \/>\u2714\ufe0f Nomierina p\u0113c sk\u016b\u0161an\u0101s un mazina kairin\u0101jumu<br data-start=\"874\" data-end=\"877\" \/>\u2714\ufe0f Uzlabo \u0101das elast\u012bbu un tvirtumu<br data-start=\"912\" data-end=\"915\" \/>\u2714\ufe0f Atjauno aizsargbarjeru<br data-start=\"940\" data-end=\"943\" \/>\u2714\ufe0f Piem\u0113rots ikdienas \u0101das kop\u0161anai v\u012brie\u0161iem<\/p>\n","protected":false},"featured_media":64390,"template":"","meta":[],"pwb-brand":[776],"product_brand":[],"product_cat":[737],"product_tag":[],"giftcard-category":[],"class_list":{"0":"post-51221","1":"product","2":"type-product","3":"status-publish","4":"has-post-thumbnail","6":"pwb-brand-forlled","7":"product_cat-mitrinasana","9":"first","10":"instock","11":"taxable","12":"shipping-taxable","13":"purchasable","14":"product-type-simple"},"acf":[],"brands":[{"id":776,"name":"Forlled","slug":"forlled"}],"_links":{"self":[{"href":"https:\/\/skinstudio.ee\/lv\/wp-json\/wp\/v2\/product\/51221","targetHints":{"allow":["GET"]}}],"collection":[{"href":"https:\/\/skinstudio.ee\/lv\/wp-json\/wp\/v2\/product"}],"about":[{"href":"https:\/\/skinstudio.ee\/lv\/wp-json\/wp\/v2\/types\/product"}],"version-history":[{"count":0,"href":"https:\/\/skinstudio.ee\/lv\/wp-json\/wp\/v2\/product\/51221\/revisions"}],"wp:featuredmedia":[{"embeddable":true,"href":"https:\/\/skinstudio.ee\/lv\/wp-json\/wp\/v2\/media\/64390"}],"wp:attachment":[{"href":"https:\/\/skinstudio.ee\/lv\/wp-json\/wp\/v2\/media?parent=51221"}],"wp:term":[{"taxonomy":"pwb-brand","embeddable":true,"href":"https:\/\/skinstudio.ee\/lv\/wp-json\/wp\/v2\/pwb-brand?post=51221"},{"taxonomy":"product_brand","embeddable":true,"href":"https:\/\/skinstudio.ee\/lv\/wp-json\/wp\/v2\/product_brand?post=51221"},{"taxonomy":"product_cat","embeddable":true,"href":"https:\/\/skinstudio.ee\/lv\/wp-json\/wp\/v2\/product_cat?post=51221"},{"taxonomy":"product_tag","embeddable":true,"href":"https:\/\/skinstudio.ee\/lv\/wp-json\/wp\/v2\/product_tag?post=51221"},{"taxonomy":"giftcard-category","embeddable":true,"href":"https:\/\/skinstudio.ee\/lv\/wp-json\/wp\/v2\/giftcard-category?post=51221"}],"curies":[{"name":"wp","href":"https:\/\/api.w.org\/{rel}","templated":true}]}}